{"id":639266,"date":"2023-05-16T17:58:01","date_gmt":"2023-05-16T17:58:01","guid":{"rendered":"https:\/\/neuvee.com\/?post_type=product&#038;p=639266"},"modified":"2025-05-19T14:13:43","modified_gmt":"2025-05-19T14:13:43","slug":"farming-simulator-17-kuhn-equipment-pack-steam","status":"publish","type":"product","link":"https:\/\/neuvee.com\/pl\/product\/farming-simulator-17-kuhn-equipment-pack-steam\/","title":{"rendered":"FARMING SIMULATOR 17 &#8211; KUHN EQUIPMENT PACK (STEAM)"},"content":{"rendered":"<p>Powi\u0119ksz sw\u00f3j asortyment maszyn rolniczych, kupuj\u0105c nowe oficjalne rozszerzenie do gry Farming Simulator 17! Ten dodatek DLC zawiera 18 nowych element\u00f3w wyposa\u017cenia produkcji firmy KUHN:<br \/>\n&#8211; KUHN AXIS 40.2 M-EMC &#8211; W \u2013 Fertilizer spreader<br \/>\n&#8211; KUHN BTF 4000 \u2013 Sowing Machine<br \/>\n&#8211; KUHN DC 401 &#8211; Cultivator<br \/>\n&#8211; KUHN DELTIS 1302 MEA3 \u2013 Sprayer<br \/>\n&#8211; KUHN DISCOLANDER XM 52 \u2013 Cultivator<br \/>\n&#8211; KUHN ESPRO 3000 \u2013 Sowing Machine<br \/>\n&#8211; KUHN FBP 3135 \u2013 Baler<br \/>\n&#8211; KUHN GF 8702 \u2013 Tedder<br \/>\n&#8211; KUHN GMD 4411 \u2013 Mower<br \/>\n&#8211; KUHN HR 4004 \u2013 Cultivator<br \/>\n&#8211; KUHN LSB 1290 D \u2013 Baler<br \/>\n&#8211; KUHN MERGE MAXX 902 \u2013 Windrower<br \/>\n&#8211; KUHN METRIS 4102\u2013 Sprayer<br \/>\n&#8211; KUHN PERFORMER 4000 \u2013 Cultivator<br \/>\n&#8211; KUHN PF 1500 \u2013 Sprayer Front Tank<br \/>\n&#8211; KUHN PLANTER 3R 12 \u2013 Sowing Machine<br \/>\n&#8211; KUHN SW 4014 AutoLoad \u2013 Bale wrapper<br \/>\n&#8211; KUHN TF 1500 \u2013 Sowing Machine Front Tank Po pobraniu dodatkowa zawarto\u015b\u0107 b\u0119dzie dost\u0119pna w sklepie gry. Aby j\u0105 kupi\u0107, musisz posiada\u0107 odpowiedni\u0105 ilo\u015b\u0107 waluty wykorzystywanej w grze!<br \/>\n<\/p>","protected":false},"excerpt":{"rendered":"<p>Powi\u0119ksz sw\u00f3j asortyment maszyn rolniczych, kupuj\u0105c nowe oficjalne rozszerzenie do gry Farming Simulator 17! Ten dodatek DLC zawiera 18 nowych element\u00f3w wyposa\u017cenia produkcji firmy KUHN: &#8211; KUHN AXIS 40.2 M-EMC &#8211; W \u2013 Fertilizer spreader &#8211; KUHN BTF 4000 \u2013 Sowing Machine &#8211; KUHN DC 401 &#8211; Cultivator &#8211; KUHN DELTIS 1302 MEA3 \u2013 Sprayer [&hellip;]<\/p>\n","protected":false},"featured_media":649101,"comment_status":"closed","ping_status":"closed","template":"","meta":{"ub_ctt_via":""},"product_cat":[78],"product_tag":[218],"class_list":["post-639266","product","type-product","status-publish","has-post-thumbnail","hentry","product_cat-simulation","product_tag-games","platform-steam-works"],"_links":{"self":[{"href":"https:\/\/neuvee.com\/pl\/wp-json\/wp\/v2\/product\/639266","targetHints":{"allow":["GET"]}}],"collection":[{"href":"https:\/\/neuvee.com\/pl\/wp-json\/wp\/v2\/product"}],"about":[{"href":"https:\/\/neuvee.com\/pl\/wp-json\/wp\/v2\/types\/product"}],"replies":[{"embeddable":true,"href":"https:\/\/neuvee.com\/pl\/wp-json\/wp\/v2\/comments?post=639266"}],"wp:featuredmedia":[{"embeddable":true,"href":"https:\/\/neuvee.com\/pl\/wp-json\/wp\/v2\/media\/649101"}],"wp:attachment":[{"href":"https:\/\/neuvee.com\/pl\/wp-json\/wp\/v2\/media?parent=639266"}],"wp:term":[{"taxonomy":"product_cat","embeddable":true,"href":"https:\/\/neuvee.com\/pl\/wp-json\/wp\/v2\/product_cat?post=639266"},{"taxonomy":"product_tag","embeddable":true,"href":"https:\/\/neuvee.com\/pl\/wp-json\/wp\/v2\/product_tag?post=639266"}],"curies":[{"name":"wp","href":"https:\/\/api.w.org\/{rel}","templated":true}]}}