{"id":639265,"date":"2023-05-16T17:57:45","date_gmt":"2023-05-16T17:57:45","guid":{"rendered":"https:\/\/neuvee.com\/?post_type=product&#038;p=639265"},"modified":"2025-05-19T13:49:19","modified_gmt":"2025-05-19T13:49:19","slug":"farming-simulator-17-big-bud-pack-steam","status":"publish","type":"product","link":"https:\/\/neuvee.com\/pl\/product\/farming-simulator-17-big-bud-pack-steam\/","title":{"rendered":"FARMING SIMULATOR 17 &#8211; BIG BUD PACK (STEAM)"},"content":{"rendered":"<p>Dzi\u0119ki temu Big Bud Pack zwi\u0119kszysz swoje mo\u017cliwo\u015bci w grze Farming Simulator 17 i&nbsp;zyskasz now\u0105 jako\u015b\u0107 rozgrywki! Poprowad\u017a najwi\u0119kszy ci\u0105gnik rolniczy na \u015bwiecie! Zestaw zawiera 2 traktory BIG BUD, a&nbsp;tak\u017ce kilka olbrzymich element\u00f3w wyposa\u017cenia. Poczuj now\u0105 jako\u015b\u0107 podczas pracy na roli i&nbsp;satysfakcj\u0119 z&nbsp;prowadzenia pot\u0119\u017cnych traktor\u00f3w Big Bud! Zasi\u0105d\u017a za kierownic\u0105 2 wielkich ci\u0105gnik\u00f3w Big Bud i&nbsp;korzystaj z&nbsp;11 nowych element\u00f3w wyposa\u017cenia dostarczonych przez znanych producent\u00f3w, w\u015br\u00f3d kt\u00f3rych s\u0105 takie firmy jak m.in . Bednar, Great Plains, Gr\u00e9goire-Besson oraz&nbsp;Seed Hawk. Big Bud Pack:<br \/>\n&#8211; Big Bud 450 tractor<br \/>\n&#8211; Big Bud 747 tractor<br \/>\n&#8211; AGRISEM Cultiplow Platinum cultivator<br \/>\n&#8211; BEDNAR Swifter SM 18000 cultivator<br \/>\n&#8211; Brent Avalanche 1596 auger wagon<br \/>\n&#8211; Brochard Constructeur EV2200 WR manure spreader<br \/>\n&#8211; Flexi-Coil ST820 cultivator<br \/>\n&#8211; Great Plains YP-2425A planter<br \/>\n&#8211; Gr\u00e9goire-Besson SPSL 9 WR plow<br \/>\n&#8211; Gr\u00e9goire-Besson Trailed Lifter hitch connector<br \/>\n&#8211; Hatzenbichler Terminator TH18 toolbar<br \/>\n&#8211; Hatzenbichler TH1400 Air Cart tank<br \/>\n&#8211; Seed Hawk 980 Air Cart tank<br \/>\n&#8211; Seed Hawk XL Air Drill 84FT toolbar Po pobraniu dodatkowa zawarto\u015b\u0107 b\u0119dzie dost\u0119pna w sklepie gry. Pami\u0119taj, \u017ceby zaoszcz\u0119dzi\u0107 odpowiednio du\u017co waluty do jej zakupu!<br \/>\n<\/p>","protected":false},"excerpt":{"rendered":"<p>Dzi\u0119ki temu Big Bud Pack zwi\u0119kszysz swoje mo\u017cliwo\u015bci w grze Farming Simulator 17 i&nbsp;zyskasz now\u0105 jako\u015b\u0107 rozgrywki! Poprowad\u017a najwi\u0119kszy ci\u0105gnik rolniczy na \u015bwiecie! Zestaw zawiera 2 traktory BIG BUD, a&nbsp;tak\u017ce kilka olbrzymich element\u00f3w wyposa\u017cenia. Poczuj now\u0105 jako\u015b\u0107 podczas pracy na roli i&nbsp;satysfakcj\u0119 z&nbsp;prowadzenia pot\u0119\u017cnych traktor\u00f3w Big Bud! Zasi\u0105d\u017a za kierownic\u0105 2 wielkich ci\u0105gnik\u00f3w Big Bud [&hellip;]<\/p>\n","protected":false},"featured_media":649347,"comment_status":"closed","ping_status":"closed","template":"","meta":{"ub_ctt_via":""},"product_cat":[78],"product_tag":[218],"class_list":["post-639265","product","type-product","status-publish","has-post-thumbnail","hentry","product_cat-simulation","product_tag-games","platform-steam-works"],"_links":{"self":[{"href":"https:\/\/neuvee.com\/pl\/wp-json\/wp\/v2\/product\/639265","targetHints":{"allow":["GET"]}}],"collection":[{"href":"https:\/\/neuvee.com\/pl\/wp-json\/wp\/v2\/product"}],"about":[{"href":"https:\/\/neuvee.com\/pl\/wp-json\/wp\/v2\/types\/product"}],"replies":[{"embeddable":true,"href":"https:\/\/neuvee.com\/pl\/wp-json\/wp\/v2\/comments?post=639265"}],"wp:featuredmedia":[{"embeddable":true,"href":"https:\/\/neuvee.com\/pl\/wp-json\/wp\/v2\/media\/649347"}],"wp:attachment":[{"href":"https:\/\/neuvee.com\/pl\/wp-json\/wp\/v2\/media?parent=639265"}],"wp:term":[{"taxonomy":"product_cat","embeddable":true,"href":"https:\/\/neuvee.com\/pl\/wp-json\/wp\/v2\/product_cat?post=639265"},{"taxonomy":"product_tag","embeddable":true,"href":"https:\/\/neuvee.com\/pl\/wp-json\/wp\/v2\/product_tag?post=639265"}],"curies":[{"name":"wp","href":"https:\/\/api.w.org\/{rel}","templated":true}]}}