{"id":639252,"date":"2023-05-16T17:56:32","date_gmt":"2023-05-16T17:56:32","guid":{"rendered":"https:\/\/neuvee.com\/?post_type=product&#038;p=639252"},"modified":"2025-05-19T14:19:17","modified_gmt":"2025-05-19T14:19:17","slug":"farming-simulator-17-steam","status":"publish","type":"product","link":"https:\/\/neuvee.com\/pl\/product\/farming-simulator-17-steam\/","title":{"rendered":"FARMING SIMULATOR 17 (STEAM)"},"content":{"rendered":"<p> NAJBARDZIEJ KOMPLETNY SYMULATOR ROLNICZY<\/p>\n<p>Wciel si\u0119 w rol\u0119 nowoczesnego rolnika w grze Farming Simulator 17! Przenie\u015b si\u0119 do wielkiego, otwartego \u015bwiata pe\u0142nego wielu nowych atrakcji, takich jak nowe tereny, pojazdy, zwierz\u0119ta, uprawy i&nbsp;zmodyfikowana mechanika rozgrywki! Skorzystaj z&nbsp;rozmaitych opcji I mo\u017cliwo\u015bci czekaj\u0105cych na tysi\u0105cach metr\u00f3w kwadratowych ziemi, w tym na nowych, szczeg\u00f3\u0142owo odwzorowanych obszarach Ameryki P\u00f3\u0142nocnej. Wybieraj z&nbsp;ponad 250 autentycznych pojazd\u00f3w i&nbsp;maszyn rolniczych wyprodukowanych przez 75 r\u00f3\u017cnych producent\u00f3w, w\u0142\u0105czaj\u0105c nowe marki, takie jak Challenger, Fendt, Valtra i&nbsp;Massey Ferguson. Dogl\u0105daj upraw, w\u015br\u00f3d kt\u00f3rych po raz pierwszy znalaz\u0142y si\u0119 s\u0142oneczniki oraz&nbsp;soja. Hoduj zwierz\u0119ta (krowy, owce, kury i&nbsp;\u015bwinie), zajmuj si\u0119 le\u015bnictwem i&nbsp;sprzedawaj produkty, aby rozbudowa\u0107 gospodarstwo! Transportuj towary za pomoc\u0105 ci\u0119\u017car\u00f3wek i&nbsp;przyczep lub&nbsp;za\u0142aduj plony na poci\u0105g i&nbsp;dostarcz we wskazane miejsce. Gra Farming Simulator 17 oferuje mn\u00f3stwo ciekawych funkcji online: we\u017a udzia\u0142 w wieloosobowej grze w trybie wsp\u00f3\u0142pracy dla 16 graczy, a&nbsp;tak\u017ce pobieraj tworzone przez mi\u0142o\u015bnik\u00f3w gry mody, dzi\u0119ki kt\u00f3rym zawsze mo\u017cna odkry\u0107 w grze Farming Simulator 17 co\u015b nowego.<br \/>\n<\/p>","protected":false},"excerpt":{"rendered":"<p>NAJBARDZIEJ KOMPLETNY SYMULATOR ROLNICZY Wciel si\u0119 w rol\u0119 nowoczesnego rolnika w grze Farming Simulator 17! Przenie\u015b si\u0119 do wielkiego, otwartego \u015bwiata pe\u0142nego wielu nowych atrakcji, takich jak nowe tereny, pojazdy, zwierz\u0119ta, uprawy i&nbsp;zmodyfikowana mechanika rozgrywki! Skorzystaj z&nbsp;rozmaitych opcji I mo\u017cliwo\u015bci czekaj\u0105cych na tysi\u0105cach metr\u00f3w kwadratowych ziemi, w tym na nowych, szczeg\u00f3\u0142owo odwzorowanych obszarach Ameryki P\u00f3\u0142nocnej. [&hellip;]<\/p>\n","protected":false},"featured_media":649003,"comment_status":"closed","ping_status":"closed","template":"","meta":{"ub_ctt_via":""},"product_cat":[78],"product_tag":[218],"class_list":["post-639252","product","type-product","status-publish","has-post-thumbnail","hentry","product_cat-simulation","product_tag-games","platform-steam-works"],"_links":{"self":[{"href":"https:\/\/neuvee.com\/pl\/wp-json\/wp\/v2\/product\/639252","targetHints":{"allow":["GET"]}}],"collection":[{"href":"https:\/\/neuvee.com\/pl\/wp-json\/wp\/v2\/product"}],"about":[{"href":"https:\/\/neuvee.com\/pl\/wp-json\/wp\/v2\/types\/product"}],"replies":[{"embeddable":true,"href":"https:\/\/neuvee.com\/pl\/wp-json\/wp\/v2\/comments?post=639252"}],"wp:featuredmedia":[{"embeddable":true,"href":"https:\/\/neuvee.com\/pl\/wp-json\/wp\/v2\/media\/649003"}],"wp:attachment":[{"href":"https:\/\/neuvee.com\/pl\/wp-json\/wp\/v2\/media?parent=639252"}],"wp:term":[{"taxonomy":"product_cat","embeddable":true,"href":"https:\/\/neuvee.com\/pl\/wp-json\/wp\/v2\/product_cat?post=639252"},{"taxonomy":"product_tag","embeddable":true,"href":"https:\/\/neuvee.com\/pl\/wp-json\/wp\/v2\/product_tag?post=639252"}],"curies":[{"name":"wp","href":"https:\/\/api.w.org\/{rel}","templated":true}]}}