{"id":639247,"date":"2023-05-16T17:55:56","date_gmt":"2023-05-16T17:55:56","guid":{"rendered":"https:\/\/neuvee.com\/?post_type=product&#038;p=639247"},"modified":"2025-05-19T14:27:53","modified_gmt":"2025-05-19T14:27:53","slug":"farming-simulator-15-new-holland-pack-steam","status":"publish","type":"product","link":"https:\/\/neuvee.com\/pl\/product\/farming-simulator-15-new-holland-pack-steam\/","title":{"rendered":"FARMING SIMULATOR 15 &#8211; NEW HOLLAND PACK (STEAM)"},"content":{"rendered":"<p>DODATEK NEW HOLLAND Odkryj nowy oficjalny dodatek do gry Farming Simulator 15! W nowej zawarto\u015bci do pobrania DLC znajdziesz nowy sprz\u0119t firmy New Holland. Usprawnij prace polowe dzi\u0119ki nowej sieczkarni samobie\u017cnej i&nbsp;wielu hederom! Po pobraniu, nowa zawarto\u015b\u0107 b\u0119dzie dost\u0119pna w sklepie gry. Zakup nowych maszyn wymaga wystarczaj\u0105cych \u015brodk\u00f3w. Dodatek DLC zawiera nast\u0119puj\u0105cy sprz\u0119t:<br \/>\n&#8211; Sieczkarnia samobie\u017cna New Holland FR850<br \/>\n&#8211; Heder New Holland SFI 900<br \/>\n&#8211; Heder Kemper 390 plus<br \/>\n&#8211; Heder do zbioru trawy i&nbsp;zielonek New Holland 300FP<br \/>\n&#8211; Heder do zbioru zb\u00f3\u017c New Holland 600FDR Dodatek DLC jest kompatybilny z&nbsp;gr\u0105 Farming Simulator 15 (wersja 1.2.1 lub&nbsp;wy\u017csza) dla system\u00f3w Windows i&nbsp;Mac OS X.<br \/>\n<\/p>","protected":false},"excerpt":{"rendered":"<p>DODATEK NEW HOLLAND Odkryj nowy oficjalny dodatek do gry Farming Simulator 15! W nowej zawarto\u015bci do pobrania DLC znajdziesz nowy sprz\u0119t firmy New Holland. Usprawnij prace polowe dzi\u0119ki nowej sieczkarni samobie\u017cnej i&nbsp;wielu hederom! Po pobraniu, nowa zawarto\u015b\u0107 b\u0119dzie dost\u0119pna w sklepie gry. Zakup nowych maszyn wymaga wystarczaj\u0105cych \u015brodk\u00f3w. Dodatek DLC zawiera nast\u0119puj\u0105cy sprz\u0119t: &#8211; Sieczkarnia [&hellip;]<\/p>\n","protected":false},"featured_media":648993,"comment_status":"closed","ping_status":"closed","template":"","meta":{"ub_ctt_via":""},"product_cat":[78],"product_tag":[218],"class_list":["post-639247","product","type-product","status-publish","has-post-thumbnail","hentry","product_cat-simulation","product_tag-games","platform-steam-works"],"_links":{"self":[{"href":"https:\/\/neuvee.com\/pl\/wp-json\/wp\/v2\/product\/639247","targetHints":{"allow":["GET"]}}],"collection":[{"href":"https:\/\/neuvee.com\/pl\/wp-json\/wp\/v2\/product"}],"about":[{"href":"https:\/\/neuvee.com\/pl\/wp-json\/wp\/v2\/types\/product"}],"replies":[{"embeddable":true,"href":"https:\/\/neuvee.com\/pl\/wp-json\/wp\/v2\/comments?post=639247"}],"wp:featuredmedia":[{"embeddable":true,"href":"https:\/\/neuvee.com\/pl\/wp-json\/wp\/v2\/media\/648993"}],"wp:attachment":[{"href":"https:\/\/neuvee.com\/pl\/wp-json\/wp\/v2\/media?parent=639247"}],"wp:term":[{"taxonomy":"product_cat","embeddable":true,"href":"https:\/\/neuvee.com\/pl\/wp-json\/wp\/v2\/product_cat?post=639247"},{"taxonomy":"product_tag","embeddable":true,"href":"https:\/\/neuvee.com\/pl\/wp-json\/wp\/v2\/product_tag?post=639247"}],"curies":[{"name":"wp","href":"https:\/\/api.w.org\/{rel}","templated":true}]}}