{"id":639242,"date":"2023-05-16T17:54:17","date_gmt":"2023-05-16T17:54:17","guid":{"rendered":"https:\/\/neuvee.com\/?post_type=product&#038;p=639242"},"modified":"2025-05-19T13:21:41","modified_gmt":"2025-05-19T13:21:41","slug":"farming-simulator-15-itrunner-steam","status":"publish","type":"product","link":"https:\/\/neuvee.com\/pl\/product\/farming-simulator-15-itrunner-steam\/","title":{"rendered":"FARMING SIMULATOR 15 &#8211; ITRUNNER (STEAM)"},"content":{"rendered":"<p>Odkryj pierwszy oficjalny dodatek do gry Farming Simulator 15 !<\/p>\n<p>W nowym dodatku znajdziesz nowe przyczepy firm ITRunner, Bergmann i&nbsp;Farmtech. Hakowiec i&nbsp;powi\u0105zany sprz\u0119t pozwol\u0105 Ci na dowiezienie narz\u0119dzi do ka\u017cdego zak\u0105tka mapy, tu\u017c obok upraw! Po pobraniu dodatku, nowy sprz\u0119t b\u0119dzie dost\u0119pny w sklepie. Aby go kupi\u0107, musisz mie\u0107 wystarczaj\u0105ce fundusze. Dodatek zawiera nast\u0119puj\u0105cy sprz\u0119t: &#8211; Hakowiec ITRunner 26.33 HD &#8211; Kontener na odpady ITRunner &#8211; Kontener na sieczk\u0119 Bergmann HT 50 &#8211; Kontener na ziarno ITRunner &#8211; Kontener na drewno ITRunner &#8211; Kontener na bele ITRunner &#8211; Kontener na obornik ITRunner &#8211; Rozrzutnik obornika Farmtech Fortis 2000 Dodatek jest zgodny z&nbsp;wersjami Windows i&nbsp;Mac OS X gry Farming Simulator 15 (Version 1.2.1 or more)<br \/>\n<\/p>","protected":false},"excerpt":{"rendered":"<p>Odkryj pierwszy oficjalny dodatek do gry Farming Simulator 15 ! W nowym dodatku znajdziesz nowe przyczepy firm ITRunner, Bergmann i&nbsp;Farmtech. Hakowiec i&nbsp;powi\u0105zany sprz\u0119t pozwol\u0105 Ci na dowiezienie narz\u0119dzi do ka\u017cdego zak\u0105tka mapy, tu\u017c obok upraw! Po pobraniu dodatku, nowy sprz\u0119t b\u0119dzie dost\u0119pny w sklepie. Aby go kupi\u0107, musisz mie\u0107 wystarczaj\u0105ce fundusze. Dodatek zawiera nast\u0119puj\u0105cy sprz\u0119t: [&hellip;]<\/p>\n","protected":false},"featured_media":648981,"comment_status":"closed","ping_status":"closed","template":"","meta":{"ub_ctt_via":""},"product_cat":[78],"product_tag":[218],"class_list":["post-639242","product","type-product","status-publish","has-post-thumbnail","hentry","product_cat-simulation","product_tag-games","platform-steam-works"],"_links":{"self":[{"href":"https:\/\/neuvee.com\/pl\/wp-json\/wp\/v2\/product\/639242","targetHints":{"allow":["GET"]}}],"collection":[{"href":"https:\/\/neuvee.com\/pl\/wp-json\/wp\/v2\/product"}],"about":[{"href":"https:\/\/neuvee.com\/pl\/wp-json\/wp\/v2\/types\/product"}],"replies":[{"embeddable":true,"href":"https:\/\/neuvee.com\/pl\/wp-json\/wp\/v2\/comments?post=639242"}],"wp:featuredmedia":[{"embeddable":true,"href":"https:\/\/neuvee.com\/pl\/wp-json\/wp\/v2\/media\/648981"}],"wp:attachment":[{"href":"https:\/\/neuvee.com\/pl\/wp-json\/wp\/v2\/media?parent=639242"}],"wp:term":[{"taxonomy":"product_cat","embeddable":true,"href":"https:\/\/neuvee.com\/pl\/wp-json\/wp\/v2\/product_cat?post=639242"},{"taxonomy":"product_tag","embeddable":true,"href":"https:\/\/neuvee.com\/pl\/wp-json\/wp\/v2\/product_tag?post=639242"}],"curies":[{"name":"wp","href":"https:\/\/api.w.org\/{rel}","templated":true}]}}