{"id":639240,"date":"2023-05-16T17:53:48","date_gmt":"2023-05-16T17:53:48","guid":{"rendered":"https:\/\/neuvee.com\/?post_type=product&#038;p=639240"},"modified":"2025-05-19T13:53:55","modified_gmt":"2025-05-19T13:53:55","slug":"farming-simulator-15-steam","status":"publish","type":"product","link":"https:\/\/neuvee.com\/pl\/product\/farming-simulator-15-steam\/","title":{"rendered":"FARMING SIMULATOR 15 (STEAM)"},"content":{"rendered":"<p>Odkryj Farming Simulator nowej generacji!<\/p>\n<p>Wyposa\u017cony w nowy silnik graficzny i&nbsp;fizyczny, Farming Simulator otwiera przed Tob\u0105 ogromny, otwarty \u015bwiat pe\u0142en szczeg\u00f3\u0142\u00f3w i&nbsp;efekt\u00f3w godnych najnowszej ods\u0142ony w serii Farming Simulator. Zarz\u0105dzaj swoim gospodarstwem; uprawa ro\u015blin, hodowla zwierz\u0105t, produkcja drewna i&nbsp;sprzeda\u017c plon\u00f3w zapewni\u0105 rozw\u00f3j gospodarstwa i&nbsp;pozwol\u0105 na zakup nowych maszyn i&nbsp;pojazd\u00f3w. Na ogromnych terenach w rejonach Europy P\u00f3\u0142nocnej i&nbsp;zaktualizowanej Ameryki P\u00f3\u0142nocnej mo\u017cesz korzysta\u0107 z&nbsp;140 autentycznych pojazd\u00f3w i&nbsp;maszyn rolniczych od ponad 40 znanych productent\u00f3w (w tym 20 nowych marek): New Holland, Ponsse, Case IH, Deutz-Fahr&#8230; Otrzymasz tak\u017ce dost\u0119p do sprz\u0119tu i&nbsp;pojazd\u00f3w, kt\u00f3re pomog\u0105 Ci zaj\u0105\u0107 si\u0119 now\u0105 aktywno\u015bci\u0105 w Farming Simulator: produkcj\u0105 drewna! W trybie wieloosobowym, zapro\u015b do 15 znajomych i&nbsp;razem rozwijajcie Twoje gospodarstwo. Dzi\u0119ki aktywnej i&nbsp;entuzjastycznej spo\u0142eczno\u015bci, korzystaj z&nbsp;praktycznie nieograniczonej nowej zawarto\u015b\u0107 gry: nowych pojazd\u00f3w, sprz\u0119tu i&nbsp;nawet \u015brodowisk!<br \/>\n<\/p>","protected":false},"excerpt":{"rendered":"<p>Odkryj Farming Simulator nowej generacji! Wyposa\u017cony w nowy silnik graficzny i&nbsp;fizyczny, Farming Simulator otwiera przed Tob\u0105 ogromny, otwarty \u015bwiat pe\u0142en szczeg\u00f3\u0142\u00f3w i&nbsp;efekt\u00f3w godnych najnowszej ods\u0142ony w serii Farming Simulator. Zarz\u0105dzaj swoim gospodarstwem; uprawa ro\u015blin, hodowla zwierz\u0105t, produkcja drewna i&nbsp;sprzeda\u017c plon\u00f3w zapewni\u0105 rozw\u00f3j gospodarstwa i&nbsp;pozwol\u0105 na zakup nowych maszyn i&nbsp;pojazd\u00f3w. Na ogromnych terenach w rejonach Europy [&hellip;]<\/p>\n","protected":false},"featured_media":648386,"comment_status":"closed","ping_status":"closed","template":"","meta":{"ub_ctt_via":""},"product_cat":[78],"product_tag":[218],"class_list":["post-639240","product","type-product","status-publish","has-post-thumbnail","hentry","product_cat-simulation","product_tag-games","platform-steam-works"],"_links":{"self":[{"href":"https:\/\/neuvee.com\/pl\/wp-json\/wp\/v2\/product\/639240","targetHints":{"allow":["GET"]}}],"collection":[{"href":"https:\/\/neuvee.com\/pl\/wp-json\/wp\/v2\/product"}],"about":[{"href":"https:\/\/neuvee.com\/pl\/wp-json\/wp\/v2\/types\/product"}],"replies":[{"embeddable":true,"href":"https:\/\/neuvee.com\/pl\/wp-json\/wp\/v2\/comments?post=639240"}],"wp:featuredmedia":[{"embeddable":true,"href":"https:\/\/neuvee.com\/pl\/wp-json\/wp\/v2\/media\/648386"}],"wp:attachment":[{"href":"https:\/\/neuvee.com\/pl\/wp-json\/wp\/v2\/media?parent=639240"}],"wp:term":[{"taxonomy":"product_cat","embeddable":true,"href":"https:\/\/neuvee.com\/pl\/wp-json\/wp\/v2\/product_cat?post=639240"},{"taxonomy":"product_tag","embeddable":true,"href":"https:\/\/neuvee.com\/pl\/wp-json\/wp\/v2\/product_tag?post=639240"}],"curies":[{"name":"wp","href":"https:\/\/api.w.org\/{rel}","templated":true}]}}