{"id":639181,"date":"2023-05-16T17:41:55","date_gmt":"2023-05-16T17:41:55","guid":{"rendered":"https:\/\/neuvee.com\/?post_type=product&#038;p=639181"},"modified":"2025-05-19T14:23:17","modified_gmt":"2025-05-19T14:23:17","slug":"etherborn","status":"publish","type":"product","link":"https:\/\/neuvee.com\/pl\/product\/etherborn\/","title":{"rendered":"ETHERBORN"},"content":{"rendered":"<p>Etherborn to rewolucyjna gra platformowa oparta na \u0142amig\u0142\u00f3wkach grawitacyjnych. Podstaw\u0105 rozgrywki s\u0105 eksploracja i&nbsp;zrozumienie konstrukcji zmieniaj\u0105cych dzia\u0142anie grawitacji.<\/p>\n<p>Gracz wciela si\u0119 w nowonarodzon\u0105, pozbawion\u0105 g\u0142osu istot\u0119, na kt\u00f3r\u0105 gdzie\u015b oczekuje pozbawiony cia\u0142a g\u0142os. Gdy w umy\u015ble postaci kie\u0142kuj\u0105 pierwsze my\u015bli, zaczyna si\u0119 twoja podr\u00f3\u017c. Musisz odszuka\u0107 ten tajemniczy g\u0142os, aby w pe\u0142ni zrozumie\u0107 istot\u0119 swojego istnienia.<\/p>\n<p>Wkroczysz do \u015bwiata, w kt\u00f3rym prawa fizyki zmusz\u0105 ci\u0119 do u\u017cycia wyobra\u017ani. Grawitacja dzia\u0142a prostopadle do powierzchni, na kt\u00f3rej stoisz, co pozwala na ciekawe wykorzystanie eksploracji oraz&nbsp;rozwi\u0105zywanie zagadek opartych na orientacji przestrzennej.<\/p>\n<p>Przemierzaj przepi\u0119kne egzotyczne tereny, gdzie ka\u017cdy poziom stanowi organiczn\u0105 \u0142amig\u0142\u00f3wk\u0119, kt\u00f3ra zmusi ci\u0119 do eksploracji oraz&nbsp;manipulacji grawitacj\u0105.<\/p>\n<p>Lista cech<br \/>\n\u2022 Skakanie po platformach i&nbsp;eksploracja oparte na zmieniaj\u0105cej si\u0119 grawitacji.<br \/>\n\u2022 Zagadki zmuszaj\u0105ce do wykorzystania orientacji przestrzennej w specyficznych warunkach grawitacyjnych.<br \/>\n\u2022 Surrealistyczny projekt poziom\u00f3w i&nbsp;atmosfera inspirowane artystami XX i&nbsp;XXI wieku.<br \/>\n\u2022 Dynamiczna \u015bcie\u017cka d\u017awi\u0119kowa doskonale wpasowuj\u0105ca si\u0119 w nastr\u00f3j ka\u017cdego z&nbsp;poziom\u00f3w.<\/p>","protected":false},"excerpt":{"rendered":"<p>Etherborn to rewolucyjna gra platformowa oparta na \u0142amig\u0142\u00f3wkach grawitacyjnych. Podstaw\u0105 rozgrywki s\u0105 eksploracja i&nbsp;zrozumienie konstrukcji zmieniaj\u0105cych dzia\u0142anie grawitacji. Gracz wciela si\u0119 w nowonarodzon\u0105, pozbawion\u0105 g\u0142osu istot\u0119, na kt\u00f3r\u0105 gdzie\u015b oczekuje pozbawiony cia\u0142a g\u0142os. Gdy w umy\u015ble postaci kie\u0142kuj\u0105 pierwsze my\u015bli, zaczyna si\u0119 twoja podr\u00f3\u017c. Musisz odszuka\u0107 ten tajemniczy g\u0142os, aby w pe\u0142ni zrozumie\u0107 istot\u0119 swojego [&hellip;]<\/p>\n","protected":false},"featured_media":649413,"comment_status":"closed","ping_status":"closed","template":"","meta":{"ub_ctt_via":""},"product_cat":[226,127,221],"product_tag":[218],"class_list":["post-639181","product","type-product","status-publish","has-post-thumbnail","hentry","product_cat-puzzle","product_cat-adventure","product_cat-indie","product_tag-games","platform-steam-works"],"_links":{"self":[{"href":"https:\/\/neuvee.com\/pl\/wp-json\/wp\/v2\/product\/639181","targetHints":{"allow":["GET"]}}],"collection":[{"href":"https:\/\/neuvee.com\/pl\/wp-json\/wp\/v2\/product"}],"about":[{"href":"https:\/\/neuvee.com\/pl\/wp-json\/wp\/v2\/types\/product"}],"replies":[{"embeddable":true,"href":"https:\/\/neuvee.com\/pl\/wp-json\/wp\/v2\/comments?post=639181"}],"wp:featuredmedia":[{"embeddable":true,"href":"https:\/\/neuvee.com\/pl\/wp-json\/wp\/v2\/media\/649413"}],"wp:attachment":[{"href":"https:\/\/neuvee.com\/pl\/wp-json\/wp\/v2\/media?parent=639181"}],"wp:term":[{"taxonomy":"product_cat","embeddable":true,"href":"https:\/\/neuvee.com\/pl\/wp-json\/wp\/v2\/product_cat?post=639181"},{"taxonomy":"product_tag","embeddable":true,"href":"https:\/\/neuvee.com\/pl\/wp-json\/wp\/v2\/product_tag?post=639181"}],"curies":[{"name":"wp","href":"https:\/\/api.w.org\/{rel}","templated":true}]}}