{"id":639157,"date":"2023-05-16T17:38:11","date_gmt":"2023-05-16T17:38:11","guid":{"rendered":"https:\/\/neuvee.com\/?post_type=product&#038;p=639157"},"modified":"2025-05-19T13:43:15","modified_gmt":"2025-05-19T13:43:15","slug":"empires-of-the-undergrowth-early-access-3","status":"publish","type":"product","link":"https:\/\/neuvee.com\/pl\/product\/empires-of-the-undergrowth-early-access-3\/","title":{"rendered":"EMPIRES OF THE UNDERGROWTH &#8211; EARLY ACCESS"},"content":{"rendered":"<p>Informacje <\/p>\n<p>Empries of the Undergrowth to szybka gra strategiczna o&nbsp;prowadzeniu kolonii mr\u00f3wek. B\u0119dziesz wykopywa\u0107 swoje gniazdo pod ziemi\u0105, tworzy\u0107 tunele i&nbsp;komnaty niezb\u0119dne do przechowywania zasob\u00f3w i&nbsp;chowania l\u0119gu przed wyruszeniem na powierzchni\u0119. To tutaj mr\u00f3wki b\u0119d\u0105 walczy\u0107 o&nbsp;terytorium, zbiera\u0107 zasoby i&nbsp;pokonywa\u0107 przera\u017caj\u0105ce stworzenia. Rozk\u0142ad gniazda, wielko\u015b\u0107 armii, jej sk\u0142ad oraz&nbsp;wiedza kiedy atakowa\u0107, a&nbsp;kiedy wycofa\u0107 si\u0119 z&nbsp;walki, b\u0119d\u0105 kluczem dla zapewnienia zwyci\u0119ztwa dla twojej kolonii mr\u00f3wek.<\/p>\n<p>Cechy<\/p>\n<p>&#8211; Zaprojektuj i&nbsp;zbuduj swoje podziemne gniazdo, tak aby dopasowa\u0107 je do planowanej strategii<\/p>\n<p>&#8211; We\u017a udzia\u0142 w dynamicznej walce na powierzchni pomi\u0119dzy koloniami<\/p>\n<p>&#8211; Zbuduj swoje gniazdo pod ziemi\u0105<\/p>\n<p>&#8211; Poznaj i&nbsp;pokonaj niebezpieczne chrz\u0105szcze, paj\u0119czaki oraz&nbsp;inne niesamowite stawonogi.<\/p>\n<p>Formikarium<\/p>\n<p>Przepe\u0142niona narracj\u0105 kampania Empires of the Undergrowth sk\u0142ada si\u0119 z&nbsp;dw\u00f3ch element\u00f3w, pierwszym jest formikarium, gdzie rozpoczynasz z&nbsp;garstk\u0105 robotnic oraz&nbsp;kr\u00f3low\u0105. Wraz z&nbsp;post\u0119pem gry twoja kolonia b\u0119dzie musia\u0142a poradzi\u0107 sobie z&nbsp;eksperymentami szalonego naukowca, wzrastaj\u0105c w si\u0142\u0119 i&nbsp;genetycznie adaptuj\u0105c swoje mr\u00f3wki, aby przetrwa\u0107 jego machinacje. Formikarium jest r\u00f3wnie\u017c centrum, z&nbsp;kt\u00f3rego mo\u017cesz uruchamia\u0107 misje scenariusza, a&nbsp;tym samym przejmiesz kontrol\u0119 nad r\u00f3\u017cnymi koloniami mr\u00f3wek. Jednak, aby odblokowa\u0107 kolejne etapy scenariusza, twoja kolonia b\u0119dzie musia\u0142a przetrwa\u0107 wspomniane eksperymenty.<\/p>\n<p>Scenariusze dokumentalne<\/p>\n<p>\u201eTwoja kr\u00f3lowa zadomowi\u0142a si\u0119 pod gnij\u0105c\u0105 k\u0142od\u0105. Jest gruba i&nbsp;bezbronna. Jej pierwsze potomstwo b\u0119dzie musia\u0142o si\u0119 szybko porusza\u0107, je\u015bli kolonia ma przetrwa\u0107. Teraz ich priorytetem jest znalezienie po\u017cywienia, a&nbsp;jest go wok\u00f3\u0142 mn\u00f3stwo; ale s\u0105 tu te\u017c inne g\u0142odne stworzenia. Robotnice b\u0119d\u0105 musia\u0142y zachowa\u0107 czujno\u015b\u0107.\u201d<br \/>\nScenariusze s\u0105 opowiadane z&nbsp;perspektywy narratora filmu dokumentalnego obserwuj\u0105cego mr\u00f3wki, oferuje on inteligentny wgl\u0105d w \u017cycie mr\u00f3wek i&nbsp;reszt\u0119 podszycia.<\/p>\n<p>Scenariusze s\u0105 zbudowane w formie \u201eetap\u00f3w\u201d i&nbsp;\u0142\u0105cznie b\u0119dzie ich pi\u0119\u0107 przy pe\u0142nym wypu\u015bcie (w tej chwili dost\u0119pne s\u0105 cztery). Ka\u017cdy etap misji jest przedstawiony w stylu dokumentu przyrodniczego, celuj\u0105c zar\u00f3wno w poprawno\u015b\u0107 naukow\u0105, jak i&nbsp;przyjemno\u015b\u0107 z&nbsp;gry. Ka\u017cdy z&nbsp;kolejnych etap\u00f3w pozwala na rozgrywk\u0119 innym gatunkiem mr\u00f3wki, ka\u017cde posiadaj\u0105ce swoje r\u00f3\u017cnice i&nbsp;styl gry. Ustawienia dla ka\u017cdego poziomu r\u00f3wnie\u017c si\u0119 r\u00f3\u017cni\u0105, odzwierciedlaj\u0105c \u015brodowisko naturalne, z&nbsp;kt\u00f3rego domy\u015blnie pochodzi dany gatunek.<\/p>\n<p>Pierwomr\u00f3wka \u0142agodna<\/p>\n<p>Niedawno zap\u0142odniona kr\u00f3lowa pierwomr\u00f3wki \u0142agodnej znalaz\u0142a schronienie w pod\u0142o\u017cu pod k\u0142od\u0105. Po wydaniu na \u015bwiat pierwszego l\u0119gu musi si\u0119 zda\u0107 na nowe robotnice w celu zdobycia po\u017cywienia, dalszego wykopu gniazda oraz&nbsp;pokonania \u015bmiertelnie niebezpiecznych trzyszczy i&nbsp;paj\u0105k\u00f3w chowaj\u0105cych si\u0119 w pobli\u017cu.<\/p>\n<p>Mr\u00f3wka rudnica<\/p>\n<p>Kr\u00f3lowa mr\u00f3wki rudnicy przejmuje gniazdo innego gatunku mr\u00f3wek, zabijaj\u0105c ich kr\u00f3low\u0105 i&nbsp;zajmuj\u0105c jej miejsce. Blisko\u015b\u0107 pla\u017cy daje kolonii dost\u0119p do hojnych dar\u00f3w morza, jednak&nbsp;na tych terenach mi\u0119dzyp\u0142ywowych mieszka o&nbsp;wiele wi\u0119cej g\u0142odnych stworze\u0144 i&nbsp;rywalizuj\u0105cych kolonii.<\/p>\n<p>Mr\u00f3wki grzybiarki<\/p>\n<p>Mr\u00f3wki grzybiarki po\u017cywiaj\u0105 si\u0119 jedynie grzybem, kt\u00f3ry hoduj\u0105 na poci\u0119tych kawa\u0142kach li\u015bci. Raczkuj\u0105ca kolonia musi wspina\u0107 si\u0119 i&nbsp;zbiera\u0107 pobliskie listowie, jednocze\u015bnie walcz\u0105c z&nbsp;modliszkami, chrz\u0105szczami kusakowatymi oraz&nbsp;w\u0119druj\u0105cymi mr\u00f3wkami wojowniczymi. Gra pozwala na przywo\u0142anie ogromnych mr\u00f3wek major grzybiarek, co pozwoli na utrzymanie wrog\u00f3w w ryzach.<\/p>\n<p>Mr\u00f3wki ogniste<\/p>\n<p>Inwazyjne mr\u00f3wki ogniste same tworz\u0105 w\u0142asne imperium na mokrad\u0142ach. Potrafi\u0105 \u0142\u0105czy\u0107 swoje cia\u0142a tak, aby tworzy\u0107 ponton unosz\u0105cy si\u0119 na wodzie, co daje im dost\u0119p do niezdobytych przez nikogo zasob\u00f3w. Ogromne p\u0142azy oraz&nbsp;wa\u017cki to tylko niekt\u00f3re zagro\u017cenia, kt\u00f3re napotkaj\u0105 na swojej drodze, jednak&nbsp;ich nazwa nie wzi\u0119\u0142a si\u0119 z&nbsp;niczego \u2014 ich u\u017c\u0105dlenia s\u0105 na tyle pot\u0119\u017cne, aby nadrobi\u0107 ich niewielki rozmiar.<\/p>\n<p>&#8212;<\/p>\n<p>Swobodna gra<\/p>\n<p>Tryb swobodnej gry oferuje potencjalnie nieko\u0144cz\u0105ce si\u0119, bardziej otwarte doznania ni\u017c w przypadku poziom\u00f3w kampanii. Po opanowaniu kampanii mo\u017cesz przej\u015b\u0107 ze swoj\u0105 ulepszon\u0105 koloni\u0105 do nowych wyzwa\u0144. Niekt\u00f3re ze stworze\u0144 oraz&nbsp;kolonie w trybie swobodnym mog\u0105 zosta\u0107 odblokowane po rozegraniu dodatkowych poziom\u00f3w.<\/p>\n<p>Dodatkowe poziomy<\/p>\n<p>Je\u017celi b\u0119dzie ci potrzebna przerwa od g\u0142\u00f3wnej kampanii czy bardziej otwartej natury gry swobodnej, dost\u0119pny jest ca\u0142y wachlarz dodatkowych poziom\u00f3w oferuj\u0105cych unikalne cele oraz&nbsp;\u2014 w niekt\u00f3rych przypadkach \u2014 pozwalaj\u0105cych na przej\u0119cie kontroli nad zupe\u0142nie innymi gatunkami insekt\u00f3w.<\/p>\n<p><\/p>","protected":false},"excerpt":{"rendered":"<p>Informacje Empries of the Undergrowth to szybka gra strategiczna o&nbsp;prowadzeniu kolonii mr\u00f3wek. B\u0119dziesz wykopywa\u0107 swoje gniazdo pod ziemi\u0105, tworzy\u0107 tunele i&nbsp;komnaty niezb\u0119dne do przechowywania zasob\u00f3w i&nbsp;chowania l\u0119gu przed wyruszeniem na powierzchni\u0119. To tutaj mr\u00f3wki b\u0119d\u0105 walczy\u0107 o&nbsp;terytorium, zbiera\u0107 zasoby i&nbsp;pokonywa\u0107 przera\u017caj\u0105ce stworzenia. Rozk\u0142ad gniazda, wielko\u015b\u0107 armii, jej sk\u0142ad oraz&nbsp;wiedza kiedy atakowa\u0107, a&nbsp;kiedy wycofa\u0107 si\u0119 z&nbsp;walki, [&hellip;]<\/p>\n","protected":false},"featured_media":648295,"comment_status":"closed","ping_status":"closed","template":"","meta":{"ub_ctt_via":""},"product_cat":[242,230,78,222],"product_tag":[218],"class_list":["post-639157","product","type-product","status-publish","has-post-thumbnail","hentry","product_cat-base-building","product_cat-city-builder","product_cat-simulation","product_cat-strategy","product_tag-games","platform-steam-works"],"_links":{"self":[{"href":"https:\/\/neuvee.com\/pl\/wp-json\/wp\/v2\/product\/639157","targetHints":{"allow":["GET"]}}],"collection":[{"href":"https:\/\/neuvee.com\/pl\/wp-json\/wp\/v2\/product"}],"about":[{"href":"https:\/\/neuvee.com\/pl\/wp-json\/wp\/v2\/types\/product"}],"replies":[{"embeddable":true,"href":"https:\/\/neuvee.com\/pl\/wp-json\/wp\/v2\/comments?post=639157"}],"wp:featuredmedia":[{"embeddable":true,"href":"https:\/\/neuvee.com\/pl\/wp-json\/wp\/v2\/media\/648295"}],"wp:attachment":[{"href":"https:\/\/neuvee.com\/pl\/wp-json\/wp\/v2\/media?parent=639157"}],"wp:term":[{"taxonomy":"product_cat","embeddable":true,"href":"https:\/\/neuvee.com\/pl\/wp-json\/wp\/v2\/product_cat?post=639157"},{"taxonomy":"product_tag","embeddable":true,"href":"https:\/\/neuvee.com\/pl\/wp-json\/wp\/v2\/product_tag?post=639157"}],"curies":[{"name":"wp","href":"https:\/\/api.w.org\/{rel}","templated":true}]}}