{"id":595728,"date":"2023-05-07T20:45:41","date_gmt":"2023-05-07T20:45:41","guid":{"rendered":"https:\/\/neuvee.com\/?post_type=product&#038;p=595728"},"modified":"2025-05-19T14:02:18","modified_gmt":"2025-05-19T14:02:18","slug":"dying-light-definitive-edition","status":"publish","type":"product","link":"https:\/\/neuvee.com\/pl\/product\/dying-light-definitive-edition\/","title":{"rendered":"DYING LIGHT: DEFINITIVE EDITION"},"content":{"rendered":"<p>Ciesz si\u0119 Dying Light w najpe\u0142niejszej formie dzi\u0119ki ostatecznej wersji wychwalanej gry survivalowej z&nbsp;otwartym \u015bwiatem i&nbsp;zombie. Dying Light: Definitive Edition zawiera 4 rozszerzenia g\u0142\u00f3wnego w\u0105tku i&nbsp;22 pakiety sk\u00f3rek i&nbsp;jest pe\u0142nym do\u015bwiadczeniem obejmuj\u0105cym ca\u0142e 7 lat istnienia gry w jednym pakiecie tre\u015bci. Eksploruj ca\u0142y postapokaliptyczny \u015bwiat. Jed\u017a przez Harran i&nbsp;szatkuj \u017cywe trupy w swoim \u0142aziku, postaraj si\u0119 przetrwa\u0107 pr\u00f3by Bozaka, zwiedzaj nowe strefy kwarantanny i&nbsp;ciesz si\u0119 mn\u00f3stwem nowych sk\u00f3rek i&nbsp;broni!<br \/>\nCechy:<br \/>\nDying Light \u2013 pe\u0142na wielokrotnie nagradzana gra.<\/p>\n<p>Dying Light: The Following \u2013 ogromny dodatek z&nbsp;now\u0105 fabu\u0142\u0105, rozleg\u0142\u0105 oryginaln\u0105 map\u0105 i&nbsp;modyfikowanym pojazdem typu \u0142azik.<\/p>\n<p>Dying Light: Horda Bozaka \u2013 wymagaj\u0105cy tryb gry z&nbsp;w\u0142asn\u0105 cz\u0119\u015bci\u0105 fabu\u0142y.<\/p>\n<p>Kuchnia i&nbsp;magazyn \u2013 dwie dodatkowe strefy kwarantanny.<\/p>\n<p>Pakiet Ultimate Survivor \u2013 unikatowe uzbrojenie i&nbsp;stroje.<\/p>\n<p>Hellraid \u2013 nowy tryb gry w nastrojach dark fantasy.<\/p>\n<p><\/p>","protected":false},"excerpt":{"rendered":"<p>Ciesz si\u0119 Dying Light w najpe\u0142niejszej formie dzi\u0119ki ostatecznej wersji wychwalanej gry survivalowej z&nbsp;otwartym \u015bwiatem i&nbsp;zombie. Dying Light: Definitive Edition zawiera 4 rozszerzenia g\u0142\u00f3wnego w\u0105tku i&nbsp;22 pakiety sk\u00f3rek i&nbsp;jest pe\u0142nym do\u015bwiadczeniem obejmuj\u0105cym ca\u0142e 7 lat istnienia gry w jednym pakiecie tre\u015bci. Eksploruj ca\u0142y postapokaliptyczny \u015bwiat. Jed\u017a przez Harran i&nbsp;szatkuj \u017cywe trupy w swoim \u0142aziku, postaraj [&hellip;]<\/p>\n","protected":false},"featured_media":648806,"comment_status":"closed","ping_status":"closed","template":"","meta":{"ub_ctt_via":""},"product_cat":[225,88],"product_tag":[218],"class_list":["post-595728","product","type-product","status-publish","has-post-thumbnail","hentry","product_cat-role-playing","product_cat-action","product_tag-games","platform-steam-works"],"_links":{"self":[{"href":"https:\/\/neuvee.com\/pl\/wp-json\/wp\/v2\/product\/595728","targetHints":{"allow":["GET"]}}],"collection":[{"href":"https:\/\/neuvee.com\/pl\/wp-json\/wp\/v2\/product"}],"about":[{"href":"https:\/\/neuvee.com\/pl\/wp-json\/wp\/v2\/types\/product"}],"replies":[{"embeddable":true,"href":"https:\/\/neuvee.com\/pl\/wp-json\/wp\/v2\/comments?post=595728"}],"wp:featuredmedia":[{"embeddable":true,"href":"https:\/\/neuvee.com\/pl\/wp-json\/wp\/v2\/media\/648806"}],"wp:attachment":[{"href":"https:\/\/neuvee.com\/pl\/wp-json\/wp\/v2\/media?parent=595728"}],"wp:term":[{"taxonomy":"product_cat","embeddable":true,"href":"https:\/\/neuvee.com\/pl\/wp-json\/wp\/v2\/product_cat?post=595728"},{"taxonomy":"product_tag","embeddable":true,"href":"https:\/\/neuvee.com\/pl\/wp-json\/wp\/v2\/product_tag?post=595728"}],"curies":[{"name":"wp","href":"https:\/\/api.w.org\/{rel}","templated":true}]}}