{"id":595727,"date":"2023-05-07T20:45:23","date_gmt":"2023-05-07T20:45:23","guid":{"rendered":"https:\/\/neuvee.com\/?post_type=product&#038;p=595727"},"modified":"2025-05-19T13:46:55","modified_gmt":"2025-05-19T13:46:55","slug":"dying-light-enhanced-edition","status":"publish","type":"product","link":"https:\/\/neuvee.com\/pl\/product\/dying-light-enhanced-edition\/","title":{"rendered":"DYING LIGHT ENHANCED EDITION"},"content":{"rendered":"<p>Laureat ponad 50 nagr\u00f3d i&nbsp;nominacji, doceniony przez kilkana\u015bcie milion\u00f3w graczy na ca\u0142ym \u015bwiecie.<br \/>\nDying Light: The Following &#8211; Enhanced Edition to najpe\u0142niejsza definicja gry o&nbsp;zombie z&nbsp;otwartym \u015bwiatem. Teraz dost\u0119pna w swojej najbardziej kompletnej formie, kt\u00f3ra wynosi do\u015bwiadczenie p\u0142yn\u0105ce z&nbsp;rozgrywki na ca\u0142kowicie nowy poziom.<br \/>\nDYING LIGHT ENHANCED<br \/>\nWi\u0119kszy, lepszy i&nbsp;bardziej przera\u017caj\u0105cy ni\u017c kiedykolwiek! Do\u015bwiadcz Dying Light w jego definitywnej formie dzi\u0119ki niezliczonym usprawnieniom rozgrywki. Szukaj zapas\u00f3w, tw\u00f3rz bro\u0144 i&nbsp;r\u00f3b wszystko, co w twojej mocy, \u017ceby przetrwa\u0107 w miejscu zniszczonym przez wirusa zombie.<br \/>\nDYING LIGHT: THE FOLLOWING<br \/>\nOgromne rozszerzenie wprowadzaj\u0105ce nowe otwarte tereny i&nbsp;w pe\u0142ni modyfikowalne pojazdy typu buggy. Zamie\u0144 je w \u015bmierciono\u015bn\u0105 bro\u0144 i&nbsp;odkryj sekret skrywany przez tajemniczy kult Dzieci S\u0142o\u0144ca!<br \/>\nSEASON PASS ORAZ WI\u0118CEJ<br \/>\nCa\u0142a dodatkowa zawarto\u015b\u0107 stworzona w pierwszym roku wsparcia po premierowego, w tym wieloosobowe tryby Be the Zombie i&nbsp;The Bozak Horde, dodatkowe misje, ekskluzywne zestawy przedmiot\u00f3w oraz&nbsp;wiele wi\u0119cej.<br \/>\nDARMOWA ZAWARTO\u015a\u0106 10-IN-12<br \/>\nProgram cyklicznych aktualizacji, dzi\u0119ki kt\u00f3remu w grze pojawi\u0142y si\u0119 ca\u0142kowicie nowe mapy i&nbsp;zwi\u0105zane z&nbsp;nimi misje, tryby gry, przeciwnicy oraz&nbsp;unikalne przedmioty \u2013 ca\u0142kowicie za darmo!<\/p>\n<p><\/p>","protected":false},"excerpt":{"rendered":"<p>Laureat ponad 50 nagr\u00f3d i&nbsp;nominacji, doceniony przez kilkana\u015bcie milion\u00f3w graczy na ca\u0142ym \u015bwiecie. Dying Light: The Following &#8211; Enhanced Edition to najpe\u0142niejsza definicja gry o&nbsp;zombie z&nbsp;otwartym \u015bwiatem. Teraz dost\u0119pna w swojej najbardziej kompletnej formie, kt\u00f3ra wynosi do\u015bwiadczenie p\u0142yn\u0105ce z&nbsp;rozgrywki na ca\u0142kowicie nowy poziom. DYING LIGHT ENHANCED Wi\u0119kszy, lepszy i&nbsp;bardziej przera\u017caj\u0105cy ni\u017c kiedykolwiek! Do\u015bwiadcz Dying Light [&hellip;]<\/p>\n","protected":false},"featured_media":648777,"comment_status":"closed","ping_status":"closed","template":"","meta":{"ub_ctt_via":""},"product_cat":[225,88],"product_tag":[218],"class_list":["post-595727","product","type-product","status-publish","has-post-thumbnail","hentry","product_cat-role-playing","product_cat-action","product_tag-games","platform-steam-works"],"_links":{"self":[{"href":"https:\/\/neuvee.com\/pl\/wp-json\/wp\/v2\/product\/595727","targetHints":{"allow":["GET"]}}],"collection":[{"href":"https:\/\/neuvee.com\/pl\/wp-json\/wp\/v2\/product"}],"about":[{"href":"https:\/\/neuvee.com\/pl\/wp-json\/wp\/v2\/types\/product"}],"replies":[{"embeddable":true,"href":"https:\/\/neuvee.com\/pl\/wp-json\/wp\/v2\/comments?post=595727"}],"wp:featuredmedia":[{"embeddable":true,"href":"https:\/\/neuvee.com\/pl\/wp-json\/wp\/v2\/media\/648777"}],"wp:attachment":[{"href":"https:\/\/neuvee.com\/pl\/wp-json\/wp\/v2\/media?parent=595727"}],"wp:term":[{"taxonomy":"product_cat","embeddable":true,"href":"https:\/\/neuvee.com\/pl\/wp-json\/wp\/v2\/product_cat?post=595727"},{"taxonomy":"product_tag","embeddable":true,"href":"https:\/\/neuvee.com\/pl\/wp-json\/wp\/v2\/product_tag?post=595727"}],"curies":[{"name":"wp","href":"https:\/\/api.w.org\/{rel}","templated":true}]}}