{"id":595726,"date":"2023-05-07T20:44:57","date_gmt":"2023-05-07T20:44:57","guid":{"rendered":"https:\/\/neuvee.com\/?post_type=product&#038;p=595726"},"modified":"2025-05-19T14:19:24","modified_gmt":"2025-05-19T14:19:24","slug":"dying-light-volkan-combat-armor-bundle","status":"publish","type":"product","link":"https:\/\/neuvee.com\/pl\/product\/dying-light-volkan-combat-armor-bundle\/","title":{"rendered":"DYING LIGHT &#8211; VOLKAN COMBAT ARMOR BUNDLE"},"content":{"rendered":"<p>Walcz o&nbsp;bezpieczniejsz\u0105 przysz\u0142o\u015b\u0107 z&nbsp;zestawem Volkan Combat Armor<\/p>\n<p>Oto najnowszy sprz\u0119t dla oddzia\u0142\u00f3w specjalnych stworzony przez Korporacj\u0119 Volkan do skutecznej kontroli populacji zombie.<br \/>\nJako Korporacja Volkan przeznaczyli\u015bmy wszystkie nasze zasoby na spe\u0142nienie marzenia o&nbsp;bezpieczniejszym jutrze. Najnowsze produkty naszego dzia\u0142u Hi-Tech Weapons *zamieni\u0105 ci\u0119 w elitarnego \u017co\u0142nierza przysz\u0142o\u015bci* zdolnego do niezwykle skutecznej eliminacji ka\u017cdego zagro\u017cenia. <\/p>\n<p>Podstaw\u0105 zestawu Volkan Combat Armor jest najwi\u0119ksze osi\u0105gni\u0119cie naszych utalentowanych in\u017cynier\u00f3w \u2013 *karabin bojowy Volkan*. To bro\u0144 najnowszej generacji zaprojektowana w oparciu o&nbsp;nieko\u0144cz\u0105ce si\u0119 analizy autentycznych scenariuszy bojowych, wyposa\u017cona w *t\u0142umik oraz&nbsp;celownik kolimatorowy zapewniaj\u0105cy maksymaln\u0105 precyzj\u0119*. Nasza opatentowana technologia przechowywania amunicji pozwoli\u0142a nam ulepszy\u0107 magazynek, kt\u00f3ry mie\u015bci wi\u0119cej pocisk\u00f3w, ni\u017c sugeruj\u0105 jego rozmiary. Prze\u0142om ten by\u0142 kluczowy tak\u017ce przy opracowaniu *pistoletu bojowego Volkan* i&nbsp;powoli ci w pe\u0142ni cieszy\u0107 si\u0119 *szybkostrzelno\u015bci\u0105 i&nbsp;trybem serii* tej wzorowej broni bocznej. Je\u017celi jednak&nbsp;zabraknie ci pocisk\u00f3w, mo\u017cesz \u015bci\u0105\u0107 pozosta\u0142ych zainfekowanych *ostr\u0105 niczym brzytwa kompozytow\u0105 kling\u0105 futurystycznego miecza bojowego Volkan*.<\/p>\n<p>Opr\u00f3cz plan\u00f3w tych trzech znakomitych broni otrzymasz *str\u00f3j (pancerz bojowy Volkan) oraz&nbsp;lakierowanie \u0142azika (w\u00f3z bojowy Volkan)*. Zestaw Volkan Combat Armor mo\u017ce by\u0107 tw\u00f3j ju\u017c dzisiaj!<\/p>","protected":false},"excerpt":{"rendered":"<p>Walcz o&nbsp;bezpieczniejsz\u0105 przysz\u0142o\u015b\u0107 z&nbsp;zestawem Volkan Combat Armor Oto najnowszy sprz\u0119t dla oddzia\u0142\u00f3w specjalnych stworzony przez Korporacj\u0119 Volkan do skutecznej kontroli populacji zombie. Jako Korporacja Volkan przeznaczyli\u015bmy wszystkie nasze zasoby na spe\u0142nienie marzenia o&nbsp;bezpieczniejszym jutrze. Najnowsze produkty naszego dzia\u0142u Hi-Tech Weapons *zamieni\u0105 ci\u0119 w elitarnego \u017co\u0142nierza przysz\u0142o\u015bci* zdolnego do niezwykle skutecznej eliminacji ka\u017cdego zagro\u017cenia. Podstaw\u0105 zestawu [&hellip;]<\/p>\n","protected":false},"featured_media":649520,"comment_status":"closed","ping_status":"closed","template":"","meta":{"ub_ctt_via":""},"product_cat":[225,88],"product_tag":[218],"class_list":["post-595726","product","type-product","status-publish","has-post-thumbnail","hentry","product_cat-role-playing","product_cat-action","product_tag-games","platform-steam-works"],"_links":{"self":[{"href":"https:\/\/neuvee.com\/pl\/wp-json\/wp\/v2\/product\/595726","targetHints":{"allow":["GET"]}}],"collection":[{"href":"https:\/\/neuvee.com\/pl\/wp-json\/wp\/v2\/product"}],"about":[{"href":"https:\/\/neuvee.com\/pl\/wp-json\/wp\/v2\/types\/product"}],"replies":[{"embeddable":true,"href":"https:\/\/neuvee.com\/pl\/wp-json\/wp\/v2\/comments?post=595726"}],"wp:featuredmedia":[{"embeddable":true,"href":"https:\/\/neuvee.com\/pl\/wp-json\/wp\/v2\/media\/649520"}],"wp:attachment":[{"href":"https:\/\/neuvee.com\/pl\/wp-json\/wp\/v2\/media?parent=595726"}],"wp:term":[{"taxonomy":"product_cat","embeddable":true,"href":"https:\/\/neuvee.com\/pl\/wp-json\/wp\/v2\/product_cat?post=595726"},{"taxonomy":"product_tag","embeddable":true,"href":"https:\/\/neuvee.com\/pl\/wp-json\/wp\/v2\/product_tag?post=595726"}],"curies":[{"name":"wp","href":"https:\/\/api.w.org\/{rel}","templated":true}]}}