{"id":595725,"date":"2023-05-07T20:44:34","date_gmt":"2023-05-07T20:44:34","guid":{"rendered":"https:\/\/neuvee.com\/?post_type=product&#038;p=595725"},"modified":"2025-05-19T13:23:19","modified_gmt":"2025-05-19T13:23:19","slug":"dying-light-volatile-hunter-bundle","status":"publish","type":"product","link":"https:\/\/neuvee.com\/pl\/product\/dying-light-volatile-hunter-bundle\/","title":{"rendered":"DYING LIGHT &#8211; VOLATILE HUNTER BUNDLE"},"content":{"rendered":"<p>Siej postrach w\u015br\u00f3d hord nocnych zombie! Przywdziej str\u00f3j \u015bwiec\u0105cy w ciemno\u015bci, dobierz specjalne uzbrojenie i&nbsp;zasi\u0105d\u017a za kierownic\u0105 Nocnego Je\u017ad\u017aca. Udowodnij, \u017ce mrok jest twoim sojusznikiem. Zestaw Nocnego Je\u017ad\u017aca zawiera: nowe malowanie pojazdu, nowy str\u00f3j postaci oraz&nbsp;plany nowego miecza, no\u017ca, pa\u0142ki i&nbsp;m\u0142ota.<\/p>\n<p>Uwaga: ta\u00a0zawarto\u015b\u0107 wymaga dodatku Dying Light: The Following.<br \/>\n<\/p>","protected":false},"excerpt":{"rendered":"<p>Siej postrach w\u015br\u00f3d hord nocnych zombie! Przywdziej str\u00f3j \u015bwiec\u0105cy w ciemno\u015bci, dobierz specjalne uzbrojenie i&nbsp;zasi\u0105d\u017a za kierownic\u0105 Nocnego Je\u017ad\u017aca. Udowodnij, \u017ce mrok jest twoim sojusznikiem. Zestaw Nocnego Je\u017ad\u017aca zawiera: nowe malowanie pojazdu, nowy str\u00f3j postaci oraz&nbsp;plany nowego miecza, no\u017ca, pa\u0142ki i&nbsp;m\u0142ota. Uwaga: ta\u00a0zawarto\u015b\u0107 wymaga dodatku Dying Light: The Following.<\/p>\n","protected":false},"featured_media":649519,"comment_status":"closed","ping_status":"closed","template":"","meta":{"ub_ctt_via":""},"product_cat":[225,88],"product_tag":[218],"class_list":["post-595725","product","type-product","status-publish","has-post-thumbnail","hentry","product_cat-role-playing","product_cat-action","product_tag-games","platform-steam-works"],"_links":{"self":[{"href":"https:\/\/neuvee.com\/pl\/wp-json\/wp\/v2\/product\/595725","targetHints":{"allow":["GET"]}}],"collection":[{"href":"https:\/\/neuvee.com\/pl\/wp-json\/wp\/v2\/product"}],"about":[{"href":"https:\/\/neuvee.com\/pl\/wp-json\/wp\/v2\/types\/product"}],"replies":[{"embeddable":true,"href":"https:\/\/neuvee.com\/pl\/wp-json\/wp\/v2\/comments?post=595725"}],"wp:featuredmedia":[{"embeddable":true,"href":"https:\/\/neuvee.com\/pl\/wp-json\/wp\/v2\/media\/649519"}],"wp:attachment":[{"href":"https:\/\/neuvee.com\/pl\/wp-json\/wp\/v2\/media?parent=595725"}],"wp:term":[{"taxonomy":"product_cat","embeddable":true,"href":"https:\/\/neuvee.com\/pl\/wp-json\/wp\/v2\/product_cat?post=595725"},{"taxonomy":"product_tag","embeddable":true,"href":"https:\/\/neuvee.com\/pl\/wp-json\/wp\/v2\/product_tag?post=595725"}],"curies":[{"name":"wp","href":"https:\/\/api.w.org\/{rel}","templated":true}]}}