{"id":595724,"date":"2023-05-07T20:44:18","date_gmt":"2023-05-07T20:44:18","guid":{"rendered":"https:\/\/neuvee.com\/?post_type=product&#038;p=595724"},"modified":"2025-05-19T14:30:45","modified_gmt":"2025-05-19T14:30:45","slug":"dying-light-vintage-gunslinger-bundle","status":"publish","type":"product","link":"https:\/\/neuvee.com\/pl\/product\/dying-light-vintage-gunslinger-bundle\/","title":{"rendered":"DYING LIGHT &#8211; VINTAGE GUNSLINGER BUNDLE"},"content":{"rendered":"<p>Nie ma to jak stare dobre prawo i\u00a0porz\u0105dek. Zwalczaj przest\u0119pc\u00f3w jako szeryf uzbrojony w\u00a0Zdrajc\u0119, Onyksowy Grom i\u00a0Zast\u0119pc\u0119, patroluj\u0105cy swoje hrabstwo w\u00a0\u0142aziku Z\u0142oty Byk. Pakiet retro-rewolwerowca zawiera nowy str\u00f3j, nowy lakier do \u0142azika i\u00a0plany na trzy nowe bronie: strzelb\u0119, rewolwer i\u00a0d\u0142ugi n\u00f3\u017c. Uwaga: ta\u00a0zawarto\u015b\u0107 wymaga dodatku Dying Light: The Following.<br \/>\n<\/p>","protected":false},"excerpt":{"rendered":"<p>Nie ma to jak stare dobre prawo i\u00a0porz\u0105dek. Zwalczaj przest\u0119pc\u00f3w jako szeryf uzbrojony w\u00a0Zdrajc\u0119, Onyksowy Grom i\u00a0Zast\u0119pc\u0119, patroluj\u0105cy swoje hrabstwo w\u00a0\u0142aziku Z\u0142oty Byk. Pakiet retro-rewolwerowca zawiera nowy str\u00f3j, nowy lakier do \u0142azika i\u00a0plany na trzy nowe bronie: strzelb\u0119, rewolwer i\u00a0d\u0142ugi n\u00f3\u017c. Uwaga: ta\u00a0zawarto\u015b\u0107 wymaga dodatku Dying Light: The Following.<\/p>\n","protected":false},"featured_media":649518,"comment_status":"closed","ping_status":"closed","template":"","meta":{"ub_ctt_via":""},"product_cat":[225,88],"product_tag":[218],"class_list":["post-595724","product","type-product","status-publish","has-post-thumbnail","hentry","product_cat-role-playing","product_cat-action","product_tag-games","platform-steam-works"],"_links":{"self":[{"href":"https:\/\/neuvee.com\/pl\/wp-json\/wp\/v2\/product\/595724","targetHints":{"allow":["GET"]}}],"collection":[{"href":"https:\/\/neuvee.com\/pl\/wp-json\/wp\/v2\/product"}],"about":[{"href":"https:\/\/neuvee.com\/pl\/wp-json\/wp\/v2\/types\/product"}],"replies":[{"embeddable":true,"href":"https:\/\/neuvee.com\/pl\/wp-json\/wp\/v2\/comments?post=595724"}],"wp:featuredmedia":[{"embeddable":true,"href":"https:\/\/neuvee.com\/pl\/wp-json\/wp\/v2\/media\/649518"}],"wp:attachment":[{"href":"https:\/\/neuvee.com\/pl\/wp-json\/wp\/v2\/media?parent=595724"}],"wp:term":[{"taxonomy":"product_cat","embeddable":true,"href":"https:\/\/neuvee.com\/pl\/wp-json\/wp\/v2\/product_cat?post=595724"},{"taxonomy":"product_tag","embeddable":true,"href":"https:\/\/neuvee.com\/pl\/wp-json\/wp\/v2\/product_tag?post=595724"}],"curies":[{"name":"wp","href":"https:\/\/api.w.org\/{rel}","templated":true}]}}