{"id":595723,"date":"2023-05-07T20:44:04","date_gmt":"2023-05-07T20:44:04","guid":{"rendered":"https:\/\/neuvee.com\/?post_type=product&#038;p=595723"},"modified":"2025-05-19T13:23:54","modified_gmt":"2025-05-19T13:23:54","slug":"dying-light-viking-raiders-of-harran-bundle","status":"publish","type":"product","link":"https:\/\/neuvee.com\/pl\/product\/dying-light-viking-raiders-of-harran-bundle\/","title":{"rendered":"DYING LIGHT &#8211; VIKING: RAIDERS OF HARRAN BUNDLE"},"content":{"rendered":"<p>Naostrzcie topory, dzieci Odyna \u2013 wzywa was Harran!<\/p>\n<p>Sta\u0144cie si\u0119 prawdziwymi wikingami z&nbsp;now\u0105 paczk\u0105 premium do Dying Light!<\/p>\n<p>Kto powiedzia\u0142, \u017ce wikingowie nie walczyli z&nbsp;zombie, niech sprawdzi jeszcze raz, bo&nbsp;w Harran mamy precedens. Morze wyrzuci\u0142o na brzeg was \u2013 rozb\u00f3jnik\u00f3w z&nbsp;P\u00f3\u0142nocy. I nigdy nie wygl\u0105dali\u015bcie lepiej. Bo w ko\u0144cu czym\u017ce jest troch\u0119 nieumar\u0142ych w por\u00f3wnaniu do tego, co ju\u017c przeszli\u015bcie? Wojny, grabie\u017ce, rozlew krwi\u2026 Harran to tylko kolejny punkt na waszej li\u015bcie miejsc do podbicia. A my wam pomo\u017cemy.<\/p>\n<p>Prawdziwi wikingowie nie zadowalaj\u0105 si\u0119 byle czym, zatem&nbsp;godnie was wyposa\u017cymy. Bez wzgl\u0119du na to, czy chcecie podbija\u0107 Harran w klasycznym stylu, czy jednak&nbsp;troch\u0119 zaszale\u0107, na pewno znajdziecie co\u015b dla siebie. Czekaj\u0105 na was dwie sk\u00f3rki gracza najwy\u017cszej jako\u015bci \u2013 idealne, \u017ceby splami\u0107 je krwi\u0105 zombie. A skoro ju\u017c m\u00f3wimy o&nbsp;krwi, to b\u0119dziecie mogli masakrowa\u0107 swoich przeciwnik\u00f3w nowiutkim, l\u015bni\u0105cym mieczem, toporem lub&nbsp;niezawodn\u0105 tarcz\u0105. Ka\u017cda z&nbsp;tych broni pojawi si\u0119 w dw\u00f3ch wersjach! Zafundujcie zainfekowanym oldskulow\u0105 rze\u017a albo&nbsp;spalcie ich na popi\u00f3\u0142! Wyb\u00f3r nale\u017cy do was. Ale to nie wszystko! Nie my\u015bleli\u015bcie chyba, \u017ce zostawiliby\u015bmy was bez waszych statk\u00f3w. Dokonali\u015bmy pewnych modyfikacji, \u017ceby dostosowa\u0107 je do nowych warunk\u00f3w i&nbsp;teraz mo\u017cecie naje\u017cd\u017ca\u0107 Harran niczym kr\u00f3lowie. Pomy\u015blnych wiatr\u00f3w, wojowie!<\/p>\n<p>Paczka zawiera:<br \/>\n&#8211; Dwa stroje \u201eNaje\u017ad\u017aca z&nbsp;Harranu\u201d: \u201eWojownik Bj\u00f6rn\u201d i&nbsp;\u201eBerserker Bj\u00f6rn\u201d,<br \/>\n&#8211; Dwa ci\u0119\u017ckie topory dwur\u0119czne: Ragnar\u00f6k i&nbsp;Popio\u0142y Ragnar\u00f6ku,<br \/>\n&#8211; Dwa miecze jednor\u0119czne: Aesir i&nbsp;Ognisty Aesir,<br \/>\n&#8211; Dwie tarcze: Obro\u0144ca Asgardu i&nbsp;Ognisty mur Asgardu,<br \/>\n&#8211; Lakier do buggiego \u201eReinen\u201d .<\/p>","protected":false},"excerpt":{"rendered":"<p>Naostrzcie topory, dzieci Odyna \u2013 wzywa was Harran! Sta\u0144cie si\u0119 prawdziwymi wikingami z&nbsp;now\u0105 paczk\u0105 premium do Dying Light! Kto powiedzia\u0142, \u017ce wikingowie nie walczyli z&nbsp;zombie, niech sprawdzi jeszcze raz, bo&nbsp;w Harran mamy precedens. Morze wyrzuci\u0142o na brzeg was \u2013 rozb\u00f3jnik\u00f3w z&nbsp;P\u00f3\u0142nocy. I nigdy nie wygl\u0105dali\u015bcie lepiej. Bo w ko\u0144cu czym\u017ce jest troch\u0119 nieumar\u0142ych w por\u00f3wnaniu [&hellip;]<\/p>\n","protected":false},"featured_media":649517,"comment_status":"closed","ping_status":"closed","template":"","meta":{"ub_ctt_via":""},"product_cat":[225,88],"product_tag":[218],"class_list":["post-595723","product","type-product","status-publish","has-post-thumbnail","hentry","product_cat-role-playing","product_cat-action","product_tag-games","platform-steam-works"],"_links":{"self":[{"href":"https:\/\/neuvee.com\/pl\/wp-json\/wp\/v2\/product\/595723","targetHints":{"allow":["GET"]}}],"collection":[{"href":"https:\/\/neuvee.com\/pl\/wp-json\/wp\/v2\/product"}],"about":[{"href":"https:\/\/neuvee.com\/pl\/wp-json\/wp\/v2\/types\/product"}],"replies":[{"embeddable":true,"href":"https:\/\/neuvee.com\/pl\/wp-json\/wp\/v2\/comments?post=595723"}],"wp:featuredmedia":[{"embeddable":true,"href":"https:\/\/neuvee.com\/pl\/wp-json\/wp\/v2\/media\/649517"}],"wp:attachment":[{"href":"https:\/\/neuvee.com\/pl\/wp-json\/wp\/v2\/media?parent=595723"}],"wp:term":[{"taxonomy":"product_cat","embeddable":true,"href":"https:\/\/neuvee.com\/pl\/wp-json\/wp\/v2\/product_cat?post=595723"},{"taxonomy":"product_tag","embeddable":true,"href":"https:\/\/neuvee.com\/pl\/wp-json\/wp\/v2\/product_tag?post=595723"}],"curies":[{"name":"wp","href":"https:\/\/api.w.org\/{rel}","templated":true}]}}