{"id":595722,"date":"2023-05-07T20:42:39","date_gmt":"2023-05-07T20:42:39","guid":{"rendered":"https:\/\/neuvee.com\/?post_type=product&#038;p=595722"},"modified":"2025-05-19T13:59:52","modified_gmt":"2025-05-19T13:59:52","slug":"dying-light-van-crane-bundle","status":"publish","type":"product","link":"https:\/\/neuvee.com\/pl\/product\/dying-light-van-crane-bundle\/","title":{"rendered":"DYING LIGHT &#8211; VAN CRANE BUNDLE"},"content":{"rendered":"<p>O TYM DLC<br \/>\nCho\u0107 gdy rozpoczyna si\u0119 wigilia Wszystkich \u015awi\u0119tych, wi\u0119kszo\u015b\u0107 szuka schronienia, ty nie obawiasz si\u0119 \u017cadnego potwora i&nbsp;\u017cadnego nocnego stwora. Albowiem jeste\u015b Van Crane, zab\u00f3jca strach\u00f3w, a&nbsp;Halloween jest dla ciebie prawdziw\u0105 uczt\u0105. Tw\u00f3j ubi\u00f3r, zakl\u0119ty krwi\u0105, umo\u017cliwia ci przywo\u0142anie z&nbsp;powrotem ka\u017cdej broni miotanej. Zaskocz wi\u0119c&nbsp;zombie i&nbsp;poodcinaj im g\u0142owy, gdy si\u0119 najmniej tego spodziewaj\u0105. Z tego w ko\u0144cu s\u0142yniesz.<\/p>\n<p>Dzi\u0119ki zestawowi dziennej i&nbsp;nocnej broni staniesz si\u0119 prawdziw\u0105 zgub\u0105 nieumar\u0142ych. Gdy tylko si\u0119gniesz po sw\u00f3j \u015bmierciono\u015bny pistolet, Blask \u015awitu, b\u0119d\u0105 wiedzie\u0107, \u017ce polowanie si\u0119 rozpocz\u0119\u0142o. Znajd\u017a sobie dobre miejsce, by mie\u0107 czas na za\u0142adowanie srebrnej kuli, i&nbsp;eliminuj najpot\u0119\u017cniejsze potwory jednym strza\u0142em. Potem wyturlaj si\u0119 zza naro\u017cnika i&nbsp;zlikwiduj to, co pozosta\u0142o, z&nbsp;kuszy zwanej Sercok\u0142uj \u2013 poka\u017c jej mo\u017cliwo\u015bci, gdy tylko zajdzie s\u0142o\u0144ce. A je\u015bli jakie\u015b bezbo\u017cne stwory jeszcze b\u0119d\u0105 pr\u00f3bowa\u0142y uj\u015b\u0107 przed zgub\u0105, egzorcyzmuj je swoim Mieczem Nocy, kt\u00f3ry czerpie moc bezpo\u015brednio z&nbsp;ksi\u0119\u017cyca. Trzeba oczy\u015bci\u0107 ulice Harranu, a&nbsp;ty, Van Crane, przysi\u0105g\u0142e\u015b nie spocz\u0105\u0107, p\u00f3ki to dzie\u0142o nie zostanie uko\u0144czone.<\/p>\n<p>Paczka zawiera:<br \/>\nVan Crane \u2013 nowy kostium ze specjaln\u0105 umiej\u0119tno\u015bci\u0105 o&nbsp;nazwie \u201eboomerang\u201d<br \/>\nBlask \u015awitu \u2013 pistolet, kt\u00f3ry mo\u017ce strzela\u0107 srebrnymi kulami<br \/>\nSercok\u0142uj \u2013 kusza, kt\u00f3ra staje si\u0119 pot\u0119\u017cniejsza noc\u0105 i&nbsp;zmienia wtedy wygl\u0105d<br \/>\nMiecz Nocy \u2013 klinga, kt\u00f3ra staje si\u0119 pot\u0119\u017cniejsza noc\u0105 i&nbsp;zmienia wtedy wygl\u0105d<\/p>\n<p><\/p>","protected":false},"excerpt":{"rendered":"<p>O TYM DLC Cho\u0107 gdy rozpoczyna si\u0119 wigilia Wszystkich \u015awi\u0119tych, wi\u0119kszo\u015b\u0107 szuka schronienia, ty nie obawiasz si\u0119 \u017cadnego potwora i&nbsp;\u017cadnego nocnego stwora. Albowiem jeste\u015b Van Crane, zab\u00f3jca strach\u00f3w, a&nbsp;Halloween jest dla ciebie prawdziw\u0105 uczt\u0105. Tw\u00f3j ubi\u00f3r, zakl\u0119ty krwi\u0105, umo\u017cliwia ci przywo\u0142anie z&nbsp;powrotem ka\u017cdej broni miotanej. Zaskocz wi\u0119c&nbsp;zombie i&nbsp;poodcinaj im g\u0142owy, gdy si\u0119 najmniej tego spodziewaj\u0105. [&hellip;]<\/p>\n","protected":false},"featured_media":648948,"comment_status":"closed","ping_status":"closed","template":"","meta":{"ub_ctt_via":""},"product_cat":[225,88],"product_tag":[218],"class_list":["post-595722","product","type-product","status-publish","has-post-thumbnail","hentry","product_cat-role-playing","product_cat-action","product_tag-games","platform-steam-works"],"_links":{"self":[{"href":"https:\/\/neuvee.com\/pl\/wp-json\/wp\/v2\/product\/595722","targetHints":{"allow":["GET"]}}],"collection":[{"href":"https:\/\/neuvee.com\/pl\/wp-json\/wp\/v2\/product"}],"about":[{"href":"https:\/\/neuvee.com\/pl\/wp-json\/wp\/v2\/types\/product"}],"replies":[{"embeddable":true,"href":"https:\/\/neuvee.com\/pl\/wp-json\/wp\/v2\/comments?post=595722"}],"wp:featuredmedia":[{"embeddable":true,"href":"https:\/\/neuvee.com\/pl\/wp-json\/wp\/v2\/media\/648948"}],"wp:attachment":[{"href":"https:\/\/neuvee.com\/pl\/wp-json\/wp\/v2\/media?parent=595722"}],"wp:term":[{"taxonomy":"product_cat","embeddable":true,"href":"https:\/\/neuvee.com\/pl\/wp-json\/wp\/v2\/product_cat?post=595722"},{"taxonomy":"product_tag","embeddable":true,"href":"https:\/\/neuvee.com\/pl\/wp-json\/wp\/v2\/product_tag?post=595722"}],"curies":[{"name":"wp","href":"https:\/\/api.w.org\/{rel}","templated":true}]}}