{"id":595720,"date":"2023-05-07T20:42:08","date_gmt":"2023-05-07T20:42:08","guid":{"rendered":"https:\/\/neuvee.com\/?post_type=product&#038;p=595720"},"modified":"2025-05-19T14:26:39","modified_gmt":"2025-05-19T14:26:39","slug":"dying-light-shu-warrior-bundle","status":"publish","type":"product","link":"https:\/\/neuvee.com\/pl\/product\/dying-light-shu-warrior-bundle\/","title":{"rendered":"DYING LIGHT &#8211; SHU WARRIOR BUNDLE"},"content":{"rendered":"<p>Dziesi\u0105tkuj zombie jako nieustraszony Wojownik Shu (Szczurzy Wojownik). Opr\u00f3cz nowego stroju, kt\u00f3ry utrudni zombiakom z\u0142apanie ci\u0119, i&nbsp;nowej sk\u00f3rki pojazdu, zestaw przygotowany z&nbsp;okazji Chi\u0144skiego Nowego Roku 2020 (Roku Szczura) zawiera schematy trzech nowych broni. Podmuch Wiatru to zadaj\u0105ca wysokie obra\u017cenia kusza, kt\u00f3r\u0105 mo\u017cesz wytworzy\u0107, nawet je\u015bli nie masz rozszerzenia The Following. W Dao Skacz\u0105cego Tygrysa (miecz) i&nbsp;Smoczym Ji (halabarda) zakl\u0119ta jest prastara moc, kt\u00f3r\u0105 obudzisz, atakuj\u0105c celnie kilka razy z&nbsp;rz\u0119du. Smocze Ji dodatkowo pozwala wyprowadzi\u0107 szczeg\u00f3lnie niszczycielski pot\u0119\u017cny atak. Uwaga: \u017ceby wykorzysta\u0107 now\u0105 sk\u00f3rk\u0119 pojazdu, musisz posiada\u0107 rozszerzenie Dying Light: The Following.<\/p>\n<p><\/p>","protected":false},"excerpt":{"rendered":"<p>Dziesi\u0105tkuj zombie jako nieustraszony Wojownik Shu (Szczurzy Wojownik). Opr\u00f3cz nowego stroju, kt\u00f3ry utrudni zombiakom z\u0142apanie ci\u0119, i&nbsp;nowej sk\u00f3rki pojazdu, zestaw przygotowany z&nbsp;okazji Chi\u0144skiego Nowego Roku 2020 (Roku Szczura) zawiera schematy trzech nowych broni. Podmuch Wiatru to zadaj\u0105ca wysokie obra\u017cenia kusza, kt\u00f3r\u0105 mo\u017cesz wytworzy\u0107, nawet je\u015bli nie masz rozszerzenia The Following. W Dao Skacz\u0105cego Tygrysa (miecz) [&hellip;]<\/p>\n","protected":false},"featured_media":649499,"comment_status":"closed","ping_status":"closed","template":"","meta":{"ub_ctt_via":""},"product_cat":[225,88],"product_tag":[218],"class_list":["post-595720","product","type-product","status-publish","has-post-thumbnail","hentry","product_cat-role-playing","product_cat-action","product_tag-games","platform-steam-works"],"_links":{"self":[{"href":"https:\/\/neuvee.com\/pl\/wp-json\/wp\/v2\/product\/595720","targetHints":{"allow":["GET"]}}],"collection":[{"href":"https:\/\/neuvee.com\/pl\/wp-json\/wp\/v2\/product"}],"about":[{"href":"https:\/\/neuvee.com\/pl\/wp-json\/wp\/v2\/types\/product"}],"replies":[{"embeddable":true,"href":"https:\/\/neuvee.com\/pl\/wp-json\/wp\/v2\/comments?post=595720"}],"wp:featuredmedia":[{"embeddable":true,"href":"https:\/\/neuvee.com\/pl\/wp-json\/wp\/v2\/media\/649499"}],"wp:attachment":[{"href":"https:\/\/neuvee.com\/pl\/wp-json\/wp\/v2\/media?parent=595720"}],"wp:term":[{"taxonomy":"product_cat","embeddable":true,"href":"https:\/\/neuvee.com\/pl\/wp-json\/wp\/v2\/product_cat?post=595720"},{"taxonomy":"product_tag","embeddable":true,"href":"https:\/\/neuvee.com\/pl\/wp-json\/wp\/v2\/product_tag?post=595720"}],"curies":[{"name":"wp","href":"https:\/\/api.w.org\/{rel}","templated":true}]}}