{"id":595719,"date":"2023-05-07T20:41:50","date_gmt":"2023-05-07T20:41:50","guid":{"rendered":"https:\/\/neuvee.com\/?post_type=product&#038;p=595719"},"modified":"2025-05-19T13:52:28","modified_gmt":"2025-05-19T13:52:28","slug":"dying-light-savvy-gamer-bundle","status":"publish","type":"product","link":"https:\/\/neuvee.com\/pl\/product\/dying-light-savvy-gamer-bundle\/","title":{"rendered":"DYING LIGHT \u2013 SAVVY GAMER BUNDLE"},"content":{"rendered":"<p>Czas pokaza\u0107 zaka\u017conym troch\u0119 nowego sprz\u0119tu! Po\u0142\u0105cz co najmniej trzy trafienia nowym toporem jednor\u0119cznym \u2013 Ciachbletem RGB \u2013 by zada\u0107 obra\u017cenia od pora\u017cenia elektrycznego! A je\u015bli wolisz co\u015b ci\u0119\u017cszego, walnij zombiaka m\u0142otem NG. U\u017cyj na\u0142adowanego ataku, by ca\u0142a energia pop\u0142yn\u0119\u0142a przez jego obwody, a&nbsp;tak\u017ce cia\u0142a trafionych przeciwnik\u00f3w. By\u0107 mo\u017ce wolisz w dzisiejszych czasach zachowa\u0107 dystans spo\u0142eczny? Przyda ci si\u0119 wtedy meta\u0142uk LED-owy . \u015awieci, strzela, a&nbsp;co najwa\u017cniejsze \u2013 trzyma z&nbsp;daleka te krwio\u017cercze potwory! Nie zapominamy te\u017c o&nbsp;twoich talentach rzemie\u015blniczych! Kilka dodatkowych \u015bwiate\u0142ek tu i&nbsp;\u00f3wdzie i&nbsp;tw\u00f3j \u0142azik zmieni si\u0119 w czadowe 4k\u00f3\u0142ka ! Wskakuj wi\u0119c&nbsp;za kierownic\u0119, zak\u0142adaj gogle VR 1337 G4m3R ( Uwaga! Mog\u0105 ogranicza\u0107 pole widzenia! ) i&nbsp;wydosta\u0144 si\u0119 z&nbsp;najwi\u0119kszego ba\u0142aganu! Pakiet zawiera:<br \/>\n&#8211; Str\u00f3j \u2013 1337 G4m3R<br \/>\n&#8211; Sk\u00f3rka do \u0142azika \u2013 4k\u00f3\u0142ka<br \/>\n&#8211; Top\u00f3r jednor\u0119czny \u2013 Ciachblet RGB: powoduje wstrz\u0105s elektryczny po trzecim trafieniu z&nbsp;rz\u0119du<br \/>\n&#8211; M\u0142ot bojowy \u2013 M\u0142ot NG: na\u0142adowane ataki powoduj\u0105 obra\u017cenia od pora\u017cenia<br \/>\n&#8211; Meta\u0142uk LED-owy<br \/>\n<\/p>","protected":false},"excerpt":{"rendered":"<p>Czas pokaza\u0107 zaka\u017conym troch\u0119 nowego sprz\u0119tu! Po\u0142\u0105cz co najmniej trzy trafienia nowym toporem jednor\u0119cznym \u2013 Ciachbletem RGB \u2013 by zada\u0107 obra\u017cenia od pora\u017cenia elektrycznego! A je\u015bli wolisz co\u015b ci\u0119\u017cszego, walnij zombiaka m\u0142otem NG. U\u017cyj na\u0142adowanego ataku, by ca\u0142a energia pop\u0142yn\u0119\u0142a przez jego obwody, a&nbsp;tak\u017ce cia\u0142a trafionych przeciwnik\u00f3w. By\u0107 mo\u017ce wolisz w dzisiejszych czasach zachowa\u0107 dystans [&hellip;]<\/p>\n","protected":false},"featured_media":649497,"comment_status":"closed","ping_status":"closed","template":"","meta":{"ub_ctt_via":""},"product_cat":[15],"product_tag":[218],"class_list":["post-595719","product","type-product","status-publish","has-post-thumbnail","hentry","product_cat-uncategorized","product_tag-games","platform-steam-works"],"_links":{"self":[{"href":"https:\/\/neuvee.com\/pl\/wp-json\/wp\/v2\/product\/595719","targetHints":{"allow":["GET"]}}],"collection":[{"href":"https:\/\/neuvee.com\/pl\/wp-json\/wp\/v2\/product"}],"about":[{"href":"https:\/\/neuvee.com\/pl\/wp-json\/wp\/v2\/types\/product"}],"replies":[{"embeddable":true,"href":"https:\/\/neuvee.com\/pl\/wp-json\/wp\/v2\/comments?post=595719"}],"wp:featuredmedia":[{"embeddable":true,"href":"https:\/\/neuvee.com\/pl\/wp-json\/wp\/v2\/media\/649497"}],"wp:attachment":[{"href":"https:\/\/neuvee.com\/pl\/wp-json\/wp\/v2\/media?parent=595719"}],"wp:term":[{"taxonomy":"product_cat","embeddable":true,"href":"https:\/\/neuvee.com\/pl\/wp-json\/wp\/v2\/product_cat?post=595719"},{"taxonomy":"product_tag","embeddable":true,"href":"https:\/\/neuvee.com\/pl\/wp-json\/wp\/v2\/product_tag?post=595719"}],"curies":[{"name":"wp","href":"https:\/\/api.w.org\/{rel}","templated":true}]}}