{"id":595701,"date":"2023-05-07T20:40:44","date_gmt":"2023-05-07T20:40:44","guid":{"rendered":"https:\/\/neuvee.com\/?post_type=product&#038;p=595701"},"modified":"2025-05-19T13:51:55","modified_gmt":"2025-05-19T13:51:55","slug":"dying-light-retrowave-bundle","status":"publish","type":"product","link":"https:\/\/neuvee.com\/pl\/product\/dying-light-retrowave-bundle\/","title":{"rendered":"DYING LIGHT &#8211; RETROWAVE BUNDLE"},"content":{"rendered":"<p>Daj si\u0119 ponie\u015b\u0107 fali nostalgii wyposa\u017cony w odwa\u017cnie zaprojektowany, retrofuturystyczny sprz\u0119t. Obok nowego stroju Night Rider otrzymasz now\u0105 sk\u00f3rk\u0119 pojazdu (Speedmaster Turbo) i&nbsp;trzy nowe schematy broni. Nie daj si\u0119 zwie\u015b\u0107 barwnemu wygl\u0105dowi! Ka\u017cdy, kto we\u017amie maczet\u0119 Blademaxx, rewolwer Vindicator 2000 lub&nbsp;karabin automatyczny Volkatronix za zabawk\u0119, bole\u015bnie si\u0119 zdziwi. Niekwestionowan\u0105 gwiazd\u0105 jest tu Volkatronix. Zaprojektowany przez Tolg\u0119 i&nbsp;Fatina dla Volkana Dala, jest pierwsz\u0105 w Dying Light broni\u0105 paln\u0105 strzelaj\u0105c\u0105 elektrycznymi pociskami, co czyni z&nbsp;niego pozycj\u0119 obowi\u0105zkow\u0105 w twoim arsenale. Uwaga: \u017ceby wykorzysta\u0107 now\u0105 sk\u00f3rk\u0119 pojazdu, musisz posiada\u0107 rozszerzenie Dying Light: The Following.<br \/>\n<\/p>","protected":false},"excerpt":{"rendered":"<p>Daj si\u0119 ponie\u015b\u0107 fali nostalgii wyposa\u017cony w odwa\u017cnie zaprojektowany, retrofuturystyczny sprz\u0119t. Obok nowego stroju Night Rider otrzymasz now\u0105 sk\u00f3rk\u0119 pojazdu (Speedmaster Turbo) i&nbsp;trzy nowe schematy broni. Nie daj si\u0119 zwie\u015b\u0107 barwnemu wygl\u0105dowi! Ka\u017cdy, kto we\u017amie maczet\u0119 Blademaxx, rewolwer Vindicator 2000 lub&nbsp;karabin automatyczny Volkatronix za zabawk\u0119, bole\u015bnie si\u0119 zdziwi. Niekwestionowan\u0105 gwiazd\u0105 jest tu Volkatronix. Zaprojektowany przez [&hellip;]<\/p>\n","protected":false},"featured_media":649498,"comment_status":"closed","ping_status":"closed","template":"","meta":{"ub_ctt_via":""},"product_cat":[225,88],"product_tag":[218],"class_list":["post-595701","product","type-product","status-publish","has-post-thumbnail","hentry","product_cat-role-playing","product_cat-action","product_tag-games","platform-steam-works"],"_links":{"self":[{"href":"https:\/\/neuvee.com\/pl\/wp-json\/wp\/v2\/product\/595701","targetHints":{"allow":["GET"]}}],"collection":[{"href":"https:\/\/neuvee.com\/pl\/wp-json\/wp\/v2\/product"}],"about":[{"href":"https:\/\/neuvee.com\/pl\/wp-json\/wp\/v2\/types\/product"}],"replies":[{"embeddable":true,"href":"https:\/\/neuvee.com\/pl\/wp-json\/wp\/v2\/comments?post=595701"}],"wp:featuredmedia":[{"embeddable":true,"href":"https:\/\/neuvee.com\/pl\/wp-json\/wp\/v2\/media\/649498"}],"wp:attachment":[{"href":"https:\/\/neuvee.com\/pl\/wp-json\/wp\/v2\/media?parent=595701"}],"wp:term":[{"taxonomy":"product_cat","embeddable":true,"href":"https:\/\/neuvee.com\/pl\/wp-json\/wp\/v2\/product_cat?post=595701"},{"taxonomy":"product_tag","embeddable":true,"href":"https:\/\/neuvee.com\/pl\/wp-json\/wp\/v2\/product_tag?post=595701"}],"curies":[{"name":"wp","href":"https:\/\/api.w.org\/{rel}","templated":true}]}}