{"id":595700,"date":"2023-05-07T20:40:28","date_gmt":"2023-05-07T20:40:28","guid":{"rendered":"https:\/\/neuvee.com\/?post_type=product&#038;p=595700"},"modified":"2025-05-19T14:29:15","modified_gmt":"2025-05-19T14:29:15","slug":"dying-light-rais-elite-bundle","status":"publish","type":"product","link":"https:\/\/neuvee.com\/pl\/product\/dying-light-rais-elite-bundle\/","title":{"rendered":"DYING LIGHT &#8211; RAIS ELITE BUNDLE"},"content":{"rendered":"<p>O TYM DLC<br \/>\nW \u015bwiecie, w kt\u00f3rym cz\u0142owiek jest cz\u0142owiekowi wilkiem, najwi\u0119ksz\u0105 szans\u0119 na przetrwanie masz wtedy, gdy staniesz si\u0119 najwi\u0119ksz\u0105, najgro\u017aniejsz\u0105 besti\u0105 ze wszystkich. Zosta\u0144 przyw\u00f3dc\u0105 watahy dzi\u0119ki temu zestawowi inspirowanemu gangiem Raisa. Ciesz si\u0119 z&nbsp;nowego stroju dla postaci, nowej sk\u00f3rki dla pojazdu (Dzika Bestia) oraz&nbsp;3 nowych broni \u2013 Lupusa (zab\u00f3jczego no\u017ca), Alfy (karabinu szturmowego z&nbsp;powi\u0119kszonym magazynkiem) oraz&nbsp;Szczeniaka (pistoletu zadaj\u0105cego ogromne obra\u017cenia przy trafieniach w g\u0142ow\u0119). Ca\u0142y sprz\u0119t jest krzykliwie pomalowany na \u017c\u00f3\u0142to \u2013 nie jest to zbyt skuteczny kamufla\u017c, ale nie musisz czai\u0107 si\u0119 w krzakach, prawda? Nale\u017cysz do elity Raisa, niech wszyscy ci\u0119 zobacz\u0105!<\/p>\n<p>Uwaga, malowanie do buggy wymaga rozszerzenia Dying Light: The Following.<\/p>\n<p>OPIS DOTYCZ\u0104CY TRE\u015aCI DLA DOROS\u0141YCH<br \/>\nProducenci opisuj\u0105 te tre\u015bci w nast\u0119puj\u0105cy spos\u00f3b:<\/p>\n<p>To DLC mo\u017ce zawiera\u0107 tre\u015bci nieodpowiednie dla wszystkich grup wiekowych lub&nbsp;nie nadawa\u0107 si\u0119 do ogl\u0105dania w pracy: Cz\u0119sta przemoc lub&nbsp;brutalno\u015b\u0107, Tre\u015bci przeznaczone dla doros\u0142ych<\/p>","protected":false},"excerpt":{"rendered":"<p>O TYM DLC W \u015bwiecie, w kt\u00f3rym cz\u0142owiek jest cz\u0142owiekowi wilkiem, najwi\u0119ksz\u0105 szans\u0119 na przetrwanie masz wtedy, gdy staniesz si\u0119 najwi\u0119ksz\u0105, najgro\u017aniejsz\u0105 besti\u0105 ze wszystkich. Zosta\u0144 przyw\u00f3dc\u0105 watahy dzi\u0119ki temu zestawowi inspirowanemu gangiem Raisa. Ciesz si\u0119 z&nbsp;nowego stroju dla postaci, nowej sk\u00f3rki dla pojazdu (Dzika Bestia) oraz&nbsp;3 nowych broni \u2013 Lupusa (zab\u00f3jczego no\u017ca), Alfy (karabinu [&hellip;]<\/p>\n","protected":false},"featured_media":648793,"comment_status":"closed","ping_status":"closed","template":"","meta":{"ub_ctt_via":""},"product_cat":[225,88],"product_tag":[218],"class_list":["post-595700","product","type-product","status-publish","has-post-thumbnail","hentry","product_cat-role-playing","product_cat-action","product_tag-games","platform-steam-works"],"_links":{"self":[{"href":"https:\/\/neuvee.com\/pl\/wp-json\/wp\/v2\/product\/595700","targetHints":{"allow":["GET"]}}],"collection":[{"href":"https:\/\/neuvee.com\/pl\/wp-json\/wp\/v2\/product"}],"about":[{"href":"https:\/\/neuvee.com\/pl\/wp-json\/wp\/v2\/types\/product"}],"replies":[{"embeddable":true,"href":"https:\/\/neuvee.com\/pl\/wp-json\/wp\/v2\/comments?post=595700"}],"wp:featuredmedia":[{"embeddable":true,"href":"https:\/\/neuvee.com\/pl\/wp-json\/wp\/v2\/media\/648793"}],"wp:attachment":[{"href":"https:\/\/neuvee.com\/pl\/wp-json\/wp\/v2\/media?parent=595700"}],"wp:term":[{"taxonomy":"product_cat","embeddable":true,"href":"https:\/\/neuvee.com\/pl\/wp-json\/wp\/v2\/product_cat?post=595700"},{"taxonomy":"product_tag","embeddable":true,"href":"https:\/\/neuvee.com\/pl\/wp-json\/wp\/v2\/product_tag?post=595700"}],"curies":[{"name":"wp","href":"https:\/\/api.w.org\/{rel}","templated":true}]}}