{"id":595699,"date":"2023-05-07T20:40:13","date_gmt":"2023-05-07T20:40:13","guid":{"rendered":"https:\/\/neuvee.com\/?post_type=product&#038;p=595699"},"modified":"2025-05-19T13:41:15","modified_gmt":"2025-05-19T13:41:15","slug":"dying-light-hellraid-2","status":"publish","type":"product","link":"https:\/\/neuvee.com\/pl\/product\/dying-light-hellraid-2\/","title":{"rendered":"DYING LIGHT &#8211; HELLRAID"},"content":{"rendered":"<p>O TYM DLC<br \/>\nNikt nie wie, sk\u0105d wzi\u0105\u0142 si\u0119 dziwny automat do gier. Pewnego dnia mieszka\u0144cy Wie\u017cy po prostu znale\u017ali go w piwnicy po nietypowej awarii zasilania. Przenie\u015bli go na pi\u0119tro, nie maj\u0105c poj\u0119cia, \u017ce ich znalezisko to brama do innego wymiaru. Wzboga\u0107 swoje do\u015bwiadczenia w Dying Light dzi\u0119ki ca\u0142kowicie nowemu trybowi rozgrywki opartemu na Hellraid \u2013 obecnie wstrzymanym slasherze FPP Techlandu w realiach fantasy.<\/p>\n<p>PRZEBIJAJ SI\u0118 PRZEZ PIEKIELNE HORDY<br \/>\nPrzejd\u017a przez portal, by porzuci\u0107 znajome ulice Harran i&nbsp;przenie\u015b\u0107 si\u0119 do nadprzyrodzonej twierdzy opanowanej przez s\u0142ugi Piek\u0142a. Zapu\u015b\u0107 si\u0119 w kamienne korytarze i&nbsp;mroczne komnaty, zabijaj\u0105c ca\u0142kiem nowych, demonicznych wrog\u00f3w \u015bredniowiecznymi mieczami, toporami i&nbsp;m\u0142otami.<br \/>\nOPANUJ NOWY TRYB ROZGRYWKI<br \/>\nSprawd\u017a si\u0119 podczas intensywnych, satysfakcjonuj\u0105cych wypraw do lochu pe\u0142nego demon\u00f3w. Podno\u015b swoj\u0105 rang\u0119 w Hellraid, by uzyska\u0107 dost\u0119p do nowych broni, kt\u00f3rych da si\u0119 u\u017cywa\u0107 tak\u017ce poza piekielnym wymiarem. W nadchodz\u0105cej aktualizacji dodane zostan\u0105 zadania specjalne, dzi\u0119ki kt\u00f3rym b\u0119dziesz m\u00f3g\u0142 uzyska\u0107 dodatkowe nagrody.<br \/>\nWALCZ W POJEDYNK\u0118 LUB W CO-OPIE<br \/>\nSpr\u00f3buj szcz\u0119\u015bcia w pojedynk\u0119 lub&nbsp;zbierz dru\u017cyn\u0119 sk\u0142adaj\u0105c\u0105 si\u0119 z&nbsp;maksymalnie 4 os\u00f3b \u2013 wys\u0142annicy Piek\u0142a b\u0119d\u0105 przygotowani w ka\u017cdym przypadku. Szykuj si\u0119 na walk\u0119 z&nbsp;si\u0142ami nieczystymi stanowi\u0105cymi wyzwanie niezale\u017cnie od liczby i&nbsp;si\u0142y graczy.<br \/>\nOPIS DOTYCZ\u0104CY TRE\u015aCI DLA DOROS\u0141YCH<br \/>\nProducenci opisuj\u0105 te tre\u015bci w nast\u0119puj\u0105cy spos\u00f3b:<\/p>\n<p>To DLC mo\u017ce zawiera\u0107 tre\u015bci nieodpowiednie dla wszystkich grup wiekowych lub&nbsp;nie nadawa\u0107 si\u0119 do ogl\u0105dania w pracy: Cz\u0119sta przemoc lub&nbsp;brutalno\u015b\u0107, Tre\u015bci przeznaczone dla doros\u0142ych<\/p>","protected":false},"excerpt":{"rendered":"<p>O TYM DLC Nikt nie wie, sk\u0105d wzi\u0105\u0142 si\u0119 dziwny automat do gier. Pewnego dnia mieszka\u0144cy Wie\u017cy po prostu znale\u017ali go w piwnicy po nietypowej awarii zasilania. Przenie\u015bli go na pi\u0119tro, nie maj\u0105c poj\u0119cia, \u017ce ich znalezisko to brama do innego wymiaru. Wzboga\u0107 swoje do\u015bwiadczenia w Dying Light dzi\u0119ki ca\u0142kowicie nowemu trybowi rozgrywki opartemu na [&hellip;]<\/p>\n","protected":false},"featured_media":649515,"comment_status":"closed","ping_status":"closed","template":"","meta":{"ub_ctt_via":""},"product_cat":[225,88],"product_tag":[218,264],"class_list":["post-595699","product","type-product","status-publish","has-post-thumbnail","hentry","product_cat-role-playing","product_cat-action","product_tag-games","product_tag-weekend-sale","platform-steam-works"],"_links":{"self":[{"href":"https:\/\/neuvee.com\/pl\/wp-json\/wp\/v2\/product\/595699","targetHints":{"allow":["GET"]}}],"collection":[{"href":"https:\/\/neuvee.com\/pl\/wp-json\/wp\/v2\/product"}],"about":[{"href":"https:\/\/neuvee.com\/pl\/wp-json\/wp\/v2\/types\/product"}],"replies":[{"embeddable":true,"href":"https:\/\/neuvee.com\/pl\/wp-json\/wp\/v2\/comments?post=595699"}],"wp:featuredmedia":[{"embeddable":true,"href":"https:\/\/neuvee.com\/pl\/wp-json\/wp\/v2\/media\/649515"}],"wp:attachment":[{"href":"https:\/\/neuvee.com\/pl\/wp-json\/wp\/v2\/media?parent=595699"}],"wp:term":[{"taxonomy":"product_cat","embeddable":true,"href":"https:\/\/neuvee.com\/pl\/wp-json\/wp\/v2\/product_cat?post=595699"},{"taxonomy":"product_tag","embeddable":true,"href":"https:\/\/neuvee.com\/pl\/wp-json\/wp\/v2\/product_tag?post=595699"}],"curies":[{"name":"wp","href":"https:\/\/api.w.org\/{rel}","templated":true}]}}