{"id":595697,"date":"2023-05-07T20:38:52","date_gmt":"2023-05-07T20:38:52","guid":{"rendered":"https:\/\/neuvee.com\/?post_type=product&#038;p=595697"},"modified":"2025-05-19T13:22:10","modified_gmt":"2025-05-19T13:22:10","slug":"dying-light-harran-tactical-unit-bundle","status":"publish","type":"product","link":"https:\/\/neuvee.com\/pl\/product\/dying-light-harran-tactical-unit-bundle\/","title":{"rendered":"DYING LIGHT &#8211; HARRAN TACTICAL UNIT BUNDLE"},"content":{"rendered":"<p>Przy\u015blijcie wsparcie! Powtarzam. Przy\u015blijcie wsparcie! Odbi\u00f3r!<\/p>\n<p>Do\u0142\u0105czcie do specjalnej jednostki taktycznej \u2013 HTU \u2013 i&nbsp;pom\u00f3\u017ccie swojej dru\u017cynie opanowa\u0107 sytuacj\u0119 w Harranie!<\/p>\n<p>Do tej misji potrzebujemy najlepszych. Zosta\u0144 cz\u0142onkiem elitarnej jednostki i&nbsp;zmierz si\u0119 z&nbsp;niebezpiecze\u0144stwami czyhaj\u0105cymi na ciebie w Harranie. Stw\u00f3rz dru\u017cyn\u0119 ze znajomymi i&nbsp;chro\u0144cie siebie nawzajem!<\/p>\n<p>Zombie nie odpuszczaj\u0105; ich liczba wzrasta nawet teraz. W zwi\u0105zku z&nbsp;tym, \u017ce sytuacja pogarsza si\u0119 z&nbsp;godziny na godzin\u0119, nie pozostaje nam nic innego, jak wys\u0142a\u0107 do miasta *oddzia\u0142 HTU*. Zosta\u0144 jednym z&nbsp;&#8211; elitarnych oficer\u00f3w i&nbsp;poka\u017c zara\u017conym, jak to robi\u0105 profesjonali\u015bci- . Na miejsce dojedziesz swoim nowym \u0142azikiem \u2013 *Czw\u00f3reczk\u0105*. Gdy zombiaki zobacz\u0105 twoje migaj\u0105ce \u015bwiat\u0142a policyjne, b\u0119dzie ju\u017c dla nich za p\u00f3\u017ano. Zmie\u0107 je z&nbsp;drogi przy pomocy *specjalnego m\u0142ota ze sta\u0142ym efektem HyperMode*, kt\u00f3ry wyrzuci twoich przeciwnik\u00f3w w powietrze. Nast\u0119pnie rozstrzelaj ich *nowym karabinem lub&nbsp;now\u0105 strzelb\u0105*. Wszystkie chwyty dozwolone \u2013 operacja musi si\u0119 powie\u015b\u0107.<\/p>\n<p>Paczka zawiera:<br \/>\n&#8211; Pancerz HTU &#8222;&#8221;Ochroniarz&#8221;&#8221;<br \/>\n&#8211; Karabin HTU &#8222;&#8221;Stra\u017cnik&#8221;&#8221;<br \/>\n&#8211; Strzelba HTU &#8222;&#8221;Likwidator&#8221;&#8221;<br \/>\n&#8211; M\u0142ot HTU &#8222;&#8221;Si\u0142a perswazji&#8221;&#8221;<br \/>\n&#8211; \u0141azik HTU &#8222;&#8221;Czw\u00f3reczka&#8221;&#8221;<\/p>","protected":false},"excerpt":{"rendered":"<p>Przy\u015blijcie wsparcie! Powtarzam. Przy\u015blijcie wsparcie! Odbi\u00f3r! Do\u0142\u0105czcie do specjalnej jednostki taktycznej \u2013 HTU \u2013 i&nbsp;pom\u00f3\u017ccie swojej dru\u017cynie opanowa\u0107 sytuacj\u0119 w Harranie! Do tej misji potrzebujemy najlepszych. Zosta\u0144 cz\u0142onkiem elitarnej jednostki i&nbsp;zmierz si\u0119 z&nbsp;niebezpiecze\u0144stwami czyhaj\u0105cymi na ciebie w Harranie. Stw\u00f3rz dru\u017cyn\u0119 ze znajomymi i&nbsp;chro\u0144cie siebie nawzajem! Zombie nie odpuszczaj\u0105; ich liczba wzrasta nawet teraz. W zwi\u0105zku [&hellip;]<\/p>\n","protected":false},"featured_media":649514,"comment_status":"closed","ping_status":"closed","template":"","meta":{"ub_ctt_via":""},"product_cat":[225,88],"product_tag":[218],"class_list":["post-595697","product","type-product","status-publish","has-post-thumbnail","hentry","product_cat-role-playing","product_cat-action","product_tag-games","platform-steam-works"],"_links":{"self":[{"href":"https:\/\/neuvee.com\/pl\/wp-json\/wp\/v2\/product\/595697","targetHints":{"allow":["GET"]}}],"collection":[{"href":"https:\/\/neuvee.com\/pl\/wp-json\/wp\/v2\/product"}],"about":[{"href":"https:\/\/neuvee.com\/pl\/wp-json\/wp\/v2\/types\/product"}],"replies":[{"embeddable":true,"href":"https:\/\/neuvee.com\/pl\/wp-json\/wp\/v2\/comments?post=595697"}],"wp:featuredmedia":[{"embeddable":true,"href":"https:\/\/neuvee.com\/pl\/wp-json\/wp\/v2\/media\/649514"}],"wp:attachment":[{"href":"https:\/\/neuvee.com\/pl\/wp-json\/wp\/v2\/media?parent=595697"}],"wp:term":[{"taxonomy":"product_cat","embeddable":true,"href":"https:\/\/neuvee.com\/pl\/wp-json\/wp\/v2\/product_cat?post=595697"},{"taxonomy":"product_tag","embeddable":true,"href":"https:\/\/neuvee.com\/pl\/wp-json\/wp\/v2\/product_tag?post=595697"}],"curies":[{"name":"wp","href":"https:\/\/api.w.org\/{rel}","templated":true}]}}