{"id":595696,"date":"2023-05-07T20:38:37","date_gmt":"2023-05-07T20:38:37","guid":{"rendered":"https:\/\/neuvee.com\/?post_type=product&#038;p=595696"},"modified":"2025-05-19T14:07:29","modified_gmt":"2025-05-19T14:07:29","slug":"dying-light-harran-ranger-bundle","status":"publish","type":"product","link":"https:\/\/neuvee.com\/pl\/product\/dying-light-harran-ranger-bundle\/","title":{"rendered":"DYING LIGHT &#8211; HARRAN RANGER BUNDLE"},"content":{"rendered":"<p>Wymierz sprawiedliwo\u015b\u0107 bandytom jako Stra\u017cnik Harran! Za\u0142\u00f3\u017c nowy str\u00f3j moro, walcz przy pomocy ekskluzywnego \u0141uku Stra\u017cnika i&nbsp;patroluj okolic\u0119 zza kierownicy Tropiciela. Zestaw Stra\u017cnika Harran zawiera: nowe malowanie pojazdu, nowy str\u00f3j postaci, nowy plan broni oraz&nbsp;cztery plany strza\u0142. <\/p>\n<p>*Uwaga: Ten produkt wymaga rozszerzenia Dying Light: The Following.*<\/p>","protected":false},"excerpt":{"rendered":"<p>Wymierz sprawiedliwo\u015b\u0107 bandytom jako Stra\u017cnik Harran! Za\u0142\u00f3\u017c nowy str\u00f3j moro, walcz przy pomocy ekskluzywnego \u0141uku Stra\u017cnika i&nbsp;patroluj okolic\u0119 zza kierownicy Tropiciela. Zestaw Stra\u017cnika Harran zawiera: nowe malowanie pojazdu, nowy str\u00f3j postaci, nowy plan broni oraz&nbsp;cztery plany strza\u0142. *Uwaga: Ten produkt wymaga rozszerzenia Dying Light: The Following.*<\/p>\n","protected":false},"featured_media":649513,"comment_status":"closed","ping_status":"closed","template":"","meta":{"ub_ctt_via":""},"product_cat":[225,88],"product_tag":[218],"class_list":["post-595696","product","type-product","status-publish","has-post-thumbnail","hentry","product_cat-role-playing","product_cat-action","product_tag-games","platform-steam-works"],"_links":{"self":[{"href":"https:\/\/neuvee.com\/pl\/wp-json\/wp\/v2\/product\/595696","targetHints":{"allow":["GET"]}}],"collection":[{"href":"https:\/\/neuvee.com\/pl\/wp-json\/wp\/v2\/product"}],"about":[{"href":"https:\/\/neuvee.com\/pl\/wp-json\/wp\/v2\/types\/product"}],"replies":[{"embeddable":true,"href":"https:\/\/neuvee.com\/pl\/wp-json\/wp\/v2\/comments?post=595696"}],"wp:featuredmedia":[{"embeddable":true,"href":"https:\/\/neuvee.com\/pl\/wp-json\/wp\/v2\/media\/649513"}],"wp:attachment":[{"href":"https:\/\/neuvee.com\/pl\/wp-json\/wp\/v2\/media?parent=595696"}],"wp:term":[{"taxonomy":"product_cat","embeddable":true,"href":"https:\/\/neuvee.com\/pl\/wp-json\/wp\/v2\/product_cat?post=595696"},{"taxonomy":"product_tag","embeddable":true,"href":"https:\/\/neuvee.com\/pl\/wp-json\/wp\/v2\/product_tag?post=595696"}],"curies":[{"name":"wp","href":"https:\/\/api.w.org\/{rel}","templated":true}]}}