{"id":595695,"date":"2023-05-07T20:38:18","date_gmt":"2023-05-07T20:38:18","guid":{"rendered":"https:\/\/neuvee.com\/?post_type=product&#038;p=595695"},"modified":"2025-05-19T14:09:42","modified_gmt":"2025-05-19T14:09:42","slug":"dying-light-harran-inmate-bundle","status":"publish","type":"product","link":"https:\/\/neuvee.com\/pl\/product\/dying-light-harran-inmate-bundle\/","title":{"rendered":"DYING LIGHT &#8211; HARRAN INMATE BUNDLE"},"content":{"rendered":"<p>W zestawie wydanym z&nbsp;okazji 5. rocznicy premiery Dying Light znajdziesz sprz\u0119t godny Weterana z&nbsp;Harran. Wraz ze strojem otrzymasz now\u0105 sk\u00f3rk\u0119 pojazdu (Fura weterana) i&nbsp;trzy nowe plany broni. Z Piekielnikiem b\u0119dziesz got\u00f3w na ka\u017cdy koszmar, jaki zgotuje ci Harran. Ta dwururka samor\u00f3bka (nie potrzeba innej broni palnej, by j\u0105 z\u0142o\u017cy\u0107!) ma piekielnego kopa, a&nbsp;dzi\u0119ki zadziwiaj\u0105cej szybkostrzelno\u015bci jest znakomitym narz\u0119dziem do kontroli t\u0142umu. Twoja Pierwsza to powr\u00f3t do korzeni, lecz&nbsp;w przeciwie\u0144stwie do przypadkowej gazrurki, kt\u00f3r\u0105 \u015bciska\u0142e\u015b na pocz\u0105tku, ta zapewnia premi\u0119 do obra\u017ce\u0144 po trzech trafieniach z&nbsp;rz\u0119du. Je\u015bli potrzebujesz mocniejszych argument\u00f3w, si\u0119gnij po dwur\u0119czny m\u0142ot Pi\u00f3rko. Uwaga: \u017ceby wykorzysta\u0107 now\u0105 sk\u00f3rk\u0119 pojazdu, musisz posiada\u0107 rozszerzenie Dying Light: The Following.<\/p>\n<p><\/p>","protected":false},"excerpt":{"rendered":"<p>W zestawie wydanym z&nbsp;okazji 5. rocznicy premiery Dying Light znajdziesz sprz\u0119t godny Weterana z&nbsp;Harran. Wraz ze strojem otrzymasz now\u0105 sk\u00f3rk\u0119 pojazdu (Fura weterana) i&nbsp;trzy nowe plany broni. Z Piekielnikiem b\u0119dziesz got\u00f3w na ka\u017cdy koszmar, jaki zgotuje ci Harran. Ta dwururka samor\u00f3bka (nie potrzeba innej broni palnej, by j\u0105 z\u0142o\u017cy\u0107!) ma piekielnego kopa, a&nbsp;dzi\u0119ki zadziwiaj\u0105cej szybkostrzelno\u015bci [&hellip;]<\/p>\n","protected":false},"featured_media":649512,"comment_status":"closed","ping_status":"closed","template":"","meta":{"ub_ctt_via":""},"product_cat":[225,88],"product_tag":[218],"class_list":["post-595695","product","type-product","status-publish","has-post-thumbnail","hentry","product_cat-role-playing","product_cat-action","product_tag-games","platform-steam-works"],"_links":{"self":[{"href":"https:\/\/neuvee.com\/pl\/wp-json\/wp\/v2\/product\/595695","targetHints":{"allow":["GET"]}}],"collection":[{"href":"https:\/\/neuvee.com\/pl\/wp-json\/wp\/v2\/product"}],"about":[{"href":"https:\/\/neuvee.com\/pl\/wp-json\/wp\/v2\/types\/product"}],"replies":[{"embeddable":true,"href":"https:\/\/neuvee.com\/pl\/wp-json\/wp\/v2\/comments?post=595695"}],"wp:featuredmedia":[{"embeddable":true,"href":"https:\/\/neuvee.com\/pl\/wp-json\/wp\/v2\/media\/649512"}],"wp:attachment":[{"href":"https:\/\/neuvee.com\/pl\/wp-json\/wp\/v2\/media?parent=595695"}],"wp:term":[{"taxonomy":"product_cat","embeddable":true,"href":"https:\/\/neuvee.com\/pl\/wp-json\/wp\/v2\/product_cat?post=595695"},{"taxonomy":"product_tag","embeddable":true,"href":"https:\/\/neuvee.com\/pl\/wp-json\/wp\/v2\/product_tag?post=595695"}],"curies":[{"name":"wp","href":"https:\/\/api.w.org\/{rel}","templated":true}]}}