{"id":595694,"date":"2023-05-07T20:36:56","date_gmt":"2023-05-07T20:36:56","guid":{"rendered":"https:\/\/neuvee.com\/?post_type=product&#038;p=595694"},"modified":"2025-05-19T13:29:20","modified_gmt":"2025-05-19T13:29:20","slug":"dying-light-gun-psycho-bundle","status":"publish","type":"product","link":"https:\/\/neuvee.com\/pl\/product\/dying-light-gun-psycho-bundle\/","title":{"rendered":"DYING LIGHT &#8211; GUN PSYCHO BUNDLE"},"content":{"rendered":"<p>Czas zwariowa\u0107 na punkcie broni palnej! Za\u0142\u00f3\u017c ekskluzywny str\u00f3j Ob\u0142\u0105kanego Strzelca, zosta\u0144 strzelcem wyborowym dzi\u0119ki karabinowi z&nbsp;celownikiem taktycznym i&nbsp;wsi\u0105d\u017a za kierownic\u0119 Kr\u0105\u017cownika Pustkowi. Zestaw Ob\u0142\u0105kanego Strzelca zawiera: nowe malowanie pojazdu, nowy str\u00f3j postaci oraz&nbsp;nowy plan broni.<br \/>\n<\/p>","protected":false},"excerpt":{"rendered":"<p>Czas zwariowa\u0107 na punkcie broni palnej! Za\u0142\u00f3\u017c ekskluzywny str\u00f3j Ob\u0142\u0105kanego Strzelca, zosta\u0144 strzelcem wyborowym dzi\u0119ki karabinowi z&nbsp;celownikiem taktycznym i&nbsp;wsi\u0105d\u017a za kierownic\u0119 Kr\u0105\u017cownika Pustkowi. Zestaw Ob\u0142\u0105kanego Strzelca zawiera: nowe malowanie pojazdu, nowy str\u00f3j postaci oraz&nbsp;nowy plan broni.<\/p>\n","protected":false},"featured_media":649504,"comment_status":"closed","ping_status":"closed","template":"","meta":{"ub_ctt_via":""},"product_cat":[225,88],"product_tag":[218],"class_list":["post-595694","product","type-product","status-publish","has-post-thumbnail","hentry","product_cat-role-playing","product_cat-action","product_tag-games","platform-steam-works"],"_links":{"self":[{"href":"https:\/\/neuvee.com\/pl\/wp-json\/wp\/v2\/product\/595694","targetHints":{"allow":["GET"]}}],"collection":[{"href":"https:\/\/neuvee.com\/pl\/wp-json\/wp\/v2\/product"}],"about":[{"href":"https:\/\/neuvee.com\/pl\/wp-json\/wp\/v2\/types\/product"}],"replies":[{"embeddable":true,"href":"https:\/\/neuvee.com\/pl\/wp-json\/wp\/v2\/comments?post=595694"}],"wp:featuredmedia":[{"embeddable":true,"href":"https:\/\/neuvee.com\/pl\/wp-json\/wp\/v2\/media\/649504"}],"wp:attachment":[{"href":"https:\/\/neuvee.com\/pl\/wp-json\/wp\/v2\/media?parent=595694"}],"wp:term":[{"taxonomy":"product_cat","embeddable":true,"href":"https:\/\/neuvee.com\/pl\/wp-json\/wp\/v2\/product_cat?post=595694"},{"taxonomy":"product_tag","embeddable":true,"href":"https:\/\/neuvee.com\/pl\/wp-json\/wp\/v2\/product_tag?post=595694"}],"curies":[{"name":"wp","href":"https:\/\/api.w.org\/{rel}","templated":true}]}}