{"id":595693,"date":"2023-05-07T20:36:42","date_gmt":"2023-05-07T20:36:42","guid":{"rendered":"https:\/\/neuvee.com\/?post_type=product&#038;p=595693"},"modified":"2025-05-19T14:42:16","modified_gmt":"2025-05-19T14:42:16","slug":"dying-light-godfather-bundle","status":"publish","type":"product","link":"https:\/\/neuvee.com\/pl\/product\/dying-light-godfather-bundle\/","title":{"rendered":"DYING LIGHT &#8211; GODFATHER BUNDLE"},"content":{"rendered":"<p>Przenie\u015b si\u0119 do romantycznej z\u0142otej ery mafii, gdy gangsterzy nosili si\u0119 stylowo i&nbsp;trzymali si\u0119 kodeksu honorowego. Za\u0142\u00f3\u017c elegancki nowy garnitur, by sta\u0107 si\u0119 Donem, i&nbsp;wybierz si\u0119 na przeja\u017cd\u017ck\u0119 po terytorium swojej rodziny w nowym poje\u017adzie \u2013 Capo. Zademonstruj za pomoc\u0105 hipnotyzuj\u0105cej Omerty (no\u017ca, kt\u00f3ry da ci dodatkowe punkty do\u015bwiadczenia), jak ko\u0144cz\u0105 kapusie, wy\u0142aduj gniew, dusz\u0105c spust Vendetty (pot\u0119\u017cnego pistoletu maszynowego), i&nbsp;pami\u0119taj, \u017ce zawsze mo\u017cesz liczy\u0107 na swego wiernego Consigliere (pistolet zadaj\u0105cy wi\u0119ksze obra\u017cenia). Ka\u017cda bro\u0144 jest misternie grawerowana i&nbsp;zdobiona z\u0142otem. Uwaga, by wykorzysta\u0107 malowanie pojazdu, musisz mie\u0107 dodatek Dying Light: The Following.<\/p>\n<p>OPIS DOTYCZ\u0104CY TRE\u015aCI DLA DOROS\u0141YCH<br \/>\nProducenci opisuj\u0105 te tre\u015bci w nast\u0119puj\u0105cy spos\u00f3b:<\/p>\n<p>To DLC mo\u017ce zawiera\u0107 tre\u015bci nieodpowiednie dla wszystkich grup wiekowych lub&nbsp;nie nadawa\u0107 si\u0119 do ogl\u0105dania w pracy: Cz\u0119sta przemoc lub&nbsp;brutalno\u015b\u0107, Tre\u015bci przeznaczone dla doros\u0142ych<\/p>","protected":false},"excerpt":{"rendered":"<p>Przenie\u015b si\u0119 do romantycznej z\u0142otej ery mafii, gdy gangsterzy nosili si\u0119 stylowo i&nbsp;trzymali si\u0119 kodeksu honorowego. Za\u0142\u00f3\u017c elegancki nowy garnitur, by sta\u0107 si\u0119 Donem, i&nbsp;wybierz si\u0119 na przeja\u017cd\u017ck\u0119 po terytorium swojej rodziny w nowym poje\u017adzie \u2013 Capo. Zademonstruj za pomoc\u0105 hipnotyzuj\u0105cej Omerty (no\u017ca, kt\u00f3ry da ci dodatkowe punkty do\u015bwiadczenia), jak ko\u0144cz\u0105 kapusie, wy\u0142aduj gniew, dusz\u0105c [&hellip;]<\/p>\n","protected":false},"featured_media":649503,"comment_status":"closed","ping_status":"closed","template":"","meta":{"ub_ctt_via":""},"product_cat":[225,88],"product_tag":[218],"class_list":["post-595693","product","type-product","status-publish","has-post-thumbnail","hentry","product_cat-role-playing","product_cat-action","product_tag-games","platform-steam-works"],"_links":{"self":[{"href":"https:\/\/neuvee.com\/pl\/wp-json\/wp\/v2\/product\/595693","targetHints":{"allow":["GET"]}}],"collection":[{"href":"https:\/\/neuvee.com\/pl\/wp-json\/wp\/v2\/product"}],"about":[{"href":"https:\/\/neuvee.com\/pl\/wp-json\/wp\/v2\/types\/product"}],"replies":[{"embeddable":true,"href":"https:\/\/neuvee.com\/pl\/wp-json\/wp\/v2\/comments?post=595693"}],"wp:featuredmedia":[{"embeddable":true,"href":"https:\/\/neuvee.com\/pl\/wp-json\/wp\/v2\/media\/649503"}],"wp:attachment":[{"href":"https:\/\/neuvee.com\/pl\/wp-json\/wp\/v2\/media?parent=595693"}],"wp:term":[{"taxonomy":"product_cat","embeddable":true,"href":"https:\/\/neuvee.com\/pl\/wp-json\/wp\/v2\/product_cat?post=595693"},{"taxonomy":"product_tag","embeddable":true,"href":"https:\/\/neuvee.com\/pl\/wp-json\/wp\/v2\/product_tag?post=595693"}],"curies":[{"name":"wp","href":"https:\/\/api.w.org\/{rel}","templated":true}]}}