{"id":595691,"date":"2023-05-07T20:36:12","date_gmt":"2023-05-07T20:36:12","guid":{"rendered":"https:\/\/neuvee.com\/?post_type=product&#038;p=595691"},"modified":"2025-05-19T14:28:59","modified_gmt":"2025-05-19T14:28:59","slug":"dying-light-astronaut-bundle","status":"publish","type":"product","link":"https:\/\/neuvee.com\/pl\/product\/dying-light-astronaut-bundle\/","title":{"rendered":"DYING LIGHT &#8211; ASTRONAUT BUNDLE"},"content":{"rendered":"<p>3, 2, 1, 0&#8230; Start! Nowa paczka Astronaut ju\u017c jest!<\/p>\n<p>Czas na zabaw\u0119 jak st\u0105d do ksi\u0119\u017cyca! Pokonaj obc\u0105 inwazj\u0119 z&nbsp;kosmicznym ekwipunkiem od organizacji Volkan!<\/p>\n<p>To nie czas na chodzenie z&nbsp;g\u0142ow\u0105 w chmurach, kadecie! Teraz ju\u017c tylko ty mo\u017cesz uratowa\u0107 przysz\u0142o\u015b\u0107 Ziemi. W Harran wykryto anomali\u0119 grawitacyjn\u0105, wp\u0142ywaj\u0105ca zar\u00f3wno na zombie, jak i&nbsp;na ludzi. Ale wierzymy, \u017ce jeste\u015b w stanie wykorzysta\u0107 j\u0105 na swoj\u0105 korzy\u015b\u0107. \u017beby ci pom\u00f3c, wyposa\u017camy ci\u0119 w najnowsze odkrycia technologiczne Volkan. Ci\u0119\u017cko pracowali\u015bmy nad stworzeniem najbardziej zaawansowanych broni i&nbsp;mamy dla ciebie co\u015b zupe\u0142nie nie z&nbsp;tego \u015bwiata. Czyli dok\u0142adnie to, czego b\u0119dziesz potrzebowa\u0107 do powstrzymania kosmicznej inwazji.<\/p>\n<p>Wskakuj w Gwiezdny \u0141azik V-39, za\u0142\u00f3\u017c Kombinezon ochronny V-9 i&nbsp;wkrocz do akcji. Jedno z&nbsp;naszych najwi\u0119kszych osi\u0105gni\u0119\u0107, pistolet Uciszacz V-40, zatrzyma twoich wrog\u00f3w w bezruchu, daj\u0105c ci wi\u0119cej czasu na wyeliminowanie zagro\u017cenia. Je\u015bli masz wystarczaj\u0105ce umiej\u0119tno\u015bci lub&nbsp;szcz\u0119\u015bcie, mo\u017cesz sprawi\u0107, \u017ce zawisn\u0105 w powietrzu! Upadek raczej nie b\u0119dzie dla nich niczym przyjemnym, ale tak d\u0142ugo, jak tam wisz\u0105, u\u015bmiechnij si\u0119 szeroko i&nbsp;zr\u00f3b sobie z&nbsp;nimi zdj\u0119cie\u2014b\u0119dzie jednym z&nbsp;twoich ulubionych. A jak ju\u017c sko\u0144czysz bawi\u0107 si\u0119 pistoletem, \u0142ap za nasz nowy karabin, Dezintegrator V-23. Strzela laserowymi pociskami, kt\u00f3re mog\u0105 podpali\u0107 przeciwnik\u00f3w. Z nim na pewno pozb\u0119dziesz si\u0119 wszystkiego i&nbsp;wszystkich na swojej drodze. Nie mo\u017cesz si\u0119 zdecydowa\u0107, czy wolisz podpala\u0107, zatruwa\u0107, czy razi\u0107 pr\u0105dem? W takiej sytuacji mamy dla ciebie maczet\u0119 Kameleon V-27, kt\u00f3ra zmienia sw\u00f3j zab\u00f3jczy efekt po kilku ciosach. Dobra, kadecie, teraz czas przetestowa\u0107 ten kosmiczny sprz\u0119t i&nbsp;wykopa\u0107 niechcianych go\u015bci z&nbsp;Ziemi.<\/p>\n<p>*Paczka zawiera:*<br \/>\n&#8211; Karabin laserowy \u2014 Dezintegrator V-23 \u2014 z&nbsp;laserow\u0105 amunicj\u0105, kt\u00f3ra mo\u017ce podpali\u0107 przeciwnik\u00f3w.<br \/>\n&#8211; Pistolet \u2014 Uciszacz V-40 \u2014 w kt\u00f3rym ka\u017cdy ostatni nab\u00f3j w magazynku zatrzyma przeciwnik\u00f3w w bezruchu.<br \/>\n&#8211; Maczet\u0119 \u2014 Kameleon V-27 \u2014 kt\u00f3ra zmienia efekt co kilka atak\u00f3w.<br \/>\n&#8211; Str\u00f3j \u2014 Kombinezon ochronny V-9 \u2014 daj\u0105cy redukcj\u0119 obra\u017ce\u0144 od upadku.<br \/>\n&#8211; Sk\u00f3rk\u0119 do \u0142azika \u2014 Gwiezdny \u0141azik V-39<\/p>\n<p><\/p>","protected":false},"excerpt":{"rendered":"<p>3, 2, 1, 0&#8230; Start! Nowa paczka Astronaut ju\u017c jest! Czas na zabaw\u0119 jak st\u0105d do ksi\u0119\u017cyca! Pokonaj obc\u0105 inwazj\u0119 z&nbsp;kosmicznym ekwipunkiem od organizacji Volkan! To nie czas na chodzenie z&nbsp;g\u0142ow\u0105 w chmurach, kadecie! Teraz ju\u017c tylko ty mo\u017cesz uratowa\u0107 przysz\u0142o\u015b\u0107 Ziemi. W Harran wykryto anomali\u0119 grawitacyjn\u0105, wp\u0142ywaj\u0105ca zar\u00f3wno na zombie, jak i&nbsp;na ludzi. Ale [&hellip;]<\/p>\n","protected":false},"featured_media":647960,"comment_status":"closed","ping_status":"closed","template":"","meta":{"ub_ctt_via":""},"product_cat":[225,88],"product_tag":[218],"class_list":["post-595691","product","type-product","status-publish","has-post-thumbnail","hentry","product_cat-role-playing","product_cat-action","product_tag-games","platform-steam-works"],"_links":{"self":[{"href":"https:\/\/neuvee.com\/pl\/wp-json\/wp\/v2\/product\/595691","targetHints":{"allow":["GET"]}}],"collection":[{"href":"https:\/\/neuvee.com\/pl\/wp-json\/wp\/v2\/product"}],"about":[{"href":"https:\/\/neuvee.com\/pl\/wp-json\/wp\/v2\/types\/product"}],"replies":[{"embeddable":true,"href":"https:\/\/neuvee.com\/pl\/wp-json\/wp\/v2\/comments?post=595691"}],"wp:featuredmedia":[{"embeddable":true,"href":"https:\/\/neuvee.com\/pl\/wp-json\/wp\/v2\/media\/647960"}],"wp:attachment":[{"href":"https:\/\/neuvee.com\/pl\/wp-json\/wp\/v2\/media?parent=595691"}],"wp:term":[{"taxonomy":"product_cat","embeddable":true,"href":"https:\/\/neuvee.com\/pl\/wp-json\/wp\/v2\/product_cat?post=595691"},{"taxonomy":"product_tag","embeddable":true,"href":"https:\/\/neuvee.com\/pl\/wp-json\/wp\/v2\/product_tag?post=595691"}],"curies":[{"name":"wp","href":"https:\/\/api.w.org\/{rel}","templated":true}]}}