{"id":595649,"date":"2023-05-07T20:32:00","date_gmt":"2023-05-07T20:32:00","guid":{"rendered":"https:\/\/neuvee.com\/?post_type=product&#038;p=595649"},"modified":"2025-05-19T13:45:26","modified_gmt":"2025-05-19T13:45:26","slug":"dream-cycle-early-access-3","status":"publish","type":"product","link":"https:\/\/neuvee.com\/pl\/product\/dream-cycle-early-access-3\/","title":{"rendered":"DREAM CYCLE &#8211; EARLY ACCESS"},"content":{"rendered":"<p>Odkryj przysz\u0142o\u015b\u0107 przygod\u00f3wek akcji w Dream Cycle, stale rozszerzaj\u0105cym si\u0119 portalu prowadz\u0105cym w nieznane, od tw\u00f3rcy Lary Croft, Toby&#8217;ego Garda. Wciel si\u0119 w Morgan Carter, nowicjuszk\u0119 magii tajemnej uwi\u0119zion\u0105 w zdruzgotanym wymiarze. Pokonaj wypaczonych mieszka\u0144c\u00f3w Krain Sn\u00f3w, aby zdj\u0105\u0107 kl\u0105tw\u0119. Stosuj skradanie, pu\u0142apki, zakl\u0119cia i&nbsp;iluzje, by niepostrze\u017cenie przeciera\u0107 szlak, albo&nbsp;stawaj do walki i&nbsp;wykorzystuj s\u0142abe strony wrog\u00f3w przy u\u017cyciu konwencjonalnej broni. Pokonanie tych bezdusznych przeciwnik\u00f3w jest konieczne, aby g\u0142\u0119biej zbada\u0107 Krainy Sn\u00f3w, odkry\u0107 prawd\u0119 o&nbsp;sobie i&#8230; by\u0107 mo\u017ce znale\u017a\u0107 wyj\u015bcie. Fabu\u0142a Kiedy dawno zaginiony krewny wykrad\u0142 jej esencj\u0119, nowicjuszka magii tajemnej Morgan Carter, uwi\u0119ziona w zdruzgotanych i&nbsp;wypaczonych Krainach Sn\u00f3w, znajduje si\u0119 na skraju \u015bmierci. Musi znale\u017a\u0107 znanego z&nbsp;legend Randolpha Cartera \u2013 swojego stryjecznego prapradziadka \u2013 aby odzyska\u0107 ukradzion\u0105 moc, pokrzy\u017cowa\u0107 jego plan stania si\u0119 bogiem i&nbsp;wprowadzi\u0107 w Krainach Sn\u00f3w \u015bwiat\u0142o. Gra Dream Cycle zosta\u0142a zaprojektowana przez autora Lary Croft, Toby&#8217;ego Garda, i&nbsp;zawiera oryginaln\u0105 histori\u0119 opart\u0105 na serii H.P. Lovecrafta pod tym samym tytu\u0142em, a&nbsp;tak\u017ce muzyk\u0119 autorstwa Nathana McCree, znanego ze \u015bcie\u017cek d\u017awi\u0119kowych do serii Tomb Raider. G\u0142\u00f3wne cechy: Nieko\u0144cz\u0105ca si\u0119 przygoda Dream Cycle to nie statyczna gra, a&nbsp;stale rosn\u0105ca platforma tajemnic i&nbsp;przyg\u00f3d. Wraz z&nbsp;aktualizacjami b\u0119d\u0105 pojawia\u0107 si\u0119 nowe krainy, a&nbsp;tak\u017ce nowe biomy, rozwini\u0119cia fabu\u0142y, bronie, wrogowie, umiej\u0119tno\u015bci i&nbsp;moce. Rozwijaj i&nbsp;dostosowuj swoj\u0105 posta\u0107 w miar\u0119 odkrywania bezkresnych teren\u00f3w Krain Sn\u00f3w. Ogromna, generowana komputerowo piaskownica Odnajduj i&nbsp;wytyczaj swoj\u0105 w\u0142asn\u0105 \u015bcie\u017ck\u0119 przez Krainy Sn\u00f3w, badaj elementy fabu\u0142y i&nbsp;gromad\u017a nowe moce, przekraczaj\u0105c G\u0142\u0119binow\u0105 Bram\u0119 i&nbsp;eksploruj\u0105c a\u017c 10 000 przyg\u00f3d na ka\u017cdej cz\u0119\u015bci mapy. Po ka\u017cdym przej\u015bciu na drug\u0105 stron\u0119 znajdziesz si\u0119 w unikatowej piaskownicy, kt\u00f3r\u0105 mo\u017cesz swobodnie przemierza\u0107, wspinaj\u0105c si\u0119, teleportuj\u0105c, a&nbsp;nawet lataj\u0105c. Podchod\u017a do osi\u0105gania cel\u00f3w w wybrany przez siebie spos\u00f3b i&nbsp;przywr\u00f3\u0107 r\u00f3wnowag\u0119 na \u015bwiecie. Znajd\u017a w\u0142asny styl gry By\u0107 mo\u017ce pragniesz opanowa\u0107 walk\u0119 na miecze, udoskonali\u0107 celno\u015b\u0107 w dynamicznej strzelaninie z&nbsp;perspektywy pierwszej osoby albo&nbsp;rzuca\u0107 magicznym ogniem we wrog\u00f3w \u2013 w Dream Cycle mo\u017cesz rozwin\u0105\u0107 swoj\u0105 posta\u0107 wok\u00f3\u0142 dowolnej umiej\u0119tno\u015bci. Dzi\u0119ki sta\u0142emu dost\u0119powi do o\u015bmiu wybranych zakl\u0119\u0107 oraz&nbsp;elastycznemu systemowi premii mo\u017cesz zosta\u0107 dok\u0142adnie tak\u0105 okultystyczn\u0105 poszukiwaczk\u0105 przyg\u00f3d, jak pragniesz. Wci\u0105gaj\u0105ca atmosfera Twojej podr\u00f3\u017cy przez Krainy Sn\u00f3w towarzyszy oryginalna \u015bcie\u017cka d\u017awi\u0119kowa kompozytora muzyki do serii Tomb Raider, Nathana McCree. Dodatkowo w opowie\u015b\u0107 w Dream Cycle i&nbsp;twoj\u0105 przygod\u0119 tchnie \u017cycie profesjonalna gra aktorska.<br \/>\n<\/p>","protected":false},"excerpt":{"rendered":"<p>Odkryj przysz\u0142o\u015b\u0107 przygod\u00f3wek akcji w Dream Cycle, stale rozszerzaj\u0105cym si\u0119 portalu prowadz\u0105cym w nieznane, od tw\u00f3rcy Lary Croft, Toby&#8217;ego Garda. Wciel si\u0119 w Morgan Carter, nowicjuszk\u0119 magii tajemnej uwi\u0119zion\u0105 w zdruzgotanym wymiarze. Pokonaj wypaczonych mieszka\u0144c\u00f3w Krain Sn\u00f3w, aby zdj\u0105\u0107 kl\u0105tw\u0119. Stosuj skradanie, pu\u0142apki, zakl\u0119cia i&nbsp;iluzje, by niepostrze\u017cenie przeciera\u0107 szlak, albo&nbsp;stawaj do walki i&nbsp;wykorzystuj s\u0142abe strony [&hellip;]<\/p>\n","protected":false},"featured_media":647924,"comment_status":"closed","ping_status":"closed","template":"","meta":{"ub_ctt_via":""},"product_cat":[227],"product_tag":[218],"class_list":["post-595649","product","type-product","status-publish","has-post-thumbnail","hentry","product_cat-action-adventure","product_tag-games","platform-steam-works"],"_links":{"self":[{"href":"https:\/\/neuvee.com\/pl\/wp-json\/wp\/v2\/product\/595649","targetHints":{"allow":["GET"]}}],"collection":[{"href":"https:\/\/neuvee.com\/pl\/wp-json\/wp\/v2\/product"}],"about":[{"href":"https:\/\/neuvee.com\/pl\/wp-json\/wp\/v2\/types\/product"}],"replies":[{"embeddable":true,"href":"https:\/\/neuvee.com\/pl\/wp-json\/wp\/v2\/comments?post=595649"}],"wp:featuredmedia":[{"embeddable":true,"href":"https:\/\/neuvee.com\/pl\/wp-json\/wp\/v2\/media\/647924"}],"wp:attachment":[{"href":"https:\/\/neuvee.com\/pl\/wp-json\/wp\/v2\/media?parent=595649"}],"wp:term":[{"taxonomy":"product_cat","embeddable":true,"href":"https:\/\/neuvee.com\/pl\/wp-json\/wp\/v2\/product_cat?post=595649"},{"taxonomy":"product_tag","embeddable":true,"href":"https:\/\/neuvee.com\/pl\/wp-json\/wp\/v2\/product_tag?post=595649"}],"curies":[{"name":"wp","href":"https:\/\/api.w.org\/{rel}","templated":true}]}}