{"id":595641,"date":"2023-05-07T20:28:21","date_gmt":"2023-05-07T20:28:21","guid":{"rendered":"https:\/\/neuvee.com\/?post_type=product&#038;p=595641"},"modified":"2025-05-19T14:24:15","modified_gmt":"2025-05-19T14:24:15","slug":"donut-county-5","status":"publish","type":"product","link":"https:\/\/neuvee.com\/pl\/product\/donut-county-5\/","title":{"rendered":"DONUT COUNTY"},"content":{"rendered":"<p>Donut County to narracyjna gra z&nbsp;udzia\u0142em fizyki, w kt\u00f3rej kontrolujesz nieustannie zwi\u0119kszaj\u0105c\u0105 swoje rozmiary dziur\u0119 w ziemi. Spotkaj urocze postaci i&nbsp;ukradnij ich \u015bmieci, po czym wrzu\u0107 je do dziury.<\/p>\n<p>Tam, gdzie ka\u017cdy \u015bmie\u0107 to skarb<br \/>\nHrabstwo Donut County zosta\u0142o opanowane przez szopy wyposa\u017cone przez kierowane drog\u0105 radiow\u0105 dziury do kradzie\u017cy \u015bmieci. Wcielasz si\u0119 w rol\u0119 BK \u2013 uzbrojonego w dziur\u0119 szopa, kt\u00f3ry porywa swoich przyjaci\u00f3\u0142 i&nbsp;ich dobytek w szale\u0144czym rajdzie po idiotyczne nagrody.<\/p>\n<p>Kiedy BK wpada do jednej ze swoich dziur, czeka go spotkanie z&nbsp;jego najlepsz\u0105 przyjaci\u00f3\u0142k\u0105 Mir\u0105 i&nbsp;pozosta\u0142ymi mieszka\u0144cami hrabstwa Donut County&#8230; S\u0105 uwi\u0119zieni 999 st\u00f3p pod ziemi\u0105 i&nbsp;\u017c\u0105daj\u0105 odpowiedzi!<\/p>\n<p>Dziura na miar\u0119 naszych mo\u017cliwo\u015bci<br \/>\n&#8211; EKSPLORUJ domy postaci i&nbsp;podziwiaj ich indywidualne wyposa\u017cenie.<br \/>\n&#8211; PORUSZAJ nieustannie rosn\u0105c\u0105 dziur\u0105 i&nbsp;zgarniaj interesuj\u0105ce ci\u0119 rzeczy.<br \/>\n&#8211; \u0141\u0104CZ przedmioty we wn\u0119trzu dziury i&nbsp;osi\u0105gaj pokr\u0119cone efekty: gotuj zup\u0119, hoduj kr\u00f3liczki, organizuj pokazy sztucznych ogni i&nbsp;wiele wi\u0119cej.<br \/>\n&#8211; KATAPULTUJ obiekty z&nbsp;wn\u0119trza dziury. Mo\u017cesz w ten spos\u00f3b rozwi\u0105zywa\u0107 \u0142amig\u0142\u00f3wki&#8230; Albo po prostu szerzy\u0107 zniszczenie.<br \/>\n&#8211; ZJADAJ wszystko. Dziura nie spocznie, dop\u00f3ki nie poch\u0142onie ca\u0142ego hrabstwa.<\/p>\n<p>Autorem Donut County jest Ben Esposito \u2013 projektant gier What Remains of Edith Finch oraz&nbsp;The Unfinished Swan. Najnowsze dzie\u0142o Bena stanowi efekt sze\u015bciu lat pracy w pojedynk\u0119, tuzin\u00f3w spo\u017cytych (w celach \u015bi\u015ble badawczych!) p\u0105czk\u00f3w oraz&nbsp;jednego brzmiennego w skutki spotkania z&nbsp;pewnym szopem praczem.<\/p>\n<p><\/p>","protected":false},"excerpt":{"rendered":"<p>Donut County to narracyjna gra z&nbsp;udzia\u0142em fizyki, w kt\u00f3rej kontrolujesz nieustannie zwi\u0119kszaj\u0105c\u0105 swoje rozmiary dziur\u0119 w ziemi. Spotkaj urocze postaci i&nbsp;ukradnij ich \u015bmieci, po czym wrzu\u0107 je do dziury. Tam, gdzie ka\u017cdy \u015bmie\u0107 to skarb Hrabstwo Donut County zosta\u0142o opanowane przez szopy wyposa\u017cone przez kierowane drog\u0105 radiow\u0105 dziury do kradzie\u017cy \u015bmieci. Wcielasz si\u0119 w rol\u0119 [&hellip;]<\/p>\n","protected":false},"featured_media":648510,"comment_status":"closed","ping_status":"closed","template":"","meta":{"ub_ctt_via":""},"product_cat":[127,223,221],"product_tag":[218],"class_list":["post-595641","product","type-product","status-publish","has-post-thumbnail","hentry","product_cat-adventure","product_cat-casual","product_cat-indie","product_tag-games","platform-steam-works"],"_links":{"self":[{"href":"https:\/\/neuvee.com\/pl\/wp-json\/wp\/v2\/product\/595641","targetHints":{"allow":["GET"]}}],"collection":[{"href":"https:\/\/neuvee.com\/pl\/wp-json\/wp\/v2\/product"}],"about":[{"href":"https:\/\/neuvee.com\/pl\/wp-json\/wp\/v2\/types\/product"}],"replies":[{"embeddable":true,"href":"https:\/\/neuvee.com\/pl\/wp-json\/wp\/v2\/comments?post=595641"}],"wp:featuredmedia":[{"embeddable":true,"href":"https:\/\/neuvee.com\/pl\/wp-json\/wp\/v2\/media\/648510"}],"wp:attachment":[{"href":"https:\/\/neuvee.com\/pl\/wp-json\/wp\/v2\/media?parent=595641"}],"wp:term":[{"taxonomy":"product_cat","embeddable":true,"href":"https:\/\/neuvee.com\/pl\/wp-json\/wp\/v2\/product_cat?post=595641"},{"taxonomy":"product_tag","embeddable":true,"href":"https:\/\/neuvee.com\/pl\/wp-json\/wp\/v2\/product_tag?post=595641"}],"curies":[{"name":"wp","href":"https:\/\/api.w.org\/{rel}","templated":true}]}}