{"id":595621,"date":"2023-05-07T20:24:38","date_gmt":"2023-05-07T20:24:38","guid":{"rendered":"https:\/\/neuvee.com\/?post_type=product&#038;p=595621"},"modified":"2025-05-19T13:27:29","modified_gmt":"2025-05-19T13:27:29","slug":"dome-keeper-deluxe-edition-3","status":"publish","type":"product","link":"https:\/\/neuvee.com\/pl\/product\/dome-keeper-deluxe-edition-3\/","title":{"rendered":"DOME KEEPER DELUXE EDITION"},"content":{"rendered":"<p>Ciesz si\u0119 nowymi opcjami personalizacji, bro\u0144 swojej kopu\u0142y z&nbsp;klas\u0105, wier\u0107 przy akompaniamencie ulepszonej muzyki i&nbsp;poka\u017c si\u0119 jako odpowiedni stra\u017cnik na granicy obcych \u015bwiat\u00f3w. W sk\u0142ad zestawu Dome Keeper: Deluxe wchodz\u0105:<br \/>\n\u25cf Gra Dome Keeper \u2013 wier\u0107 w poszukiwaniu zasob\u00f3w, rozwijaj pot\u0119\u017cne ulepszenia i&nbsp;bro\u0144 si\u0119 przed kolejnymi falami obcych, co stanowi g\u0142\u00f3wn\u0105 o\u015b rozgrywki.<br \/>\n\u25cf Dome Keeper Official Soundtrack \u2013 niech d\u017awi\u0119ki z&nbsp;kopu\u0142y stale b\u0119d\u0105 z&nbsp;tob\u0105. Utwory \u0142\u0105cz\u0105 w sobie melodyczne i&nbsp;syntetyczne d\u017awi\u0119ki z&nbsp;nut\u0105 tajemnicy w klimacie ery odrzutowc\u00f3w. Te wysokiej jako\u015bci pliki w formacie MP3 i&nbsp;bezstratnym FLAC sprawi\u0105, \u017ce jeszcze lepiej poczujesz klimat gry Dome Keeper!<br \/>\n\u25cf Dome Keeper: Pioneer Pack \u2013 zawiera dwa epickie przedmioty kosmetyczne: wzmocniony kombinezon oraz&nbsp;zwierzaka \u2013 czujn\u0105 sow\u0119!<\/p>\n<p><\/p>","protected":false},"excerpt":{"rendered":"<p>Ciesz si\u0119 nowymi opcjami personalizacji, bro\u0144 swojej kopu\u0142y z&nbsp;klas\u0105, wier\u0107 przy akompaniamencie ulepszonej muzyki i&nbsp;poka\u017c si\u0119 jako odpowiedni stra\u017cnik na granicy obcych \u015bwiat\u00f3w. W sk\u0142ad zestawu Dome Keeper: Deluxe wchodz\u0105: \u25cf Gra Dome Keeper \u2013 wier\u0107 w poszukiwaniu zasob\u00f3w, rozwijaj pot\u0119\u017cne ulepszenia i&nbsp;bro\u0144 si\u0119 przed kolejnymi falami obcych, co stanowi g\u0142\u00f3wn\u0105 o\u015b rozgrywki. \u25cf Dome [&hellip;]<\/p>\n","protected":false},"featured_media":648492,"comment_status":"closed","ping_status":"closed","template":"","meta":{"ub_ctt_via":""},"product_cat":[88],"product_tag":[218],"class_list":["post-595621","product","type-product","status-publish","has-post-thumbnail","hentry","product_cat-action","product_tag-games","platform-steam-works"],"_links":{"self":[{"href":"https:\/\/neuvee.com\/pl\/wp-json\/wp\/v2\/product\/595621","targetHints":{"allow":["GET"]}}],"collection":[{"href":"https:\/\/neuvee.com\/pl\/wp-json\/wp\/v2\/product"}],"about":[{"href":"https:\/\/neuvee.com\/pl\/wp-json\/wp\/v2\/types\/product"}],"replies":[{"embeddable":true,"href":"https:\/\/neuvee.com\/pl\/wp-json\/wp\/v2\/comments?post=595621"}],"wp:featuredmedia":[{"embeddable":true,"href":"https:\/\/neuvee.com\/pl\/wp-json\/wp\/v2\/media\/648492"}],"wp:attachment":[{"href":"https:\/\/neuvee.com\/pl\/wp-json\/wp\/v2\/media?parent=595621"}],"wp:term":[{"taxonomy":"product_cat","embeddable":true,"href":"https:\/\/neuvee.com\/pl\/wp-json\/wp\/v2\/product_cat?post=595621"},{"taxonomy":"product_tag","embeddable":true,"href":"https:\/\/neuvee.com\/pl\/wp-json\/wp\/v2\/product_tag?post=595621"}],"curies":[{"name":"wp","href":"https:\/\/api.w.org\/{rel}","templated":true}]}}