{"id":595618,"date":"2023-05-07T20:22:40","date_gmt":"2023-05-07T20:22:40","guid":{"rendered":"https:\/\/neuvee.com\/?post_type=product&#038;p=595618"},"modified":"2025-05-19T13:52:15","modified_gmt":"2025-05-19T13:52:15","slug":"dome-keeper-3","status":"publish","type":"product","link":"https:\/\/neuvee.com\/pl\/product\/dome-keeper-3\/","title":{"rendered":"DOME KEEPER"},"content":{"rendered":"<p>Dome Romantik dojrza\u0142o i&nbsp;zmieni\u0142o si\u0119 w Dome Keeper \u2013 tytu\u0142 z&nbsp;pi\u0119kn\u0105, usprawnion\u0105 grafik\u0105 pixel art, klimatyczn\u0105 muzyk\u0105 i&nbsp;d\u017awi\u0119kami oraz&nbsp;wi\u0119ksz\u0105 dawk\u0105 wszystkiego, co dobre. Bro\u0144 swojej kopu\u0142y przed kolejnymi falami wrogich atak\u00f3w w tej kopalnianej grze survivalowej typu roguelike. Wykorzystuj czas pomi\u0119dzy kolejnymi atakami do dr\u0105\u017cenia pod powierzchni\u0105 w poszukiwaniu warto\u015bciowych zasob\u00f3w. Zu\u017cywaj je w przemy\u015blany spos\u00f3b na pot\u0119\u017cne ulepszenia, kt\u00f3re pomog\u0105 ci przetrwa\u0107 i&nbsp;przej\u015b\u0107 do kolejnego \u015bwiata. Kop Dr\u0105\u017c tunele pod swoj\u0105 kopu\u0142\u0105 w poszukiwaniu drogocennych materia\u0142\u00f3w. Kontroluj czas \u2013 musisz wr\u00f3ci\u0107 do kopu\u0142y i&nbsp;przygotowa\u0107 si\u0119 na kolejn\u0105 fal\u0119. Jak g\u0142\u0119boko zejdziesz tym razem? Jak du\u017co zabierzesz z&nbsp;powrotem? Bro\u0144 Przejmuj kontrol\u0119 nad systemami obrony i&nbsp;odpieraj ataki kosmit\u00f3w. Powietrzne i&nbsp;naziemne, powolne i&nbsp;szybkie \u2013 decyduj, kogo wyeliminowa\u0107 pierwszego, nim zniszcz\u0105 twoj\u0105 kopu\u0142\u0119. Rozwijaj Wykorzystuj zebrane minera\u0142y, by zyska\u0107 dost\u0119p do pot\u0119\u017cnych ulepsze\u0144. Zwi\u0119ksz si\u0142\u0119 swojej broni, wzmocnij wiert\u0142o, popraw szybko\u015b\u0107 plecaka odrzutowego i&nbsp;pracuj nad kolejnymi usprawnieniami. Znajduj artefakty, kt\u00f3re zwi\u0119ksz\u0105 twoj\u0105 szans\u0119 na przetrwanie.<\/p>\n<p><\/p>","protected":false},"excerpt":{"rendered":"<p>Dome Romantik dojrza\u0142o i&nbsp;zmieni\u0142o si\u0119 w Dome Keeper \u2013 tytu\u0142 z&nbsp;pi\u0119kn\u0105, usprawnion\u0105 grafik\u0105 pixel art, klimatyczn\u0105 muzyk\u0105 i&nbsp;d\u017awi\u0119kami oraz&nbsp;wi\u0119ksz\u0105 dawk\u0105 wszystkiego, co dobre. Bro\u0144 swojej kopu\u0142y przed kolejnymi falami wrogich atak\u00f3w w tej kopalnianej grze survivalowej typu roguelike. Wykorzystuj czas pomi\u0119dzy kolejnymi atakami do dr\u0105\u017cenia pod powierzchni\u0105 w poszukiwaniu warto\u015bciowych zasob\u00f3w. Zu\u017cywaj je w przemy\u015blany [&hellip;]<\/p>\n","protected":false},"featured_media":648098,"comment_status":"closed","ping_status":"closed","template":"","meta":{"ub_ctt_via":""},"product_cat":[88],"product_tag":[218],"class_list":["post-595618","product","type-product","status-publish","has-post-thumbnail","hentry","product_cat-action","product_tag-games","platform-steam-works"],"_links":{"self":[{"href":"https:\/\/neuvee.com\/pl\/wp-json\/wp\/v2\/product\/595618","targetHints":{"allow":["GET"]}}],"collection":[{"href":"https:\/\/neuvee.com\/pl\/wp-json\/wp\/v2\/product"}],"about":[{"href":"https:\/\/neuvee.com\/pl\/wp-json\/wp\/v2\/types\/product"}],"replies":[{"embeddable":true,"href":"https:\/\/neuvee.com\/pl\/wp-json\/wp\/v2\/comments?post=595618"}],"wp:featuredmedia":[{"embeddable":true,"href":"https:\/\/neuvee.com\/pl\/wp-json\/wp\/v2\/media\/648098"}],"wp:attachment":[{"href":"https:\/\/neuvee.com\/pl\/wp-json\/wp\/v2\/media?parent=595618"}],"wp:term":[{"taxonomy":"product_cat","embeddable":true,"href":"https:\/\/neuvee.com\/pl\/wp-json\/wp\/v2\/product_cat?post=595618"},{"taxonomy":"product_tag","embeddable":true,"href":"https:\/\/neuvee.com\/pl\/wp-json\/wp\/v2\/product_tag?post=595618"}],"curies":[{"name":"wp","href":"https:\/\/api.w.org\/{rel}","templated":true}]}}