{"id":585617,"date":"2023-05-05T20:06:06","date_gmt":"2023-05-05T20:06:06","guid":{"rendered":"https:\/\/neuvee.com\/?post_type=product&#038;p=585617"},"modified":"2025-05-19T13:37:10","modified_gmt":"2025-05-19T13:37:10","slug":"detroit-become-human-8","status":"publish","type":"product","link":"https:\/\/neuvee.com\/pl\/product\/detroit-become-human-8\/","title":{"rendered":"DETROIT: BECOME HUMAN"},"content":{"rendered":"<p>Detroit: Become Human, nagradzana gra wideo produkcji Quantic Dream jest w ko\u0144cu dost\u0119pna na Steam! Wyst\u0119puj\u0105 w niej \u015bwiatowej s\u0142awy aktorzy tacy jak Jesse Williams (serial &#8222;Chirurdzy&#8221;), Clancy Brown (&#8222;Carnivale&#8221;), Lance Henriksen (&#8222;Obcy&#8221;), Bryan Dechart (&#8222;Czysta krew&#8221;) oraz&nbsp;Valorie Curry (&#8222;Zmierzch&#8221;).<br \/>\nCO SPRAWIA, \u017bE JESTE\u015aMY LUD\u0179MI?<\/p>\n<p>DETROIT 2038. Technologia rozwin\u0119\u0142a si\u0119 tak, \u017ce adroidy podobne do ludzi s\u0105 wsz\u0119dzie. M\u00f3wi\u0105, ruszaj\u0105 si\u0119 i&nbsp;zachowuj\u0105 jak ludzie, ale nadal s\u0105 tylko maszynami s\u0142u\u017c\u0105cymi ludzko\u015bci.<br \/>\nWciel si\u0119 w trzech r\u00f3\u017cnych android\u00f3w i&nbsp;zobacz ich oczami \u015bwiat na kraw\u0119dzi chaosu &#8211; by\u0107 mo\u017ce nasz\u0105 przysz\u0142o\u015b\u0107. Twoje decyzje dramatycznie zmieni\u0105 rozw\u00f3j dynamicznych, z\u0142o\u017conych wydarze\u0144 w miar\u0119 rozwoju gry.<br \/>\nStaniesz przed dylematami moralnymi i&nbsp;b\u0119dziesz decydowa\u0107 kto ma \u017cy\u0107, a&nbsp;kto zgin\u0105\u0107. Maj\u0105c tysi\u0105ce wybor\u00f3w i&nbsp;dziesi\u0105tki mo\u017cliwych zako\u0144cze\u0144, jak wp\u0142yniesz na przysz\u0142o\u015b\u0107 Detroit i&nbsp;los ludzko\u015bci?<\/p>\n<p>ODEGRAJ SWOJ\u0104 ROL\u0118 W TRZYMAJ\u0104CEJ W NAPI\u0118CIU FABULE<br \/>\nWejd\u017a do \u015bwiata, w kt\u00f3rym dylematy moralne i&nbsp;trudne decyzje mog\u0105 transformowa\u0107 androidy-niewolnik\u00f3w w rewolucjonist\u00f3w zmieniaj\u0105cych \u015bwiat. Odkryj co znaczy by\u0107 cz\u0142owiekiem z&nbsp;perspektywy osoby z&nbsp;zewn\u0105trz &#8211; i&nbsp;zobacz \u015bwiat oczami maszyny.<br \/>\nICH \u017bYCIE, ICH WYBORY<br \/>\nUkszta\u0142tuj ambitn\u0105, z\u0142o\u017con\u0105 histori\u0119, gdzie Twoje decyzje nie tylko wp\u0142ywaj\u0105 na losy trzech g\u0142\u00f3wnych bohater\u00f3w, ale te\u017c na ca\u0142e miasto Detroit.. Spos\u00f3b, w jaki kontrolujesz Kar\u0119, Connora i&nbsp;Markusa mo\u017ce oznacza\u0107 wyb\u00f3r mi\u0119dzy \u017cyciem i&nbsp;\u015bmierci\u0105, ale je\u017celi jedno z&nbsp;nich zap\u0142aci t\u0119 najwy\u017csz\u0105 cen\u0119 &#8211; historia trwa nadal&#8230;<br \/>\nNIEZLICZONE \u015aCIE\u017bKI, NIEZLICZONE ZAKO\u0143CZENIA<br \/>\nKa\u017cda Twoja decyzja, niewa\u017cne jak drobna, wp\u0142ynie w wynik wydarze\u0144. \u017badne przej\u015bcie nie b\u0119dzie dok\u0142adnie takie samo: powtarzaj je kilka razy, aby odkrywa\u0107 zupe\u0142nie inne zako\u0144czenia.<br \/>\nPE\u0141NA OPTYMALIZACJA NA KOMPUTER PC<br \/>\nDetroit: Become Human jest ju\u017c w wersji na komputer PC i&nbsp;oferuje fantastyczn\u0105 grafik\u0119, rozdzielczo\u015b\u0107 4K, szybko\u015b\u0107 wy\u015bwietlania klatek 60 fps oraz&nbsp;pe\u0142n\u0105 integracj\u0119 zar\u00f3wno z&nbsp;myszk\u0105 i&nbsp;klawiatur\u0105, jak i&nbsp;ze sterownikami na gamepadzie dla osi\u0105gni\u0119cia jak najpe\u0142niejszej gry Detroit: Do\u015bwiadczenia z&nbsp;Become Human do dnia dzisiejszego.<\/p>\n<p><\/p>","protected":false},"excerpt":{"rendered":"<p>Detroit: Become Human, nagradzana gra wideo produkcji Quantic Dream jest w ko\u0144cu dost\u0119pna na Steam! Wyst\u0119puj\u0105 w niej \u015bwiatowej s\u0142awy aktorzy tacy jak Jesse Williams (serial &#8222;Chirurdzy&#8221;), Clancy Brown (&#8222;Carnivale&#8221;), Lance Henriksen (&#8222;Obcy&#8221;), Bryan Dechart (&#8222;Czysta krew&#8221;) oraz&nbsp;Valorie Curry (&#8222;Zmierzch&#8221;). CO SPRAWIA, \u017bE JESTE\u015aMY LUD\u0179MI? DETROIT 2038. Technologia rozwin\u0119\u0142a si\u0119 tak, \u017ce adroidy podobne do [&hellip;]<\/p>\n","protected":false},"featured_media":648150,"comment_status":"closed","ping_status":"closed","template":"","meta":{"ub_ctt_via":""},"product_cat":[227],"product_tag":[218],"class_list":["post-585617","product","type-product","status-publish","has-post-thumbnail","hentry","product_cat-action-adventure","product_tag-games","platform-steam-works"],"_links":{"self":[{"href":"https:\/\/neuvee.com\/pl\/wp-json\/wp\/v2\/product\/585617","targetHints":{"allow":["GET"]}}],"collection":[{"href":"https:\/\/neuvee.com\/pl\/wp-json\/wp\/v2\/product"}],"about":[{"href":"https:\/\/neuvee.com\/pl\/wp-json\/wp\/v2\/types\/product"}],"replies":[{"embeddable":true,"href":"https:\/\/neuvee.com\/pl\/wp-json\/wp\/v2\/comments?post=585617"}],"wp:featuredmedia":[{"embeddable":true,"href":"https:\/\/neuvee.com\/pl\/wp-json\/wp\/v2\/media\/648150"}],"wp:attachment":[{"href":"https:\/\/neuvee.com\/pl\/wp-json\/wp\/v2\/media?parent=585617"}],"wp:term":[{"taxonomy":"product_cat","embeddable":true,"href":"https:\/\/neuvee.com\/pl\/wp-json\/wp\/v2\/product_cat?post=585617"},{"taxonomy":"product_tag","embeddable":true,"href":"https:\/\/neuvee.com\/pl\/wp-json\/wp\/v2\/product_tag?post=585617"}],"curies":[{"name":"wp","href":"https:\/\/api.w.org\/{rel}","templated":true}]}}