{"id":584993,"date":"2023-05-02T13:27:54","date_gmt":"2023-05-02T13:27:54","guid":{"rendered":"https:\/\/neuvee.com\/?post_type=product&#038;p=584993"},"modified":"2025-05-19T14:42:19","modified_gmt":"2025-05-19T14:42:19","slug":"curse-of-the-sea-rats","status":"publish","type":"product","link":"https:\/\/neuvee.com\/pl\/product\/curse-of-the-sea-rats\/","title":{"rendered":"CURSE OF THE SEA RATS"},"content":{"rendered":"<p>Curse of the Sea Rats to platformowa przygoda typu \u201eratoidvania\u201d z&nbsp;pi\u0119knymi, r\u0119cznie rysowanymi animacjami. Wyrusz w epick\u0105 podr\u00f3\u017c z&nbsp;czterema wi\u0119\u017aniami imperium brytyjskiego, kt\u00f3rzy zostali przemienieni w szczury przez pirack\u0105 wied\u017am\u0119 Flor\u0119 Burn. Aby odzyska\u0107 swoje ludzkie cia\u0142a, wi\u0119\u017aniowie b\u0119d\u0105 musieli walczy\u0107 z&nbsp;niebezpiecznymi bossami, odkrywa\u0107 tajemnice rozleg\u0142ego irlandzkiego wybrze\u017ca, a&nbsp;ostatecznie schwyta\u0107 wied\u017am\u0119, kt\u00f3ra ich przekl\u0119\u0142a.<\/p>\n<p>Bogata grafika i&nbsp;animacja<\/p>\n<p>Obsada gry o\u017cywa dzi\u0119ki pi\u0119knej, r\u0119cznie tworzonej animacji 2D, kt\u00f3ra zosta\u0142a zainspirowana klasycznymi filmami animowanymi i&nbsp;przywodzi na my\u015bl z\u0142ot\u0105 er\u0119 platform\u00f3wek 2D. Animacja ta p\u0142ynnie \u0142\u0105czy si\u0119 ze szczeg\u00f3\u0142owymi \u015brodowiskami 3D, kt\u00f3re wzbogacono cieniami oraz&nbsp;efektami o\u015bwietlenia, tworz\u0105c niesamowite \u015brodowisko 2,5D.<\/p>\n<p>Swoboda i&nbsp;eksploracja<\/p>\n<p>R\u00f3b post\u0119py w ogromnym, nieliniowym \u015bwiecie, pr\u00f3buj\u0105c wy\u015bledzi\u0107 pirack\u0105 wied\u017am\u0119, kt\u00f3ra rzuci\u0142a na ciebie kl\u0105tw\u0119. Jako rozbitek na wybrze\u017cu Irlandii w XVIII wieku b\u0119dziesz potrzebowa\u0107 czego\u015b wi\u0119cej ni\u017c tylko umiej\u0119tno\u015bci awanturnika, je\u015bli chcesz utorowa\u0107 sobie drog\u0119 do wolno\u015bci.<\/p>\n<p>Cztery grywalne postacie<\/p>\n<p>Odkryj cztery grywalne postacie \u2013 Davida Douglasa, Buffalo Calfa, Buss\u0119 oraz&nbsp;Akane Yamakaw\u0119. Ka\u017cda posta\u0107 ma sw\u00f3j w\u0142asny styl walki, kt\u00f3ry pomo\u017ce ci pokona\u0107 wyzwania stawiane przez wrog\u00f3w i&nbsp;\u015brodowisko! Graj samodzielnie lub&nbsp;maksymalnie z&nbsp;trzema znajomymi w lokalnym trybie kooperacji.<\/p>\n<p>Usprawniaj i&nbsp;ulepszaj<\/p>\n<p>Ka\u017cda posta\u0107 ma s\u0142abe i&nbsp;mocne strony. W miar\u0119 dokonywania post\u0119p\u00f3w w przygodzie b\u0119dziesz poprawia\u0107 ich umiej\u0119tno\u015bci \u2013 odblokowuj\u0105c nowe umiej\u0119tno\u015bci specjalne, wzmacniaj\u0105c atak i&nbsp;obron\u0119, a&nbsp;tak\u017ce ucz\u0105c si\u0119 pot\u0119\u017cnej magii!<\/p>\n<p>Ogromna przygoda<\/p>\n<p>Podczas tej sporej wyprawy trwaj\u0105cej ponad 12 godzin czekaj\u0105 na ciebie setki odkry\u0107, pomieszcze\u0144 i&nbsp;labiryntowych \u015bcie\u017cek. Czy zdo\u0142asz opanowa\u0107 styl gry ka\u017cdej z&nbsp;postaci? Czy znajdziesz sekrety i&nbsp;ostatecznie odblokujesz wszystkie zako\u0144czenia gry?<\/p>\n<p>UWAGA: Do lokalnego trybu dla wielu graczy wymagane s\u0105 r\u00f3\u017cne kontrolery<\/p>\n<p><\/p>","protected":false},"excerpt":{"rendered":"<p>Curse of the Sea Rats to platformowa przygoda typu \u201eratoidvania\u201d z&nbsp;pi\u0119knymi, r\u0119cznie rysowanymi animacjami. Wyrusz w epick\u0105 podr\u00f3\u017c z&nbsp;czterema wi\u0119\u017aniami imperium brytyjskiego, kt\u00f3rzy zostali przemienieni w szczury przez pirack\u0105 wied\u017am\u0119 Flor\u0119 Burn. Aby odzyska\u0107 swoje ludzkie cia\u0142a, wi\u0119\u017aniowie b\u0119d\u0105 musieli walczy\u0107 z&nbsp;niebezpiecznymi bossami, odkrywa\u0107 tajemnice rozleg\u0142ego irlandzkiego wybrze\u017ca, a&nbsp;ostatecznie schwyta\u0107 wied\u017am\u0119, kt\u00f3ra ich przekl\u0119\u0142a. Bogata [&hellip;]<\/p>\n","protected":false},"featured_media":585115,"comment_status":"closed","ping_status":"closed","template":"","meta":{"ub_ctt_via":""},"product_cat":[88,127,89],"product_tag":[218],"class_list":["post-584993","product","type-product","status-publish","has-post-thumbnail","hentry","product_cat-action","product_cat-adventure","product_cat-rpg","product_tag-games","platform-steam-works"],"_links":{"self":[{"href":"https:\/\/neuvee.com\/pl\/wp-json\/wp\/v2\/product\/584993","targetHints":{"allow":["GET"]}}],"collection":[{"href":"https:\/\/neuvee.com\/pl\/wp-json\/wp\/v2\/product"}],"about":[{"href":"https:\/\/neuvee.com\/pl\/wp-json\/wp\/v2\/types\/product"}],"replies":[{"embeddable":true,"href":"https:\/\/neuvee.com\/pl\/wp-json\/wp\/v2\/comments?post=584993"}],"wp:featuredmedia":[{"embeddable":true,"href":"https:\/\/neuvee.com\/pl\/wp-json\/wp\/v2\/media\/585115"}],"wp:attachment":[{"href":"https:\/\/neuvee.com\/pl\/wp-json\/wp\/v2\/media?parent=584993"}],"wp:term":[{"taxonomy":"product_cat","embeddable":true,"href":"https:\/\/neuvee.com\/pl\/wp-json\/wp\/v2\/product_cat?post=584993"},{"taxonomy":"product_tag","embeddable":true,"href":"https:\/\/neuvee.com\/pl\/wp-json\/wp\/v2\/product_tag?post=584993"}],"curies":[{"name":"wp","href":"https:\/\/api.w.org\/{rel}","templated":true}]}}