{"id":584946,"date":"2023-05-02T13:26:10","date_gmt":"2023-05-02T13:26:10","guid":{"rendered":"https:\/\/neuvee.com\/?post_type=product&#038;p=584946"},"modified":"2025-05-19T14:21:38","modified_gmt":"2025-05-19T14:21:38","slug":"crowalt-traces-of-the-lost-colony-2","status":"publish","type":"product","link":"https:\/\/neuvee.com\/pl\/product\/crowalt-traces-of-the-lost-colony-2\/","title":{"rendered":"CROWALT: TRACES OF THE LOST COLONY"},"content":{"rendered":"<p>O tej grze<\/p>\n<p>Crowalt: Traces of the Lost Colony jest przygodow\u0105 gr\u0105, \u0142\u0105cz\u0105c\u0105 tradycyjny storytelling z&nbsp;nowoczesn\u0105 grafik\u0105 pikselow\u0105.<\/p>\n<p>TAJEMNICA, NIEROZWI\u0104ZANA PRZEZ 150 LAT<br \/>\nGrupa ludzi, kt\u00f3rzy za\u0142o\u017cyli pierwsz\u0105 koloni\u0119 w Ameryce w 1587 znikn\u0119\u0142a w tajemniczych okoliczno\u015bciach, wkr\u00f3tce po przybyciu. Pozosta\u0142a po nich jedynie nazwa wyspy wyryta na drzewie: &#8222;&#8221;Crowalt&#8221;&#8221;.<\/p>\n<p>Teraz jest rok 1737.<\/p>\n<p>M\u0142ody i&nbsp;ambitny \u0142owca przyg\u00f3d Hugh Radcliff pod\u0105\u017ca za \u015bladami Zaginionej Kolonii by dokona\u0107 swojego pierwszego, wielkiego odkrycia. W Crowalt, do kt\u00f3rego przyby\u0142, \u017cyj\u0105 teraz inni ludzie. Radcliff zamierza przetrz\u0105sn\u0105\u0107 wysp\u0119 i&nbsp;w zwi\u0105zku z&nbsp;tym na pewno wpakuje si\u0119 w tarapaty, pr\u00f3buj\u0105c dowiedzie\u0107 si\u0119 co si\u0119 sta\u0142o z&nbsp;Zaginion\u0105 Koloni\u0105.<\/p>\n<p>KLASYCZNE MECHANIKI POINT AND CLICK<\/p>\n<p>Zbieraj, \u0142\u0105cz i&nbsp;u\u017cywaj przedmiot\u00f3w by rozwi\u0105zywa\u0107 \u0142amig\u0142\u00f3wki.<br \/>\nPIRACI TU TE\u017b S\u0104!<\/p>\n<p>Staw czo\u0142a rutynowym wizytom pirat\u00f3w z&nbsp;Crowalt i&nbsp;oczywi\u015bcie naciesz si\u0119 zabawnymi dialogami.<br \/>\nPOD\u0104\u017bAJ ZA SWOIM DZIENNIKIEM<\/p>\n<p>Hugh rysuje wa\u017cne rzeczy i&nbsp;zapisuje notatki na ich temat w swoim dzienniku. Dziennik jest aktualizowany podczas wa\u017cnych wydarze\u0144 i&nbsp;odkry\u0107 podczas gry.<br \/>\nPODEJMUJ DECYZJE<br \/>\nK\u0142am lub&nbsp;m\u00f3w tylko prawd\u0119.<br \/>\nZBIERAJ ARTEFAKTY<br \/>\nNa wyspie le\u017cy sporo historycznych przedmiot\u00f3w, kt\u00f3rych zebranie zabierze Ci\u0119 na kolejny poziom\u2026 osi\u0105gni\u0119\u0107!<br \/>\nZDOB\u0104D\u0179 ZAUFANIE TUBYLC\u00d3W<br \/>\nTubylcy s\u0105 tajemniczymi mieszka\u0144cami wyspy. Zebranie od nich informacji b\u0119dzie wymaga\u0142o zdobycia ich zaufania.<\/p>\n<p><\/p>","protected":false},"excerpt":{"rendered":"<p>O tej grze Crowalt: Traces of the Lost Colony jest przygodow\u0105 gr\u0105, \u0142\u0105cz\u0105c\u0105 tradycyjny storytelling z&nbsp;nowoczesn\u0105 grafik\u0105 pikselow\u0105. TAJEMNICA, NIEROZWI\u0104ZANA PRZEZ 150 LAT Grupa ludzi, kt\u00f3rzy za\u0142o\u017cyli pierwsz\u0105 koloni\u0119 w Ameryce w 1587 znikn\u0119\u0142a w tajemniczych okoliczno\u015bciach, wkr\u00f3tce po przybyciu. Pozosta\u0142a po nich jedynie nazwa wyspy wyryta na drzewie: &#8222;&#8221;Crowalt&#8221;&#8221;. Teraz jest rok 1737. M\u0142ody [&hellip;]<\/p>\n","protected":false},"featured_media":585043,"comment_status":"closed","ping_status":"closed","template":"","meta":{"ub_ctt_via":""},"product_cat":[127],"product_tag":[218],"class_list":["post-584946","product","type-product","status-publish","has-post-thumbnail","hentry","product_cat-adventure","product_tag-games","platform-steam-works"],"_links":{"self":[{"href":"https:\/\/neuvee.com\/pl\/wp-json\/wp\/v2\/product\/584946","targetHints":{"allow":["GET"]}}],"collection":[{"href":"https:\/\/neuvee.com\/pl\/wp-json\/wp\/v2\/product"}],"about":[{"href":"https:\/\/neuvee.com\/pl\/wp-json\/wp\/v2\/types\/product"}],"replies":[{"embeddable":true,"href":"https:\/\/neuvee.com\/pl\/wp-json\/wp\/v2\/comments?post=584946"}],"wp:featuredmedia":[{"embeddable":true,"href":"https:\/\/neuvee.com\/pl\/wp-json\/wp\/v2\/media\/585043"}],"wp:attachment":[{"href":"https:\/\/neuvee.com\/pl\/wp-json\/wp\/v2\/media?parent=584946"}],"wp:term":[{"taxonomy":"product_cat","embeddable":true,"href":"https:\/\/neuvee.com\/pl\/wp-json\/wp\/v2\/product_cat?post=584946"},{"taxonomy":"product_tag","embeddable":true,"href":"https:\/\/neuvee.com\/pl\/wp-json\/wp\/v2\/product_tag?post=584946"}],"curies":[{"name":"wp","href":"https:\/\/api.w.org\/{rel}","templated":true}]}}