{"id":584872,"date":"2023-05-02T13:23:59","date_gmt":"2023-05-02T13:23:59","guid":{"rendered":"https:\/\/neuvee.com\/?post_type=product&#038;p=584872"},"modified":"2025-05-19T13:53:09","modified_gmt":"2025-05-19T13:53:09","slug":"crash-drive-3-4","status":"publish","type":"product","link":"https:\/\/neuvee.com\/pl\/product\/crash-drive-3-4\/","title":{"rendered":"CRASH DRIVE 3"},"content":{"rendered":"<p>Co powiesz na plac zabaw do wyczyn\u00f3w samochodowych? Do\u015bwiadcz absurdalnej rozrywki w mi\u0119dzyplatformowej grze wieloosobowej z&nbsp;ogromn\u0105 swobod\u0105 ruchu! Prowad\u017a monster trucki, czo\u0142gi i&nbsp;inne \u015bwietne pojazdy na wielkim, otwartym \u015bwiecie. Zdobywaj poziomy, rozgrywaj wydarzenia, zdobywaj got\u00f3wk\u0119, odblokowuj nowe samochody i&nbsp;odkrywaj sekrety&#8230; Crash Drive powraca!<\/p>\n<p>WYDARZENIA RYWALIZACJI<br \/>\nZniszcz gigantyczn\u0105 pi\u0142k\u0119 pla\u017cow\u0105, z\u0142ap z\u0142odziei jako gliniarz lub&nbsp;ukradnij kr\u00f3lewsk\u0105 koron\u0119 jako z\u0142odzieje \u2013 to tylko kilka przyk\u0142ad\u00f3w z&nbsp;10 fajnych wydarze\u0144, kt\u00f3re ta gra ma do zaoferowania. Bierz udzia\u0142 w tych losowych wydarzeniach rywalizacji \u2013 pokonaj przeciwnik\u00f3w, aby zdoby\u0107 najwi\u0119cej got\u00f3wki i&nbsp;m\u00f3c kupi\u0107 fajne samochody i&nbsp;dostosowania.<\/p>\n<p>SZALONE ROZWIJANIE SAMOCHOD\u00d3W<br \/>\nU\u017cywaj\u0105c dopale\u0144 nitro, zwi\u0119kszasz pojemno\u015b\u0107 nitro swojego samochodu. Jad\u0105c z&nbsp;maksymaln\u0105 pr\u0119dko\u015bci\u0105, zwi\u0119kszasz t\u0119 pr\u0119dko\u015b\u0107. Wszystko jasne? \u201eWymaksowanie\u201d statystyk samochodu zwi\u0119ksza tw\u00f3j poziom gracza, co pozwala ci kupowa\u0107 nowe samochody lub&nbsp;dostosowania. Zbierz ponad 50 pojazd\u00f3w i&nbsp;dostosuj sw\u00f3j samoch\u00f3d dzi\u0119ki osobliwym antenom, dopaleniom i&nbsp;unikatowym tablicom rejestracyjnym ze swoj\u0105 nazw\u0105 gracza. Osi\u0105gnij maksymalny poziom gracza, aby m\u00f3c wykona\u0107 presti\u017c i&nbsp;pokaza\u0107 wszystkim, kto naprawd\u0119 rz\u0105dzi w Crash Drive 3! Komu samoch\u00f3d ze szczerego z\u0142ota?<\/p>\n<p>EKSPLORACJA OTWARTEGO \u015aWIATA<br \/>\nNa ksi\u0119\u017cyc i&nbsp;z powrotem! Je\u017ad\u017a swobodnie i&nbsp;odkrywaj we w\u0142asnym tempie otwarty, zr\u00f3\u017cnicowany \u015bwiat. Pole\u0107 rakiet\u0105 na ksi\u0119\u017cyc, przeprowad\u017a szturm na kr\u00f3lewski zamek w lesie, udaj si\u0119 do saloonu na terenie kanion\u00f3w Dzikiego Zachodu albo&nbsp;do\u015bwiadcz drift\u00f3w na lodzie po\u015br\u00f3d arktycznego \u015bniegu. Masz ju\u017c do\u015b\u0107 zimna? To co powiesz na relaksuj\u0105c\u0105 podr\u00f3\u017c promem na tropiki? Ka\u017cdy obszar jest unikatowy i&nbsp;wype\u0142niony sekretnymi obszarami, elementami kolekcji i&nbsp;specjalnymi ciekawostkami&#8230; My\u015blisz, \u017ce kiedy\u015b poznasz ju\u017c wszystko na tym \u015bwiecie?<\/p>\n<p>TO ODKRYJ WYSTRZA\u0141OW\u0104 ZABAW\u0118 W BITWACH PANCERNYCH!<br \/>\nZestrzeliwuj lub&nbsp;mia\u017cd\u017c przeciwnik\u00f3w z&nbsp;podniebnych aren, aby zdobywa\u0107 punkty i&nbsp;dominowa\u0107 w walce. Wygrywaj, aby zdobywa\u0107 nowe czo\u0142gi \u2013 ka\u017cdy z&nbsp;nich oferuje inny styl gry. Czeka ci\u0119 wystrza\u0142owa zabawa w trybie bitw pancernych.<\/p>\n<p>GRAJ ZE ZNAJOMYMI Z DOWOLNEJ PLATFORMY!<br \/>\nBez wzgl\u0119du na to, na jakiej platformie graj\u0105 twoi znajomi, mo\u017cecie gra\u0107 razem dzi\u0119ki wsparciu wieloosobowej rozgrywki mi\u0119dzyplatformowej (cross-play). Je\u015bli chcesz spr\u00f3bowa\u0107 wyczyn\u00f3w offline, mo\u017cesz w dowolnej chwili prze\u0142\u0105czy\u0107 gr\u0119 w tryb jednoosobowy!<\/p>\n<p><\/p>","protected":false},"excerpt":{"rendered":"<p>Co powiesz na plac zabaw do wyczyn\u00f3w samochodowych? Do\u015bwiadcz absurdalnej rozrywki w mi\u0119dzyplatformowej grze wieloosobowej z&nbsp;ogromn\u0105 swobod\u0105 ruchu! Prowad\u017a monster trucki, czo\u0142gi i&nbsp;inne \u015bwietne pojazdy na wielkim, otwartym \u015bwiecie. Zdobywaj poziomy, rozgrywaj wydarzenia, zdobywaj got\u00f3wk\u0119, odblokowuj nowe samochody i&nbsp;odkrywaj sekrety&#8230; Crash Drive powraca! WYDARZENIA RYWALIZACJI Zniszcz gigantyczn\u0105 pi\u0142k\u0119 pla\u017cow\u0105, z\u0142ap z\u0142odziei jako gliniarz lub&nbsp;ukradnij kr\u00f3lewsk\u0105 [&hellip;]<\/p>\n","protected":false},"featured_media":584990,"comment_status":"closed","ping_status":"closed","template":"","meta":{"ub_ctt_via":""},"product_cat":[228,88,223,221],"product_tag":[218],"class_list":["post-584872","product","type-product","status-publish","has-post-thumbnail","hentry","product_cat-racing-driving","product_cat-action","product_cat-casual","product_cat-indie","product_tag-games","platform-steam-works"],"_links":{"self":[{"href":"https:\/\/neuvee.com\/pl\/wp-json\/wp\/v2\/product\/584872","targetHints":{"allow":["GET"]}}],"collection":[{"href":"https:\/\/neuvee.com\/pl\/wp-json\/wp\/v2\/product"}],"about":[{"href":"https:\/\/neuvee.com\/pl\/wp-json\/wp\/v2\/types\/product"}],"replies":[{"embeddable":true,"href":"https:\/\/neuvee.com\/pl\/wp-json\/wp\/v2\/comments?post=584872"}],"wp:featuredmedia":[{"embeddable":true,"href":"https:\/\/neuvee.com\/pl\/wp-json\/wp\/v2\/media\/584990"}],"wp:attachment":[{"href":"https:\/\/neuvee.com\/pl\/wp-json\/wp\/v2\/media?parent=584872"}],"wp:term":[{"taxonomy":"product_cat","embeddable":true,"href":"https:\/\/neuvee.com\/pl\/wp-json\/wp\/v2\/product_cat?post=584872"},{"taxonomy":"product_tag","embeddable":true,"href":"https:\/\/neuvee.com\/pl\/wp-json\/wp\/v2\/product_tag?post=584872"}],"curies":[{"name":"wp","href":"https:\/\/api.w.org\/{rel}","templated":true}]}}