{"id":583921,"date":"2023-05-02T12:46:40","date_gmt":"2023-05-02T12:46:40","guid":{"rendered":"https:\/\/neuvee.com\/?post_type=product&#038;p=583921"},"modified":"2025-05-19T14:16:25","modified_gmt":"2025-05-19T14:16:25","slug":"cassette-beasts-3","status":"publish","type":"product","link":"https:\/\/neuvee.com\/pl\/product\/cassette-beasts-3\/","title":{"rendered":"CASSETTE BEASTS"},"content":{"rendered":"<p>Witaj na New Wirral, odleg\u0142ej wyspie zamieszka\u0142ej przez niezwyk\u0142e istoty ze sn\u00f3w, zmory z&nbsp;koszmar\u00f3w i&nbsp;grup\u0119 \u015bmia\u0142k\u00f3w, kt\u00f3rzy za pomoc\u0105 kaset magnetofonowych zmieniaj\u0105 posta\u0107, by stawa\u0107 do walki. Aby znale\u017a\u0107 drog\u0119 do domu, musisz zbada\u0107 ka\u017cdy zak\u0105tek wyspy i&nbsp;nagrywa\u0107 na kasety potwory, by zdobywa\u0107 ich umiej\u0119tno\u015bci!<\/p>\n<p>Zmieniaj si\u0119 w potwory&#8230; za pomoc\u0105 starych kaset magnetofonowych?!<br \/>\nStale atakowani przez potwory mieszka\u0144cy Harbourtown na wyspie New Wirral postanowili wyr\u00f3wna\u0107 szanse. Wystarczy nagra\u0107 dowolnego napotkanego potwora (a jest ich a\u017c 120) na kaset\u0119, a&nbsp;potem j\u0105 odtworzy\u0107, \u017ceby przybra\u0107 jego posta\u0107!<\/p>\n<p>\u0141\u0105cz formy potwor\u00f3w!<br \/>\nZbli\u017canie si\u0119 do towarzysza daje korzy\u015bci \u2013 po transformacji mo\u017cecie \u0142\u0105czy\u0107 si\u0142y, by zyska\u0107 przewag\u0119 w walce! Ka\u017cde dwie formy da si\u0119 po\u0142\u0105czy\u0107, a&nbsp;efekt to nowa, wyj\u0105tkowa, w pe\u0142ni animowana forma. Mo\u017cna stworzy\u0107 a\u017c 14 000 r\u00f3\u017cnych kombinacji!<\/p>\n<p>Odkrywaj bogaty otwarty \u015bwiat<br \/>\nZnajduj skr\u00f3ty, odkrywaj sekrety i&nbsp;eksploruj ukryte podziemia w nielinearnym \u015bwiecie. Mo\u017cesz zdobywa\u0107 umiej\u0119tno\u015bci nagranych potwor\u00f3w: lataj, wspinaj si\u0119, mknij albo&nbsp;si\u0119 magnetyzuj, by z&nbsp;\u0142atwo\u015bci\u0105 przemierza\u0107 t\u0119 niezwyk\u0142\u0105 krain\u0119.<\/p>\n<p>Do\u0142\u0105cz do r\u00f3\u017cnorodnej grupy ludzi i&nbsp;nigdy nie walcz samotnie<br \/>\nSp\u0119dzajcie razem czas, wzmacniajcie wi\u0119zi i&nbsp;pomagajcie wybranemu partnerowi osi\u0105ga\u0107 cele osobiste, a&nbsp;staniecie si\u0119 jeszcze lepszym zespo\u0142em. Wasze relacje decyduj\u0105 o&nbsp;tym, jak dobrze mo\u017cecie si\u0119 \u0142\u0105czy\u0107.<\/p>\n<p>Opanuj z\u0142o\u017cony system walki<br \/>\nWykorzystuj chemi\u0119 \u017cywio\u0142\u00f3w do dodatkowych wzmocnie\u0144, a&nbsp;nawet os\u0142abiania wroga czy zmiany jego \u017cywio\u0142u!<\/p>\n<p>Graj ze znajomymi<br \/>\nPo\u0142\u0105czcie si\u0142y w lokalnym trybie kooperacji, by razem poznawa\u0107 otwarty \u015bwiat, zmienia\u0107 posta\u0107 i&nbsp;walczy\u0107! Wsp\u00f3lne zmierzenie si\u0119 z&nbsp;nieznanym na pewno zbli\u017cy was jeszcze bardziej!<\/p>\n<p>RPG z&nbsp;kolekcjonowaniem potwor\u00f3w i&nbsp;walkami turowymi<br \/>\nPrzemiany w potwory<br \/>\n\u0141\u0105czenie dowolnych dw\u00f3ch potwor\u00f3w<br \/>\nOdkrywanie otwartego \u015bwiata<br \/>\nTworzenie postaci<br \/>\nSze\u015bcioro towarzyszy z&nbsp;w\u0142asnymi w\u0105tkami fabularnymi<br \/>\nLokalny tryb wsp\u00f3\u0142pracy<\/p>\n<p><\/p>","protected":false},"excerpt":{"rendered":"<p>Witaj na New Wirral, odleg\u0142ej wyspie zamieszka\u0142ej przez niezwyk\u0142e istoty ze sn\u00f3w, zmory z&nbsp;koszmar\u00f3w i&nbsp;grup\u0119 \u015bmia\u0142k\u00f3w, kt\u00f3rzy za pomoc\u0105 kaset magnetofonowych zmieniaj\u0105 posta\u0107, by stawa\u0107 do walki. Aby znale\u017a\u0107 drog\u0119 do domu, musisz zbada\u0107 ka\u017cdy zak\u0105tek wyspy i&nbsp;nagrywa\u0107 na kasety potwory, by zdobywa\u0107 ich umiej\u0119tno\u015bci! Zmieniaj si\u0119 w potwory&#8230; za pomoc\u0105 starych kaset magnetofonowych?! Stale [&hellip;]<\/p>\n","protected":false},"featured_media":584149,"comment_status":"closed","ping_status":"closed","template":"","meta":{"ub_ctt_via":""},"product_cat":[234,225,127,221],"product_tag":[218],"class_list":["post-583921","product","type-product","status-publish","has-post-thumbnail","hentry","product_cat-open-world","product_cat-role-playing","product_cat-adventure","product_cat-indie","product_tag-games","platform-steam-works"],"_links":{"self":[{"href":"https:\/\/neuvee.com\/pl\/wp-json\/wp\/v2\/product\/583921","targetHints":{"allow":["GET"]}}],"collection":[{"href":"https:\/\/neuvee.com\/pl\/wp-json\/wp\/v2\/product"}],"about":[{"href":"https:\/\/neuvee.com\/pl\/wp-json\/wp\/v2\/types\/product"}],"replies":[{"embeddable":true,"href":"https:\/\/neuvee.com\/pl\/wp-json\/wp\/v2\/comments?post=583921"}],"wp:featuredmedia":[{"embeddable":true,"href":"https:\/\/neuvee.com\/pl\/wp-json\/wp\/v2\/media\/584149"}],"wp:attachment":[{"href":"https:\/\/neuvee.com\/pl\/wp-json\/wp\/v2\/media?parent=583921"}],"wp:term":[{"taxonomy":"product_cat","embeddable":true,"href":"https:\/\/neuvee.com\/pl\/wp-json\/wp\/v2\/product_cat?post=583921"},{"taxonomy":"product_tag","embeddable":true,"href":"https:\/\/neuvee.com\/pl\/wp-json\/wp\/v2\/product_tag?post=583921"}],"curies":[{"name":"wp","href":"https:\/\/api.w.org\/{rel}","templated":true}]}}