{"id":583916,"date":"2023-05-02T12:43:21","date_gmt":"2023-05-02T12:43:21","guid":{"rendered":"https:\/\/neuvee.com\/?post_type=product&#038;p=583916"},"modified":"2025-05-19T13:43:18","modified_gmt":"2025-05-19T13:43:18","slug":"call-of-the-sea-soundtrack","status":"publish","type":"product","link":"https:\/\/neuvee.com\/pl\/product\/call-of-the-sea-soundtrack\/","title":{"rendered":"CALL OF THE SEA &#8211; SOUNDTRACK"},"content":{"rendered":"<p>Oryginalna \u015bcie\u017cka d\u017awi\u0119kowa autorstwa Eduarda de la Iglesii zawiera 23 utwory stworzone specjalnie do gry Call of the Sea.<\/p>\n<p>Cudowne kompozycje Eduarda przenosz\u0105 graczy w bezkresne, niezbadane g\u0142\u0119biny Pacyfiku. Powojenna piosenka skomponowana przez Harolda Robe\u2019a i&nbsp;Gitza Rice\u2019a, \u201eDear Old Pal of Mine\u201d, w wykonaniu Johna McCormacka, zainspirowa\u0142a pieszczotliwy zwrot u\u017cywany przez Harry\u2019ego i&nbsp;Norah. Eduardo de la Iglesia zaaran\u017cowa\u0142 j\u0105 na fortepian, a&nbsp;za\u015bpiewali j\u0105 w i\u015bcie mistrzowskim stylu Cissy Jones i&nbsp;Yuri Lowenthal \u2013 aktorzy podk\u0142adaj\u0105cy g\u0142osy Norah i&nbsp;Harry\u2019ego.<\/p>\n<p>Na cze\u015b\u0107 przepi\u0119knej kultury Polinezji Francuskiej i&nbsp;tahita\u0144skiego ta\u0144ca Ori Tahiti Eduardo de la Iglesia skomponowa\u0142 tak\u017ce utw\u00f3r z&nbsp;gatunku aparima, kt\u00f3ry za\u015bpiewa\u0142 jego ojciec, utalentowany wokalista \u00c1ngel de la Iglesia.<\/p>\n<p>Motyw przewodni gry Call of the Sea \u0142\u0105czy w sobie pi\u0119kno zagadkowej przygody i&nbsp;melancholijnego romantyzmu, doskonale oddaj\u0105c wyj\u0105tkow\u0105 atmosfer\u0119 gry i&nbsp;przenosz\u0105c graczy na tajemnicz\u0105, bezimienn\u0105 wysp\u0119. Zapraszamy was na t\u0119 wsp\u00f3ln\u0105 podr\u00f3\u017c do krainy marze\u0144.<\/p>\n<p>*Kompozytorem, producentem i&nbsp;aran\u017cerem wszystkich utwor\u00f3w jest Eduardo de la Iglesia.*<br \/>\n&#8211; \u201eTe Reo O Te R\u2019ai\u201d \u2013 wykonawca: \u00c1ngel de la Iglesia.<\/p>\n<p>&#8211; \u201eDear Old Pal of Mine\u201d \u2013 wokal: Cissy Jones, Yuri Lowenthal; aran\u017cacja wokalna: Kyle Puccia; fortepian, aran\u017cacja fortepianowa: Eduardo de la Iglesia.<\/p>\n<p>&#8211; Ok\u0142adka: Jose Leote Dur\u00e1n.<\/p>","protected":false},"excerpt":{"rendered":"<p>Oryginalna \u015bcie\u017cka d\u017awi\u0119kowa autorstwa Eduarda de la Iglesii zawiera 23 utwory stworzone specjalnie do gry Call of the Sea. Cudowne kompozycje Eduarda przenosz\u0105 graczy w bezkresne, niezbadane g\u0142\u0119biny Pacyfiku. Powojenna piosenka skomponowana przez Harolda Robe\u2019a i&nbsp;Gitza Rice\u2019a, \u201eDear Old Pal of Mine\u201d, w wykonaniu Johna McCormacka, zainspirowa\u0142a pieszczotliwy zwrot u\u017cywany przez Harry\u2019ego i&nbsp;Norah. Eduardo de [&hellip;]<\/p>\n","protected":false},"featured_media":584029,"comment_status":"closed","ping_status":"closed","template":"","meta":{"ub_ctt_via":""},"product_cat":[127,223,221],"product_tag":[218],"class_list":["post-583916","product","type-product","status-publish","has-post-thumbnail","hentry","product_cat-adventure","product_cat-casual","product_cat-indie","product_tag-games","platform-steam-works"],"_links":{"self":[{"href":"https:\/\/neuvee.com\/pl\/wp-json\/wp\/v2\/product\/583916","targetHints":{"allow":["GET"]}}],"collection":[{"href":"https:\/\/neuvee.com\/pl\/wp-json\/wp\/v2\/product"}],"about":[{"href":"https:\/\/neuvee.com\/pl\/wp-json\/wp\/v2\/types\/product"}],"replies":[{"embeddable":true,"href":"https:\/\/neuvee.com\/pl\/wp-json\/wp\/v2\/comments?post=583916"}],"wp:featuredmedia":[{"embeddable":true,"href":"https:\/\/neuvee.com\/pl\/wp-json\/wp\/v2\/media\/584029"}],"wp:attachment":[{"href":"https:\/\/neuvee.com\/pl\/wp-json\/wp\/v2\/media?parent=583916"}],"wp:term":[{"taxonomy":"product_cat","embeddable":true,"href":"https:\/\/neuvee.com\/pl\/wp-json\/wp\/v2\/product_cat?post=583916"},{"taxonomy":"product_tag","embeddable":true,"href":"https:\/\/neuvee.com\/pl\/wp-json\/wp\/v2\/product_tag?post=583916"}],"curies":[{"name":"wp","href":"https:\/\/api.w.org\/{rel}","templated":true}]}}