{"id":583914,"date":"2023-05-02T12:41:54","date_gmt":"2023-05-02T12:41:54","guid":{"rendered":"https:\/\/neuvee.com\/?post_type=product&#038;p=583914"},"modified":"2025-05-19T13:46:59","modified_gmt":"2025-05-19T13:46:59","slug":"call-of-the-sea-deluxe-edition-3","status":"publish","type":"product","link":"https:\/\/neuvee.com\/pl\/product\/call-of-the-sea-deluxe-edition-3\/","title":{"rendered":"CALL OF THE SEA &#8211; DELUXE EDITION"},"content":{"rendered":"<p>Zawarto\u015b\u0107 Edycji Deluxe Call of the Sea:<br \/>\n&#8211; Call of the Sea \u2013 przygod\u00f3wka z&nbsp;zagadkami, w kt\u00f3rej gracz przenosi si\u0119 w lata 30. ubieg\u0142ego wieku i&nbsp;wciela w posta\u0107 Norah, m\u0142odej kobiety wyruszaj\u0105cej na wypraw\u0119 \u015bladami ekspedycji zaginionego m\u0119\u017ca. Poznaj zielon\u0105, rajsk\u0105 wysp\u0119, rozwi\u0105zuj zagadki i&nbsp;odkrywaj tajemnice w tej mistycznej opowie\u015bci o&nbsp;wielkiej mi\u0142o\u015bci i&nbsp;tajemniczej przygodzie.<br \/>\n&#8211; Oryginalna \u015bcie\u017cka d\u017awi\u0119kowa Call of the Sea \u2013 podkre\u015bla pi\u0119kno zagadkowej przygody i&nbsp;melancholijnego romantyzmu, doskonale oddaj\u0105c wyj\u0105tkow\u0105 atmosfer\u0119 gry i&nbsp;przenosz\u0105c graczy na tajemnicz\u0105, bezimienn\u0105 wysp\u0119. 23 utwory skomponowane przez Eduarda de la Iglesi\u0119.<br \/>\n&#8211; Grafika z&nbsp;gry Call of the Sea \u2013 wyb\u00f3r grafik koncepcyjnych, rysunk\u00f3w i&nbsp;tr\u00f3jwymiarowych scen zawieraj\u0105cych osza\u0142amiaj\u0105ce krajobrazy, postacie, lokalizacje i&nbsp;zagadki z&nbsp;gry. Jest to ksi\u0105\u017cka do pobrania pe\u0142na wielkich, barwnych ilustracji, kt\u00f3re zabior\u0105 was w podr\u00f3\u017c do bogatego \u015bwiata wizualnej strony gry Call of the Sea.<\/p>\n<p>1934 r., najdalsze zak\u0105tki po\u0142udniowego Pacyfiku. Pod\u0105\u017caj\u0105c tropem zaginionej ekspedycji m\u0119\u017ca, Norah dotar\u0142a na t\u0119tni\u0105c\u0105 \u017cyciem rajsk\u0105 wysp\u0119 \u2013 tajemniczy i&nbsp;zapomniany l\u0105d usiany ruinami dawnej cywilizacji.<\/p>\n<p>Jakie tajemnice mo\u017ce skrywa\u0107 i&nbsp;co Norah odkryje w pogoni za prawd\u0105?<\/p>\n<p>*ODKRYWAJ PI\u0118KNO*<br \/>\nOdkrywaj zachwycaj\u0105c\u0105 pi\u0119knem, stworzon\u0105 w Unreal Engine 4 tropikaln\u0105 wysp\u0119 pe\u0142n\u0105 niesamowitych widok\u00f3w, zaginionych ruin i&nbsp;mistycznych tajemnic.<\/p>\n<p>*POZNAJ NORAH*<br \/>\nPoznaj wspania\u0142e studium charakteru kobiety pr\u00f3buj\u0105cej rozwi\u0105za\u0107 tajemnic\u0119 znikni\u0119cia jej m\u0119\u017ca i&nbsp;poznaj prawd\u0119 o&nbsp;kobiecie, kt\u00f3rej g\u0142osu u\u017cyczy\u0142a Cissy Jones znana z&nbsp;gier Firewatch oraz&nbsp;The Walking Dead: Season 1).<\/p>\n<p>*ZANURZ SI\u0118 W G\u0141\u0118BI\u0118*<br \/>\nDaj si\u0119 wci\u0105gn\u0105\u0107 w bogat\u0105 fabularnie przygod\u0119 pe\u0142n\u0105 emocji, napi\u0119cia i&nbsp;nieziemskich niespodzianek.<\/p>\n<p>*ODNAJD\u0179 SENS*<br \/>\nId\u017a tropem wskaz\u00f3wek zostawionych przez poprzedni\u0105 wypraw\u0119, ustal przebieg wydarze\u0144 i&nbsp;rozwi\u0105\u017c seri\u0119 wymagaj\u0105cych zagadek.<\/p>","protected":false},"excerpt":{"rendered":"<p>Zawarto\u015b\u0107 Edycji Deluxe Call of the Sea: &#8211; Call of the Sea \u2013 przygod\u00f3wka z&nbsp;zagadkami, w kt\u00f3rej gracz przenosi si\u0119 w lata 30. ubieg\u0142ego wieku i&nbsp;wciela w posta\u0107 Norah, m\u0142odej kobiety wyruszaj\u0105cej na wypraw\u0119 \u015bladami ekspedycji zaginionego m\u0119\u017ca. Poznaj zielon\u0105, rajsk\u0105 wysp\u0119, rozwi\u0105zuj zagadki i&nbsp;odkrywaj tajemnice w tej mistycznej opowie\u015bci o&nbsp;wielkiej mi\u0142o\u015bci i&nbsp;tajemniczej przygodzie. &#8211; [&hellip;]<\/p>\n","protected":false},"featured_media":583978,"comment_status":"closed","ping_status":"closed","template":"","meta":{"ub_ctt_via":""},"product_cat":[127,223,221],"product_tag":[218],"class_list":["post-583914","product","type-product","status-publish","has-post-thumbnail","hentry","product_cat-adventure","product_cat-casual","product_cat-indie","product_tag-games","platform-steam-works"],"_links":{"self":[{"href":"https:\/\/neuvee.com\/pl\/wp-json\/wp\/v2\/product\/583914","targetHints":{"allow":["GET"]}}],"collection":[{"href":"https:\/\/neuvee.com\/pl\/wp-json\/wp\/v2\/product"}],"about":[{"href":"https:\/\/neuvee.com\/pl\/wp-json\/wp\/v2\/types\/product"}],"replies":[{"embeddable":true,"href":"https:\/\/neuvee.com\/pl\/wp-json\/wp\/v2\/comments?post=583914"}],"wp:featuredmedia":[{"embeddable":true,"href":"https:\/\/neuvee.com\/pl\/wp-json\/wp\/v2\/media\/583978"}],"wp:attachment":[{"href":"https:\/\/neuvee.com\/pl\/wp-json\/wp\/v2\/media?parent=583914"}],"wp:term":[{"taxonomy":"product_cat","embeddable":true,"href":"https:\/\/neuvee.com\/pl\/wp-json\/wp\/v2\/product_cat?post=583914"},{"taxonomy":"product_tag","embeddable":true,"href":"https:\/\/neuvee.com\/pl\/wp-json\/wp\/v2\/product_tag?post=583914"}],"curies":[{"name":"wp","href":"https:\/\/api.w.org\/{rel}","templated":true}]}}