{"id":583635,"date":"2023-05-02T12:27:16","date_gmt":"2023-05-02T12:27:16","guid":{"rendered":"https:\/\/neuvee.com\/?post_type=product&#038;p=583635"},"modified":"2025-05-19T14:18:03","modified_gmt":"2025-05-19T14:18:03","slug":"call-of-the-sea-artbook","status":"publish","type":"product","link":"https:\/\/neuvee.com\/pl\/product\/call-of-the-sea-artbook\/","title":{"rendered":"CALL OF THE SEA &#8211; ARTBOOK"},"content":{"rendered":"<p>&#8221;&#8221;Grafika z&nbsp;gry Call of the Sea to wyb\u00f3r grafik koncepcyjnych, rysunk\u00f3w i&nbsp;tr\u00f3jwymiarowych scen zawieraj\u0105cych osza\u0142amiaj\u0105ce krajobrazy, postacie, lokalizacje i&nbsp;zagadki z&nbsp;gry. Jest to ksi\u0105\u017cka do pobrania pe\u0142na wielkich, barwnych ilustracji, kt\u00f3re zabior\u0105 was w podr\u00f3\u017c do bogatego \u015bwiata wizualnej strony naszej gry.<\/p>\n<p>Jej grafika bazuje na nawi\u0105zaniach do rzeczywistych krajobraz\u00f3w wysp Polinezji, do kt\u00f3rych stopniowo dodawali\u015bmy elementy charakterystyczne dla nieznanych, staro\u017cytnych cywilizacji. Zale\u017ca\u0142o nam na podkre\u015bleniu, \u017ce im dalej kto\u015b si\u0119 zapuszcza w g\u0142\u0105b wyspy, tym bardziej niezwyk\u0142e odkrycia go czekaj\u0105.<\/p>\n<p>Gra \u015bwiat\u0142a i&nbsp;barw oddaje emocje g\u0142\u00f3wnej bohaterki i&nbsp;odzwierciedla rozw\u00f3j jej osobowo\u015bci.<\/p>\n<p>Grafika z&nbsp;gry Call of the Sea jest pe\u0142na bogactwa wizualnego i&nbsp;stylistycznego oraz&nbsp;efektownych, acz nie krzykliwych ilustracji fabu\u0142y i&nbsp;emocji postaci, pod\u0105\u017caj\u0105c tropem wydarze\u0144, zjawisk i&nbsp;kontekst\u00f3w kulturowych, kt\u00f3re zainspirowa\u0142y tw\u00f3rc\u00f3w gry.&#8221;&#8221;<\/p>","protected":false},"excerpt":{"rendered":"<p>&#8221;&#8221;Grafika z&nbsp;gry Call of the Sea to wyb\u00f3r grafik koncepcyjnych, rysunk\u00f3w i&nbsp;tr\u00f3jwymiarowych scen zawieraj\u0105cych osza\u0142amiaj\u0105ce krajobrazy, postacie, lokalizacje i&nbsp;zagadki z&nbsp;gry. Jest to ksi\u0105\u017cka do pobrania pe\u0142na wielkich, barwnych ilustracji, kt\u00f3re zabior\u0105 was w podr\u00f3\u017c do bogatego \u015bwiata wizualnej strony naszej gry. Jej grafika bazuje na nawi\u0105zaniach do rzeczywistych krajobraz\u00f3w wysp Polinezji, do kt\u00f3rych stopniowo dodawali\u015bmy [&hellip;]<\/p>\n","protected":false},"featured_media":583909,"comment_status":"closed","ping_status":"closed","template":"","meta":{"ub_ctt_via":""},"product_cat":[127,223,221],"product_tag":[218],"class_list":["post-583635","product","type-product","status-publish","has-post-thumbnail","hentry","product_cat-adventure","product_cat-casual","product_cat-indie","product_tag-games","platform-steam-works"],"_links":{"self":[{"href":"https:\/\/neuvee.com\/pl\/wp-json\/wp\/v2\/product\/583635","targetHints":{"allow":["GET"]}}],"collection":[{"href":"https:\/\/neuvee.com\/pl\/wp-json\/wp\/v2\/product"}],"about":[{"href":"https:\/\/neuvee.com\/pl\/wp-json\/wp\/v2\/types\/product"}],"replies":[{"embeddable":true,"href":"https:\/\/neuvee.com\/pl\/wp-json\/wp\/v2\/comments?post=583635"}],"wp:featuredmedia":[{"embeddable":true,"href":"https:\/\/neuvee.com\/pl\/wp-json\/wp\/v2\/media\/583909"}],"wp:attachment":[{"href":"https:\/\/neuvee.com\/pl\/wp-json\/wp\/v2\/media?parent=583635"}],"wp:term":[{"taxonomy":"product_cat","embeddable":true,"href":"https:\/\/neuvee.com\/pl\/wp-json\/wp\/v2\/product_cat?post=583635"},{"taxonomy":"product_tag","embeddable":true,"href":"https:\/\/neuvee.com\/pl\/wp-json\/wp\/v2\/product_tag?post=583635"}],"curies":[{"name":"wp","href":"https:\/\/api.w.org\/{rel}","templated":true}]}}