{"id":583462,"date":"2023-05-02T12:25:12","date_gmt":"2023-05-02T12:25:12","guid":{"rendered":"https:\/\/neuvee.com\/?post_type=product&#038;p=583462"},"modified":"2025-05-19T13:49:57","modified_gmt":"2025-05-19T13:49:57","slug":"call-of-the-sea-3","status":"publish","type":"product","link":"https:\/\/neuvee.com\/pl\/product\/call-of-the-sea-3\/","title":{"rendered":"CALL OF THE SEA"},"content":{"rendered":"<p>1934 r., najdalsze zak\u0105tki po\u0142udniowego Pacyfiku. Pod\u0105\u017caj\u0105c tropem zaginionej ekspedycji m\u0119\u017ca, Norah dotar\u0142a na t\u0119tni\u0105c\u0105 \u017cyciem rajsk\u0105 wysp\u0119 \u2013 tajemniczy i&nbsp;zapomniany l\u0105d usiany ruinami dawnej cywilizacji.<\/p>\n<p>Jakie tajemnice mo\u017ce skrywa\u0107 i&nbsp;co Norah odkryje w pogoni za prawd\u0105?<\/p>\n<p>*ODKRYWAJ PI\u0118KNO*<br \/>\nOdkrywaj zachwycaj\u0105c\u0105 pi\u0119knem, stworzon\u0105 w Unreal Engine 4 tropikaln\u0105 wysp\u0119 pe\u0142n\u0105 niesamowitych widok\u00f3w, zaginionych ruin i&nbsp;mistycznych tajemnic.<\/p>\n<p>*POZNAJ NORAH*<br \/>\nPoznaj wspania\u0142e studium charakteru kobiety pr\u00f3buj\u0105cej rozwi\u0105za\u0107 tajemnic\u0119 znikni\u0119cia jej m\u0119\u017ca i&nbsp;poznaj prawd\u0119 o&nbsp;kobiecie, kt\u00f3rej g\u0142osu u\u017cyczy\u0142a Cissy Jones znana z&nbsp;gier Firewatch oraz&nbsp;The Walking Dead: Season 1).<\/p>\n<p>*ZANURZ SI\u0118 W G\u0141\u0118BI\u0118*<br \/>\nDaj si\u0119 wci\u0105gn\u0105\u0107 w bogat\u0105 fabularnie przygod\u0119 pe\u0142n\u0105 emocji, napi\u0119cia i&nbsp;nieziemskich niespodzianek.<\/p>\n<p>*ODNAJD\u0179 SENS*<br \/>\nId\u017a tropem wskaz\u00f3wek zostawionych przez poprzedni\u0105 wypraw\u0119, ustal przebieg wydarze\u0144 i&nbsp;rozwi\u0105\u017c seri\u0119 wymagaj\u0105cych zagadek.<\/p>","protected":false},"excerpt":{"rendered":"<p>1934 r., najdalsze zak\u0105tki po\u0142udniowego Pacyfiku. Pod\u0105\u017caj\u0105c tropem zaginionej ekspedycji m\u0119\u017ca, Norah dotar\u0142a na t\u0119tni\u0105c\u0105 \u017cyciem rajsk\u0105 wysp\u0119 \u2013 tajemniczy i&nbsp;zapomniany l\u0105d usiany ruinami dawnej cywilizacji. Jakie tajemnice mo\u017ce skrywa\u0107 i&nbsp;co Norah odkryje w pogoni za prawd\u0105? *ODKRYWAJ PI\u0118KNO* Odkrywaj zachwycaj\u0105c\u0105 pi\u0119knem, stworzon\u0105 w Unreal Engine 4 tropikaln\u0105 wysp\u0119 pe\u0142n\u0105 niesamowitych widok\u00f3w, zaginionych ruin i&nbsp;mistycznych [&hellip;]<\/p>\n","protected":false},"featured_media":583866,"comment_status":"closed","ping_status":"closed","template":"","meta":{"ub_ctt_via":""},"product_cat":[127,223,221],"product_tag":[218],"class_list":["post-583462","product","type-product","status-publish","has-post-thumbnail","hentry","product_cat-adventure","product_cat-casual","product_cat-indie","product_tag-games","platform-steam-works"],"_links":{"self":[{"href":"https:\/\/neuvee.com\/pl\/wp-json\/wp\/v2\/product\/583462","targetHints":{"allow":["GET"]}}],"collection":[{"href":"https:\/\/neuvee.com\/pl\/wp-json\/wp\/v2\/product"}],"about":[{"href":"https:\/\/neuvee.com\/pl\/wp-json\/wp\/v2\/types\/product"}],"replies":[{"embeddable":true,"href":"https:\/\/neuvee.com\/pl\/wp-json\/wp\/v2\/comments?post=583462"}],"wp:featuredmedia":[{"embeddable":true,"href":"https:\/\/neuvee.com\/pl\/wp-json\/wp\/v2\/media\/583866"}],"wp:attachment":[{"href":"https:\/\/neuvee.com\/pl\/wp-json\/wp\/v2\/media?parent=583462"}],"wp:term":[{"taxonomy":"product_cat","embeddable":true,"href":"https:\/\/neuvee.com\/pl\/wp-json\/wp\/v2\/product_cat?post=583462"},{"taxonomy":"product_tag","embeddable":true,"href":"https:\/\/neuvee.com\/pl\/wp-json\/wp\/v2\/product_tag?post=583462"}],"curies":[{"name":"wp","href":"https:\/\/api.w.org\/{rel}","templated":true}]}}