{"id":582962,"date":"2023-05-02T12:11:23","date_gmt":"2023-05-02T12:11:23","guid":{"rendered":"https:\/\/neuvee.com\/?post_type=product&#038;p=582962"},"modified":"2025-05-19T14:23:38","modified_gmt":"2025-05-19T14:23:38","slug":"brewmaster-beer-brewing-simulator-2","status":"publish","type":"product","link":"https:\/\/neuvee.com\/pl\/product\/brewmaster-beer-brewing-simulator-2\/","title":{"rendered":"BREWMASTER: BEER BREWING SIMULATOR"},"content":{"rendered":"<p>JOIN OUR DISCORD Informacje o\u00a0grze<br \/>\n&#8211; Korzystaj z&nbsp;olbrzymiej liczby sk\u0142adnik\u00f3w i&nbsp;element\u00f3w wyposa\u017cenia, aby tworzy\u0107 rozmaite rodzaje piwa. Poznaj ca\u0142y proces warzenia od pocz\u0105tku do samego ko\u0144ca.<br \/>\n&#8211; Przygotuj w\u0142asn\u0105 receptur\u0119, stw\u00f3rz piwo swoich marze\u0144 i&nbsp;zagraj w realistyczn\u0105 symulacj\u0119 browarnicz\u0105.<br \/>\n&#8211; Zmie\u0144 pasj\u0119, precyzj\u0119 i&nbsp;przygotowanie w post\u0119p \u2013 bierz udzia\u0142 w konkursach, realizuj zlecenia, odblokuj lepsze wyposa\u017cenie i&nbsp;zdob\u0105d\u017a reputacj\u0119 mistrza browarnictwa!<br \/>\n&#8211; Modyfikuj swoje piwa, projektuj\u0105c etykiety i&nbsp;tworz\u0105c w\u0142asne marki!<br \/>\n&#8211; Spersonalizuj miejsce pracy, korzystaj\u0105c z&nbsp;szerokiego asortymentu element\u00f3w dekoracyjnych do odblokowania.<br \/>\n&#8211; Zrelaksuj si\u0119 w odpr\u0119\u017caj\u0105cym trybie sandboksowym.<br \/>\n&#8211; Udost\u0119pniaj swoje receptury innym graczom w Warsztacie Steam. Odkryj i&nbsp;opanuj sztuk\u0119 warzenia piwa w grze b\u0119d\u0105cej najdoskonalszym ho\u0142dem dla piw kraftowych. Od udoskonalania technik browarniczych opartych na tradycyjnych procesach chemicznych po nazewnictwo, butelkowanie i&nbsp;etykietowanie \u2013 stw\u00f3rz wyrafinowane kraftowe piwo i&nbsp;zosta\u0144 prawdziwym mistrzem warzenia piwa w pierwszej w historii realistycznej symulacji browarniczej. Znaj\u0105c wszystkie tajniki zawodu i&nbsp;dysponuj\u0105c najnowocze\u015bniejszym sprz\u0119tem, korzystaj z&nbsp;gotowych receptur albo&nbsp;eksperymentuj z&nbsp;ogromn\u0105 liczb\u0105 prawdziwych sk\u0142adnik\u00f3w. Bierz udzia\u0142 w przyjacielskiej rywalizacji, zdobywaj piwne \u017cetony i&nbsp;ulepszaj sw\u00f3j sprz\u0119t, aby osi\u0105gn\u0105\u0107 jeszcze wi\u0119ksz\u0105 perfekcj\u0119 w swoim fachu. Wybierz tryb fabularny \u201eBrewmaster\u201d albo&nbsp;skorzystaj z&nbsp;sandboksowego trybu \u201eCreative Mode\u201d, w kt\u00f3rym odblokowane s\u0105 wszystkie elementy gry. Za\u0142\u00f3\u017c domowy browar Przygotuj idealne miejsce do sp\u0119dzania wielu relaksuj\u0105cych godzin podczas warzenia doskona\u0142ego piwa. Odblokuj wybrany sprz\u0119t i&nbsp;wprowad\u017a w\u0142asny wystr\u00f3j. Dzi\u0119ki piwnym \u017cetonom mo\u017cesz kupi\u0107 lepsze wyposa\u017cenie i&nbsp;stworzy\u0107 spersonalizowan\u0105 przestrze\u0144. Opracuj w\u0142asn\u0105 receptur\u0119 Tw\u00f3rz r\u00f3\u017cne rodzaje piwa (m.in . pszeniczne, bia\u0142e, stout i&nbsp;IPA), szlifuj\u0105c swoje umiej\u0119tno\u015bci browarnicze. Udoskonalaj receptury, poprawiaj smak, projektuj w\u0142asne etykiety, a&nbsp;na zako\u0144czenie dostarcz gotowy produkt na lokalny konkurs lub&nbsp;do browaru, aby budowa\u0107 reputacj\u0119 i&nbsp;uzyska\u0107 piwne \u017cetony. Gra jest przeznaczona zar\u00f3wno dla ca\u0142kowitych nowicjuszy, jak i&nbsp;zapalonych mi\u0142o\u015bnik\u00f3w piwa. Naucz si\u0119 podstaw browarnictwa, korzystaj\u0105c z&nbsp;szeregu receptur, albo&nbsp;wyka\u017c si\u0119 kreatywno\u015bci\u0105, maj\u0105c ca\u0142kowit\u0105 swobod\u0119 w warzeniu dowolnego piwa. Uwarz swoje wymarzone piwo Zacieraj s\u0142\u00f3d, gotuj chmiel i&nbsp;zadawaj dro\u017cd\u017ce, aby rozpocz\u0105\u0107 proces fermentacji. Rozwi\u0144 szereg umiej\u0119tno\u015bci zwi\u0105zanych z&nbsp;r\u00f3\u017cnymi technikami browarniczymi, aby opanowa\u0107 warzenie r\u00f3\u017cnego rodzaju piw kraftowych. W tej relaksuj\u0105cej i&nbsp;daj\u0105cej mn\u00f3stwo satysfakcji symulacji mo\u017cesz do\u015bwiadczy\u0107 przyjemno\u015bci nie\u015bpiesznego warzenia piwa bez konieczno\u015bci przejmowania si\u0119 sprawami finansowymi czy przestrzeni\u0105 robocz\u0105. Realizm i&nbsp;autentyczno\u015b\u0107 Brewmaster to szczeg\u00f3\u0142owa i&nbsp;realistyczna gra, opieraj\u0105ca si\u0119 na prawdziwych procesach chemicznych i&nbsp;g\u0142\u0119bokim zrozumieniu zasad dzia\u0142ania fermentacji. To wcale nie znaczy, \u017ce musisz mie\u0107 wykszta\u0142cenie chemiczne. Skomplikowane formu\u0142y zostaj\u0105 za kulisami, dzi\u0119ki czemu mo\u017cna skupi\u0107 si\u0119 na najprzyjemniejszych cz\u0119\u015bciach warzenia piwa. Stworzenie produktu Po wyprodukowaniu idealnego piwa trzeba w odpowiedni spos\u00f3b je \u201esprzeda\u0107\u201d, zapewniaj\u0105c mu atrakcyjn\u0105 etykiet\u0119 i&nbsp;chwytliw\u0105 nazw\u0119. Miej wp\u0142yw na ka\u017cdy element produktu i&nbsp;wzmocnij swoj\u0105 reputacj\u0119 na piwnych festiwalach. Kiedy twoja praca zostanie doceniona, zaczniesz dostarcza\u0107 piwo do lokalnych browar\u00f3w w celu produkcji masowej, rozszerzysz sie\u0107 odbiorc\u00f3w i&nbsp;odblokujesz wi\u0119ksze zlecenia oraz&nbsp;bardziej wymagaj\u0105ce receptury. Prawdziwy mistrz browarnictwa ca\u0142y czas uczy si\u0119 czego\u015b nowego! Z\u0142\u00f3\u017c ho\u0142d sztuce warzenia piwa Cho\u0107 w grze b\u0119dziesz korzysta\u0107 z&nbsp;nowoczesnej technologii, warzenie piwa by\u0142o ju\u017c znane 10 000 lat p.n.e. Ludzko\u015b\u0107 opanowa\u0142a alchemi\u0119 fermentacji, jeszcze zanim na drzewie umiej\u0119tno\u015bci naszego gatunku pojawi\u0142o si\u0119 \u201epismo\u201d. Do\u0142\u0105cz do tej szlachetnej i&nbsp;wielowiekowej ga\u0142\u0119zi rzemios\u0142a, szlifuj umiej\u0119tno\u015bci i&nbsp;wyka\u017c si\u0119 kreatywno\u015bci\u0105, eksploruj\u0105c tajniki tworzenia piwa kraftowego w XXI wieku. Miej sw\u00f3j wk\u0142ad w histori\u0119 browarnictwa!<\/p>\n<p><\/p>","protected":false},"excerpt":{"rendered":"<p>JOIN OUR DISCORD Informacje o\u00a0grze &#8211; Korzystaj z&nbsp;olbrzymiej liczby sk\u0142adnik\u00f3w i&nbsp;element\u00f3w wyposa\u017cenia, aby tworzy\u0107 rozmaite rodzaje piwa. Poznaj ca\u0142y proces warzenia od pocz\u0105tku do samego ko\u0144ca. &#8211; Przygotuj w\u0142asn\u0105 receptur\u0119, stw\u00f3rz piwo swoich marze\u0144 i&nbsp;zagraj w realistyczn\u0105 symulacj\u0119 browarnicz\u0105. &#8211; Zmie\u0144 pasj\u0119, precyzj\u0119 i&nbsp;przygotowanie w post\u0119p \u2013 bierz udzia\u0142 w konkursach, realizuj zlecenia, odblokuj lepsze [&hellip;]<\/p>\n","protected":false},"featured_media":583249,"comment_status":"closed","ping_status":"closed","template":"","meta":{"ub_ctt_via":""},"product_cat":[78],"product_tag":[218],"class_list":["post-582962","product","type-product","status-publish","has-post-thumbnail","hentry","product_cat-simulation","product_tag-games","platform-steam-works"],"_links":{"self":[{"href":"https:\/\/neuvee.com\/pl\/wp-json\/wp\/v2\/product\/582962","targetHints":{"allow":["GET"]}}],"collection":[{"href":"https:\/\/neuvee.com\/pl\/wp-json\/wp\/v2\/product"}],"about":[{"href":"https:\/\/neuvee.com\/pl\/wp-json\/wp\/v2\/types\/product"}],"replies":[{"embeddable":true,"href":"https:\/\/neuvee.com\/pl\/wp-json\/wp\/v2\/comments?post=582962"}],"wp:featuredmedia":[{"embeddable":true,"href":"https:\/\/neuvee.com\/pl\/wp-json\/wp\/v2\/media\/583249"}],"wp:attachment":[{"href":"https:\/\/neuvee.com\/pl\/wp-json\/wp\/v2\/media?parent=582962"}],"wp:term":[{"taxonomy":"product_cat","embeddable":true,"href":"https:\/\/neuvee.com\/pl\/wp-json\/wp\/v2\/product_cat?post=582962"},{"taxonomy":"product_tag","embeddable":true,"href":"https:\/\/neuvee.com\/pl\/wp-json\/wp\/v2\/product_tag?post=582962"}],"curies":[{"name":"wp","href":"https:\/\/api.w.org\/{rel}","templated":true}]}}