{"id":582416,"date":"2023-05-02T11:51:22","date_gmt":"2023-05-02T11:51:22","guid":{"rendered":"https:\/\/neuvee.com\/?post_type=product&#038;p=582416"},"modified":"2025-05-19T14:07:53","modified_gmt":"2025-05-19T14:07:53","slug":"bad-north-jotunn-edition-3","status":"publish","type":"product","link":"https:\/\/neuvee.com\/pl\/product\/bad-north-jotunn-edition-3\/","title":{"rendered":"BAD NORTH: JOTUNN EDITION"},"content":{"rendered":"<p>Tw\u00f3j dom jest atakowany. Kr\u00f3l zgin\u0105\u0142 z&nbsp;r\u0105k wiking\u00f3w. Nadzieja jest nik\u0142a i&nbsp;maleje z&nbsp;ka\u017cd\u0105 chwil\u0105. Wst\u0119pujesz na tron, zast\u0119puj\u0105c swojego ojca. Na twoich barkach spoczywa odpowiedzialno\u015b\u0107 za zorganizowanie obrony. Nie ma miejsca na pomy\u0142ki. To nie jest walka o&nbsp;zwyci\u0119stwo, tylko desperacka pr\u00f3ba przetrwania.<\/p>\n<p>Bad North to urocza, ale brutalna gra taktyczna w czasie rzeczywistym typu roguelite. Bro\u0144 swojego idyllicznego kr\u00f3lestwa na wyspach przed hord\u0105 wiking\u00f3w i&nbsp;pom\u00f3\u017c swojemu ludowi w ucieczce. Dow\u00f3d\u017a swoimi podw\u0142adnymi, wykorzystuj\u0105c przewag\u0119 taktyczn\u0105, kt\u00f3r\u0105 daj\u0105 ci r\u00f3\u017cne kszta\u0142ty wysp. Stawka jest wysoka. Niepowodzenie zako\u0144czy si\u0119 rozlewem krwi twoich podw\u0142adnych.<\/p>\n<p>Jest czaruj\u0105co brutalna \u2013 pi\u0119kne wyspy generowane proceduralnie staj\u0105 si\u0119 sceneri\u0105 dla malutkich rycerzy i&nbsp;krwawych bitew. Kontrolujesz przebieg bitwy, wydaj\u0105c wa\u017cne polecenia swoim \u017co\u0142nierzom, kt\u00f3rzy staraj\u0105 si\u0119 jak najlepiej je wykonywa\u0107 w ferworze walki. Jest przyst\u0119pnie rozbudowana \u2013 proste sterowanie maskuje dynamiczn\u0105 symulacj\u0119 walki. Dzi\u0119ki temu gra nie jest zbyt skomplikowana dla nowych graczy, b\u0119d\u0105c jednocze\u015bnie wyzwaniem dla weteran\u00f3w.<\/p>\n<p>Walczcie dalej, rycerze. Nie dla w\u0142adzy, nie dla bogactwa ani&nbsp;chwa\u0142y, ale \u017ceby raz jeszcze nasta\u0142 pok\u00f3j w nieprzyst\u0119pnej krainie Bad North.<\/p>\n<p>TAKTYKA CZASU RZECZYWISTEGO TYPU ROGUELITE: Ustawiaj i&nbsp;przemieszczaj swoje oddzia\u0142y, by stawi\u0107 czo\u0142a wikingom, kt\u00f3rzy wiedz\u0105, jak odpowiedzie\u0107 na twoje taktyki. Uwa\u017cnie wybieraj bitwy i&nbsp;planuj ewakuacj\u0119! Gdy stracisz dow\u00f3dc\u0119, odejdzie na zawsze; gdy stracisz wszystko \u2013 koniec gry!<\/p>\n<p>INTELIGENTE STEROWANIE JEDNOSTKAMI: Ty wydajesz rozkazy i&nbsp;nadzorujesz pozycje. Twoi \u017co\u0142nierze zrobi\u0105 reszt\u0119, intuicyjnie nawiguj\u0105c i&nbsp;rozpoczynaj\u0105c potyczki w odpowiedzi na dan\u0105 sytuacj\u0119.<\/p>\n<p>PROCEDURALNIE GENEROWANE WYSPY: Ka\u017cda wyspa jest stylistycznie urocza i&nbsp;ma unikalny uk\u0142ad. Zaplanuj swoj\u0105 strategi\u0119, wykorzystuj\u0105c ka\u017cdy skrawek terenu, bo&nbsp;masz tylko jedn\u0105 szans\u0119, by ocali\u0107 ludzi przed inwazj\u0105.<\/p>\n<p>ULEPSZENIA DO ODBLOKOWANIA: Silniejsza, m\u0105drzejsza obrona prowadzi do wi\u0119kszych nagr\u00f3d. U\u017cywaj ich, by przekszta\u0142ci\u0107 swoich podw\u0142adnych z&nbsp;milicji w do\u015bwiadczonych wojownik\u00f3w.<\/p>\n<p><\/p>","protected":false},"excerpt":{"rendered":"<p>Tw\u00f3j dom jest atakowany. Kr\u00f3l zgin\u0105\u0142 z&nbsp;r\u0105k wiking\u00f3w. Nadzieja jest nik\u0142a i&nbsp;maleje z&nbsp;ka\u017cd\u0105 chwil\u0105. Wst\u0119pujesz na tron, zast\u0119puj\u0105c swojego ojca. Na twoich barkach spoczywa odpowiedzialno\u015b\u0107 za zorganizowanie obrony. Nie ma miejsca na pomy\u0142ki. To nie jest walka o&nbsp;zwyci\u0119stwo, tylko desperacka pr\u00f3ba przetrwania. Bad North to urocza, ale brutalna gra taktyczna w czasie rzeczywistym typu roguelite. [&hellip;]<\/p>\n","protected":false},"featured_media":582650,"comment_status":"closed","ping_status":"closed","template":"","meta":{"ub_ctt_via":""},"product_cat":[88,78],"product_tag":[218],"class_list":["post-582416","product","type-product","status-publish","has-post-thumbnail","hentry","product_cat-action","product_cat-simulation","product_tag-games","platform-steam-works"],"_links":{"self":[{"href":"https:\/\/neuvee.com\/pl\/wp-json\/wp\/v2\/product\/582416","targetHints":{"allow":["GET"]}}],"collection":[{"href":"https:\/\/neuvee.com\/pl\/wp-json\/wp\/v2\/product"}],"about":[{"href":"https:\/\/neuvee.com\/pl\/wp-json\/wp\/v2\/types\/product"}],"replies":[{"embeddable":true,"href":"https:\/\/neuvee.com\/pl\/wp-json\/wp\/v2\/comments?post=582416"}],"wp:featuredmedia":[{"embeddable":true,"href":"https:\/\/neuvee.com\/pl\/wp-json\/wp\/v2\/media\/582650"}],"wp:attachment":[{"href":"https:\/\/neuvee.com\/pl\/wp-json\/wp\/v2\/media?parent=582416"}],"wp:term":[{"taxonomy":"product_cat","embeddable":true,"href":"https:\/\/neuvee.com\/pl\/wp-json\/wp\/v2\/product_cat?post=582416"},{"taxonomy":"product_tag","embeddable":true,"href":"https:\/\/neuvee.com\/pl\/wp-json\/wp\/v2\/product_tag?post=582416"}],"curies":[{"name":"wp","href":"https:\/\/api.w.org\/{rel}","templated":true}]}}