{"id":582413,"date":"2023-05-02T11:50:02","date_gmt":"2023-05-02T11:50:02","guid":{"rendered":"https:\/\/neuvee.com\/?post_type=product&#038;p=582413"},"modified":"2025-05-19T13:54:24","modified_gmt":"2025-05-19T13:54:24","slug":"backbone-words","status":"publish","type":"product","link":"https:\/\/neuvee.com\/pl\/product\/backbone-words\/","title":{"rendered":"BACKBONE &#8211; WORDS"},"content":{"rendered":"<p>Pakiet DLC Words zawiera scenariusz Backbone, kt\u00f3ry pozwala pozna\u0107 proces planowania gry opartej w ca\u0142o\u015bci na fabule i&nbsp;zajrze\u0107 za kulisy jej powstawania. Scenariusz przedstawia proces projektowania poziom\u00f3w i&nbsp;pisania scenariusza, zarys fabu\u0142y oraz&nbsp;zasady dzia\u0142ania \u0142amig\u0142\u00f3wek, a&nbsp;tak\u017ce zawiera map\u0119 miasta, kt\u00f3r\u0105 wykorzystano w projektowaniu gry. To \u017cywy dokument, pokryty licznymi bliznami po niemal pi\u0119ciu latach kreatywnej pracy, i&nbsp;stanowi wyj\u0105tkowe \u017ar\u00f3d\u0142o wiedzy i&nbsp;inspiracji dla ka\u017cdego, kogo interesuj\u0105 gry oparte na fabule. <\/p>","protected":false},"excerpt":{"rendered":"<p>Pakiet DLC Words zawiera scenariusz Backbone, kt\u00f3ry pozwala pozna\u0107 proces planowania gry opartej w ca\u0142o\u015bci na fabule i&nbsp;zajrze\u0107 za kulisy jej powstawania. Scenariusz przedstawia proces projektowania poziom\u00f3w i&nbsp;pisania scenariusza, zarys fabu\u0142y oraz&nbsp;zasady dzia\u0142ania \u0142amig\u0142\u00f3wek, a&nbsp;tak\u017ce zawiera map\u0119 miasta, kt\u00f3r\u0105 wykorzystano w projektowaniu gry. To \u017cywy dokument, pokryty licznymi bliznami po niemal pi\u0119ciu latach kreatywnej pracy, [&hellip;]<\/p>\n","protected":false},"featured_media":644094,"comment_status":"closed","ping_status":"closed","template":"","meta":{"ub_ctt_via":""},"product_cat":[127,221],"product_tag":[218],"class_list":["post-582413","product","type-product","status-publish","has-post-thumbnail","hentry","product_cat-adventure","product_cat-indie","product_tag-games","platform-steam-works"],"_links":{"self":[{"href":"https:\/\/neuvee.com\/pl\/wp-json\/wp\/v2\/product\/582413","targetHints":{"allow":["GET"]}}],"collection":[{"href":"https:\/\/neuvee.com\/pl\/wp-json\/wp\/v2\/product"}],"about":[{"href":"https:\/\/neuvee.com\/pl\/wp-json\/wp\/v2\/types\/product"}],"replies":[{"embeddable":true,"href":"https:\/\/neuvee.com\/pl\/wp-json\/wp\/v2\/comments?post=582413"}],"wp:featuredmedia":[{"embeddable":true,"href":"https:\/\/neuvee.com\/pl\/wp-json\/wp\/v2\/media\/644094"}],"wp:attachment":[{"href":"https:\/\/neuvee.com\/pl\/wp-json\/wp\/v2\/media?parent=582413"}],"wp:term":[{"taxonomy":"product_cat","embeddable":true,"href":"https:\/\/neuvee.com\/pl\/wp-json\/wp\/v2\/product_cat?post=582413"},{"taxonomy":"product_tag","embeddable":true,"href":"https:\/\/neuvee.com\/pl\/wp-json\/wp\/v2\/product_tag?post=582413"}],"curies":[{"name":"wp","href":"https:\/\/api.w.org\/{rel}","templated":true}]}}