{"id":582388,"date":"2023-05-02T11:44:48","date_gmt":"2023-05-02T11:44:48","guid":{"rendered":"https:\/\/neuvee.com\/?post_type=product&#038;p=582388"},"modified":"2025-05-19T14:33:47","modified_gmt":"2025-05-19T14:33:47","slug":"backbone-original-soundtrack","status":"publish","type":"product","link":"https:\/\/neuvee.com\/pl\/product\/backbone-original-soundtrack\/","title":{"rendered":"BACKBONE &#8211; ORIGINAL SOUNDTRACK"},"content":{"rendered":"<p>Oryginalna \u015bcie\u017cka d\u017awi\u0119kowa z&nbsp;gry Backbone autorstwa Danshina i&nbsp;Arooj Aftab obejmuje 30 utwor\u00f3w skomponowanych specjalnie na potrzeby Backbone oraz&nbsp;Backbone: Prolog. <\/p>\n<p>Poruszaj\u0105ca wyobra\u017ani\u0119 muzyka stanowi\u0105ca wyj\u0105tkow\u0105 mieszank\u0119 trip hopu i&nbsp;doom jazzu przeniesie ci\u0119 do \u015bwiata antyutopijnego Vancouver i&nbsp;pozwoli wczu\u0107 si\u0119 w prze\u017cycia bohater\u00f3w Backbone. <\/p>\n<p>Inspiracj\u0105 Danshina dla samej gry, jak i&nbsp;jazzowej \u015bcie\u017cki d\u017awi\u0119kowej, by\u0142o przypadkowe spotkanie z&nbsp;szopem na podw\u00f3rku. Po nieudanych pr\u00f3bach przep\u0119dzenia intruza rozmaitymi przedmiotami domowymi zadzia\u0142a\u0142o na niego dopiero g\u0142o\u015bne d\u0119cie w tr\u0105bk\u0119. <\/p>\n<p>Gdy Danshin zacz\u0105\u0142 komponowa\u0107 muzyk\u0119 do Backbone i&nbsp;publikowa\u0107 jej fragmenty w Internecie, otrzyma\u0142 propozycj\u0119 wsp\u00f3\u0142pracy od uznanej eksperymentalistki Arooj Aftab, kt\u00f3ra do\u0142\u0105czy\u0142a do projektu jako kompozytorka i&nbsp;wokalistka. <\/p>","protected":false},"excerpt":{"rendered":"<p>Oryginalna \u015bcie\u017cka d\u017awi\u0119kowa z&nbsp;gry Backbone autorstwa Danshina i&nbsp;Arooj Aftab obejmuje 30 utwor\u00f3w skomponowanych specjalnie na potrzeby Backbone oraz&nbsp;Backbone: Prolog. Poruszaj\u0105ca wyobra\u017ani\u0119 muzyka stanowi\u0105ca wyj\u0105tkow\u0105 mieszank\u0119 trip hopu i&nbsp;doom jazzu przeniesie ci\u0119 do \u015bwiata antyutopijnego Vancouver i&nbsp;pozwoli wczu\u0107 si\u0119 w prze\u017cycia bohater\u00f3w Backbone. Inspiracj\u0105 Danshina dla samej gry, jak i&nbsp;jazzowej \u015bcie\u017cki d\u017awi\u0119kowej, by\u0142o przypadkowe spotkanie z&nbsp;szopem [&hellip;]<\/p>\n","protected":false},"featured_media":582493,"comment_status":"closed","ping_status":"closed","template":"","meta":{"ub_ctt_via":""},"product_cat":[127,221],"product_tag":[218],"class_list":["post-582388","product","type-product","status-publish","has-post-thumbnail","hentry","product_cat-adventure","product_cat-indie","product_tag-games","platform-steam-works"],"_links":{"self":[{"href":"https:\/\/neuvee.com\/pl\/wp-json\/wp\/v2\/product\/582388","targetHints":{"allow":["GET"]}}],"collection":[{"href":"https:\/\/neuvee.com\/pl\/wp-json\/wp\/v2\/product"}],"about":[{"href":"https:\/\/neuvee.com\/pl\/wp-json\/wp\/v2\/types\/product"}],"replies":[{"embeddable":true,"href":"https:\/\/neuvee.com\/pl\/wp-json\/wp\/v2\/comments?post=582388"}],"wp:featuredmedia":[{"embeddable":true,"href":"https:\/\/neuvee.com\/pl\/wp-json\/wp\/v2\/media\/582493"}],"wp:attachment":[{"href":"https:\/\/neuvee.com\/pl\/wp-json\/wp\/v2\/media?parent=582388"}],"wp:term":[{"taxonomy":"product_cat","embeddable":true,"href":"https:\/\/neuvee.com\/pl\/wp-json\/wp\/v2\/product_cat?post=582388"},{"taxonomy":"product_tag","embeddable":true,"href":"https:\/\/neuvee.com\/pl\/wp-json\/wp\/v2\/product_tag?post=582388"}],"curies":[{"name":"wp","href":"https:\/\/api.w.org\/{rel}","templated":true}]}}