{"id":582386,"date":"2023-05-02T11:44:11","date_gmt":"2023-05-02T11:44:11","guid":{"rendered":"https:\/\/neuvee.com\/?post_type=product&#038;p=582386"},"modified":"2025-05-19T13:39:59","modified_gmt":"2025-05-19T13:39:59","slug":"backbone-3","status":"publish","type":"product","link":"https:\/\/neuvee.com\/pl\/product\/backbone-3\/","title":{"rendered":"BACKBONE"},"content":{"rendered":"<p>Stawi\u0107 czo\u0142a najwi\u0119kszemu z\u0142u \u015bwiata \u2013 to nie zadanie dla ka\u017cdego. Potrzeba bystrego umys\u0142u. Heroicznej odwagi. Niepohamowanego pragnienia sprawiedliwo\u015bci.\u202f<\/p>\n<p>A ty pr\u00f3bujesz tylko wi\u0105za\u0107 koniec z&nbsp;ko\u0144cem. <\/p>\n<p>Nie jeste\u015b nikim wyj\u0105tkowym. \u017badnym bohaterem. Przypadkiem znajdujesz si\u0119 w sytuacji, z&nbsp;kt\u00f3rej jedynym wyj\u015bciem jest rozwi\u0105zanie najwi\u0119kszej sprawy w twojej karierze. <\/p>\n<p>A zatem&nbsp;do dzie\u0142a, detektywie. <\/p>\n<p>O BACKBONE<br \/>\nBackbone to fabularna przygod\u00f3wka detektywistyczna w stylu post-noir, w kt\u00f3rej wcielasz si\u0119 w prywatnego detektywa, szopa Howarda Lotora, i&nbsp;eksplorujesz antyutopijn\u0105 wersj\u0119 kanadyjskiego miasta Vancouver w przepi\u0119knej oprawie grafiki pikselowej w wysokiej rozdzielczo\u015bci. <\/p>\n<p>Po latach ma\u0142o znacz\u0105cych \u015bledztw, samotnych wieczor\u00f3w i&nbsp;\u017cycia z&nbsp;pust\u0105 kieszeni\u0105 Howard Lotor musi rozwi\u0105za\u0107 spraw\u0119 inn\u0105 ni\u017c wszystkie. Z pozoru banalna, powoli rozwija si\u0119 w co\u015b nieprawdopodobnie mrocznego i&nbsp;zmusza Howarda do stani\u0119cia przeciwko porz\u0105dkowi w\u0142adzy w opresyjnym re\u017cimie miasta. <\/p>\n<p>ROZGRYWKA<br \/>\nBackbone to nowoczesne podej\u015bcie do przygod\u00f3wek typu \u201ewska\u017c i&nbsp;kliknij\u201d. <\/p>\n<p>Gra zawiera liczne i&nbsp;wielow\u0105tkowe dialogi z&nbsp;postaciami, zainspirowane klasyk\u0105 gatunku cRPG, oraz&nbsp;odkrywanie \u015bwiata gry z&nbsp;elementami skradania si\u0119. <\/p>\n<p>Jako Howard b\u0119dziesz:<br \/>\n&#8211; nawi\u0105zywa\u0107 znajomo\u015bci z&nbsp;rozmaitymi postaciami w pogoni za prawd\u0105,<br \/>\n&#8211; przemierza\u0107 dzielnice odci\u0119tego murem od \u015bwiata Vancouver,<br \/>\n&#8211; zbiera\u0107 dowody i&nbsp;wskaz\u00f3wki,<br \/>\n&#8211; rozwi\u0105zywa\u0107 \u0142amig\u0142\u00f3wki i&nbsp;ukradkiem dociera\u0107 do cel\u00f3w,<br \/>\n&#8211; a&nbsp;to wszystko jako szop! <\/p>\n<p>Dystopijny \u015bwiat post-noir<br \/>\nVancouver w wydaniu Backbone to niebezpieczne i&nbsp;ponure miejsce, jednak&nbsp;nie ca\u0142kowicie pozbawione nadziei. W tym zimnym i&nbsp;egzystencjalistycznym \u015bwiecie szczere relacje s\u0105 niezwykle cenne. Tutaj ka\u017cdy chce zmieni\u0107 \u015bwiat, cho\u0107 niekoniecznie na lepsze. <\/p>\n<p>Pi\u0119kna grafika<br \/>\nMiasto wygl\u0105da jak \u017cywe dzi\u0119ki po\u0142\u0105czeniu grafiki pikselowej w wysokiej rozdzielczo\u015bci oraz&nbsp;tr\u00f3jwymiarowych efekt\u00f3w \u015bwietlnych, padaj\u0105cego deszczu, mg\u0142y wolumetrycznej i&nbsp;neonowych \u015bwiate\u0142. <\/p>\n<p>Poruszaj\u0105ca wyobra\u017ani\u0119 \u015bcie\u017cka d\u017awi\u0119kowa, kt\u00f3rej nie da si\u0119 zapomnie\u0107<br \/>\nOryginalna \u015bcie\u017cka d\u017awi\u0119kowa autorstwa Danshina i&nbsp;Arooj Aftab w mistrzowskim stylu tworzy zachwycaj\u0105cy i&nbsp;nastrojowy filmowy pejza\u017c d\u017awi\u0119kowy. To dystopiczny doom jazz, jakiego nie us\u0142yszysz nigdzie indziej.<\/p>","protected":false},"excerpt":{"rendered":"<p>Stawi\u0107 czo\u0142a najwi\u0119kszemu z\u0142u \u015bwiata \u2013 to nie zadanie dla ka\u017cdego. Potrzeba bystrego umys\u0142u. Heroicznej odwagi. Niepohamowanego pragnienia sprawiedliwo\u015bci.\u202f A ty pr\u00f3bujesz tylko wi\u0105za\u0107 koniec z&nbsp;ko\u0144cem. Nie jeste\u015b nikim wyj\u0105tkowym. \u017badnym bohaterem. Przypadkiem znajdujesz si\u0119 w sytuacji, z&nbsp;kt\u00f3rej jedynym wyj\u015bciem jest rozwi\u0105zanie najwi\u0119kszej sprawy w twojej karierze. A zatem&nbsp;do dzie\u0142a, detektywie. O BACKBONE Backbone to [&hellip;]<\/p>\n","protected":false},"featured_media":582464,"comment_status":"closed","ping_status":"closed","template":"","meta":{"ub_ctt_via":""},"product_cat":[127,221],"product_tag":[218],"class_list":["post-582386","product","type-product","status-publish","has-post-thumbnail","hentry","product_cat-adventure","product_cat-indie","product_tag-games","platform-steam-works"],"_links":{"self":[{"href":"https:\/\/neuvee.com\/pl\/wp-json\/wp\/v2\/product\/582386","targetHints":{"allow":["GET"]}}],"collection":[{"href":"https:\/\/neuvee.com\/pl\/wp-json\/wp\/v2\/product"}],"about":[{"href":"https:\/\/neuvee.com\/pl\/wp-json\/wp\/v2\/types\/product"}],"replies":[{"embeddable":true,"href":"https:\/\/neuvee.com\/pl\/wp-json\/wp\/v2\/comments?post=582386"}],"wp:featuredmedia":[{"embeddable":true,"href":"https:\/\/neuvee.com\/pl\/wp-json\/wp\/v2\/media\/582464"}],"wp:attachment":[{"href":"https:\/\/neuvee.com\/pl\/wp-json\/wp\/v2\/media?parent=582386"}],"wp:term":[{"taxonomy":"product_cat","embeddable":true,"href":"https:\/\/neuvee.com\/pl\/wp-json\/wp\/v2\/product_cat?post=582386"},{"taxonomy":"product_tag","embeddable":true,"href":"https:\/\/neuvee.com\/pl\/wp-json\/wp\/v2\/product_tag?post=582386"}],"curies":[{"name":"wp","href":"https:\/\/api.w.org\/{rel}","templated":true}]}}