{"id":581489,"date":"2023-04-24T21:43:54","date_gmt":"2023-04-24T21:43:54","guid":{"rendered":"https:\/\/neuvee.com\/?post_type=product&#038;p=581489"},"modified":"2025-05-19T14:21:16","modified_gmt":"2025-05-19T14:21:16","slug":"asian-food-cart-tycoon","status":"publish","type":"product","link":"https:\/\/neuvee.com\/pl\/product\/asian-food-cart-tycoon\/","title":{"rendered":"ASIAN FOOD CART TYCOON"},"content":{"rendered":"<p>Sate (Satay) to najpopularniejsze jedzenie w Indonezji i&nbsp;niekt\u00f3rych krajach Azji. W tej grze zbudujesz biznes od podstaw, aby odnie\u015b\u0107 sukces!<br \/>\nUlepszaj swoje zaplecze biznesowe, reklamuj swoj\u0105 firm\u0119, spotykaj si\u0119 z&nbsp;r\u00f3\u017cnymi rodzajami klient\u00f3w w dzie\u0144 lub&nbsp;w nocy i&nbsp;wykonuj dost\u0119pne codzienne misje.<\/p>\n<p>Cechy:<\/p>\n<p>&#8211; Zarz\u0105dzaj i&nbsp;rozwijaj sw\u00f3j biznes satay<\/p>\n<p>&#8211; Ulepsz swoje obiekty<\/p>\n<p>&#8211; Wiele postaci<\/p>\n<p>&#8211; Zareklamuj swoj\u0105 firm\u0119<\/p>\n<p>&#8211; Misje dzienne<\/p>\n<p>&#8211; Poznaj VIP-a!<\/p>\n<p>&#8211; Zbierz kilka zrzut\u00f3w<\/p>\n<p>&#8211; Cykl dnia i&nbsp;nocy<\/p>\n<p>A co najwa\u017cniejsze, zbieraj pieni\u0105dze i&nbsp;uczy\u0144 sw\u00f3j biznes satay najlepszym na \u015bwiecie!<\/p>\n<p><\/p>","protected":false},"excerpt":{"rendered":"<p>Sate (Satay) to najpopularniejsze jedzenie w Indonezji i&nbsp;niekt\u00f3rych krajach Azji. W tej grze zbudujesz biznes od podstaw, aby odnie\u015b\u0107 sukces! Ulepszaj swoje zaplecze biznesowe, reklamuj swoj\u0105 firm\u0119, spotykaj si\u0119 z&nbsp;r\u00f3\u017cnymi rodzajami klient\u00f3w w dzie\u0144 lub&nbsp;w nocy i&nbsp;wykonuj dost\u0119pne codzienne misje. Cechy: &#8211; Zarz\u0105dzaj i&nbsp;rozwijaj sw\u00f3j biznes satay &#8211; Ulepsz swoje obiekty &#8211; Wiele postaci &#8211; [&hellip;]<\/p>\n","protected":false},"featured_media":581492,"comment_status":"closed","ping_status":"closed","template":"","meta":{"ub_ctt_via":""},"product_cat":[223,78,222],"product_tag":[218],"class_list":["post-581489","product","type-product","status-publish","has-post-thumbnail","hentry","product_cat-casual","product_cat-simulation","product_cat-strategy","product_tag-games","platform-steam-works"],"_links":{"self":[{"href":"https:\/\/neuvee.com\/pl\/wp-json\/wp\/v2\/product\/581489","targetHints":{"allow":["GET"]}}],"collection":[{"href":"https:\/\/neuvee.com\/pl\/wp-json\/wp\/v2\/product"}],"about":[{"href":"https:\/\/neuvee.com\/pl\/wp-json\/wp\/v2\/types\/product"}],"replies":[{"embeddable":true,"href":"https:\/\/neuvee.com\/pl\/wp-json\/wp\/v2\/comments?post=581489"}],"wp:featuredmedia":[{"embeddable":true,"href":"https:\/\/neuvee.com\/pl\/wp-json\/wp\/v2\/media\/581492"}],"wp:attachment":[{"href":"https:\/\/neuvee.com\/pl\/wp-json\/wp\/v2\/media?parent=581489"}],"wp:term":[{"taxonomy":"product_cat","embeddable":true,"href":"https:\/\/neuvee.com\/pl\/wp-json\/wp\/v2\/product_cat?post=581489"},{"taxonomy":"product_tag","embeddable":true,"href":"https:\/\/neuvee.com\/pl\/wp-json\/wp\/v2\/product_tag?post=581489"}],"curies":[{"name":"wp","href":"https:\/\/api.w.org\/{rel}","templated":true}]}}