{"id":581348,"date":"2023-04-24T21:36:09","date_gmt":"2023-04-24T21:36:09","guid":{"rendered":"https:\/\/neuvee.com\/?post_type=product&#038;p=581348"},"modified":"2025-05-19T13:52:16","modified_gmt":"2025-05-19T13:52:16","slug":"ashen-5","status":"publish","type":"product","link":"https:\/\/neuvee.com\/pl\/product\/ashen-5\/","title":{"rendered":"ASHEN"},"content":{"rendered":"<p>Ashen to osadzona w otwartym \u015bwiecie i&nbsp;umo\u017cliwiaj\u0105ca wsp\u00f3\u0142prac\u0119 gra RPG opowiadaj\u0105ca o&nbsp;losach w\u0119drowca poszukuj\u0105cego miejsca, kt\u00f3re m\u00f3g\u0142by nazwa\u0107 domem.<\/p>\n<p>Tryb pasywnej wsp\u00f3\u0142pracy<br \/>\nPodr\u00f3\u017cuj\u0105c przez rozleg\u0142y \u015bwiat Ashen, napotkasz na swej drodze innych graczy w spos\u00f3b przywodz\u0105cy na my\u015bl pasywn\u0105 rozgrywk\u0119 wieloosobow\u0105 z&nbsp;gry Journey. Zadecyduj o&nbsp;tym, co nast\u0105pi dalej \u2013stawcie wsp\u00f3lnie czo\u0142a z\u0142u, zapro\u015b ich do swojej dru\u017cyny lub&nbsp;po prostu zignoruj ich i&nbsp;id\u017a w swoj\u0105 stron\u0119.<\/p>\n<p>Rozgrywka w stylu Souls (z haczykiem)<br \/>\nRozgrywka w Ashen wierna jest grom typu \u201csouls\u201d, gdzie walka opiera si\u0119 na umiej\u0119tnym operowaniu wytrzyma\u0142o\u015bci\u0105, za\u015b&nbsp;gracze maj\u0105 za zadanie eskploracj\u0119 tyle niebezpiecznego, co satysfakcjonuj\u0105co rozleg\u0142ego \u015bwiata. Tkwi w tym jednak&nbsp;pewien haczyk \u2013 ka\u017cda rozgrywka jest jedyna w swoim rodzaju. Niewa\u017cne, czy przedzierasz si\u0119 przez ponure trz\u0119sawiska, badasz zapomniany fiord czy \u0142upisz staro\u017cytny pa\u0142ac \u2013 to, gdzie jeste\u015b w danym momencie, dramatycznie wp\u0142ywa na dalszy ci\u0105g twojej przygody. Ten \u015bwiat jest wielki i&nbsp;brutalny, a&nbsp;ty jedynie w nim \u017cyjesz.<\/p>\n<p>Stworzenia + Walka<br \/>\n\u015awiat Ashen pe\u0142en jest niebezpiecze\u0144stw \u2013 od dzikich stworze\u0144 po agresywnych przeciwk\u00f3w. Obserwuj uwa\u017cnie otaczaj\u0105cy ci\u0119 \u015bwiat i&nbsp;jego mieszka\u0144c\u00f3w oraz&nbsp;ostro\u017cnie planuj swoje kroki, a&nbsp;nie min\u0105 ci\u0119 nagrody. Tutejsza fauna i&nbsp;flora jest nie tylko intryguj\u0105ca, ale i&nbsp;nierzadko zab\u00f3jcza. Ka\u017cda konfrontacja \u2013 niewa\u017cne, jak z&nbsp;pozoru b\u0142aha \u2013 mo\u017ce wi\u0105za\u0107 si\u0119 z&nbsp;powa\u017cnymi konsekwencjami.<\/p>\n<p>Rzemios\u0142o to podstawa<br \/>\nW miar\u0119, jak spotyka\u0107 b\u0119dziesz kolejnych ocala\u0142ych, zyskasz mo\u017cliwo\u015b\u0107 zapraszania ich do swojej osady. Zwa\u017c, \u017ce nie masz tu do czynienia ze zwyk\u0142ymi poszukiwaczami przyg\u00f3d \u2013 to potencjalni wsp\u00f3\u0142pracownicy specjalizuj\u0105cy si\u0119 w szeregu umiej\u0119tno\u015bci, jak kowalstwo czy zbieractwo.<\/p>\n<p>Fabu\u0142a + \u015acie\u017cka d\u017awi\u0119kowa<br \/>\nStudio A44 nawi\u0105za\u0142o \u015bcis\u0142\u0105 wsp\u00f3\u0142prac\u0119 z&nbsp;uznanym autorem powie\u015bci fantasy, Markiem Lawrencem (trylogia The Broken Empire) oraz&nbsp;zespo\u0142em muzycznym Foreign Fields w celu stworzenia niepowtarzalnej narracji i&nbsp;ud\u017awi\u0119kowienia na najwy\u017cszym poziomie.<\/p>\n<p><\/p>","protected":false},"excerpt":{"rendered":"<p>Ashen to osadzona w otwartym \u015bwiecie i&nbsp;umo\u017cliwiaj\u0105ca wsp\u00f3\u0142prac\u0119 gra RPG opowiadaj\u0105ca o&nbsp;losach w\u0119drowca poszukuj\u0105cego miejsca, kt\u00f3re m\u00f3g\u0142by nazwa\u0107 domem. Tryb pasywnej wsp\u00f3\u0142pracy Podr\u00f3\u017cuj\u0105c przez rozleg\u0142y \u015bwiat Ashen, napotkasz na swej drodze innych graczy w spos\u00f3b przywodz\u0105cy na my\u015bl pasywn\u0105 rozgrywk\u0119 wieloosobow\u0105 z&nbsp;gry Journey. Zadecyduj o&nbsp;tym, co nast\u0105pi dalej \u2013stawcie wsp\u00f3lnie czo\u0142a z\u0142u, zapro\u015b ich do [&hellip;]<\/p>\n","protected":false},"featured_media":581463,"comment_status":"closed","ping_status":"closed","template":"","meta":{"ub_ctt_via":""},"product_cat":[227,225],"product_tag":[218],"class_list":["post-581348","product","type-product","status-publish","has-post-thumbnail","hentry","product_cat-action-adventure","product_cat-role-playing","product_tag-games","platform-steam-works"],"_links":{"self":[{"href":"https:\/\/neuvee.com\/pl\/wp-json\/wp\/v2\/product\/581348","targetHints":{"allow":["GET"]}}],"collection":[{"href":"https:\/\/neuvee.com\/pl\/wp-json\/wp\/v2\/product"}],"about":[{"href":"https:\/\/neuvee.com\/pl\/wp-json\/wp\/v2\/types\/product"}],"replies":[{"embeddable":true,"href":"https:\/\/neuvee.com\/pl\/wp-json\/wp\/v2\/comments?post=581348"}],"wp:featuredmedia":[{"embeddable":true,"href":"https:\/\/neuvee.com\/pl\/wp-json\/wp\/v2\/media\/581463"}],"wp:attachment":[{"href":"https:\/\/neuvee.com\/pl\/wp-json\/wp\/v2\/media?parent=581348"}],"wp:term":[{"taxonomy":"product_cat","embeddable":true,"href":"https:\/\/neuvee.com\/pl\/wp-json\/wp\/v2\/product_cat?post=581348"},{"taxonomy":"product_tag","embeddable":true,"href":"https:\/\/neuvee.com\/pl\/wp-json\/wp\/v2\/product_tag?post=581348"}],"curies":[{"name":"wp","href":"https:\/\/api.w.org\/{rel}","templated":true}]}}