{"id":580922,"date":"2023-04-21T16:02:55","date_gmt":"2023-04-21T16:02:55","guid":{"rendered":"https:\/\/neuvee.com\/?post_type=product&#038;p=580922"},"modified":"2025-05-19T14:08:10","modified_gmt":"2025-05-19T14:08:10","slug":"against-the-storm-early-access-2","status":"publish","type":"product","link":"https:\/\/neuvee.com\/pl\/product\/against-the-storm-early-access-2\/","title":{"rendered":"AGAINST THE STORM &#8211; EARLY ACCESS"},"content":{"rendered":"<p>Jeste\u015b namiestnikiem \u2013 przyw\u00f3dc\u0105, kt\u00f3remu Spopielona Kr\u00f3lowa nakaza\u0142a odbi\u0107 dzicz i&nbsp;odkry\u0107 utracone skarby Gorej\u0105cego Miasta, ostatniego bastionu ludzko\u015bci w starciu z&nbsp;nawa\u0142nic\u0105, kt\u00f3ra zniszczy\u0142a stary \u015bwiat. W przeciwie\u0144stwie do innych gier o&nbsp;podobnej tematyce, kt\u00f3re skupiaj\u0105 si\u0119 na rozwoju jednego miasta, Against the Storm zmusza do budowy ogromnej, dobrze dzia\u0142aj\u0105cej sieci osad zamieszka\u0142ej przez zr\u00f3\u017cnicowane fantastyczne rasy, z&nbsp;kt\u00f3rych ka\u017cda ma swoje specjalizacje i&nbsp;potrzeby.<\/p>\n<p>Jednak\u017ce w dziczy skrywa si\u0119 wiele zagro\u017ce\u0144, a&nbsp;nieko\u0144cz\u0105ce si\u0119 burze b\u0119d\u0105 n\u0119ka\u0142y twoj\u0105 populacj\u0119. Je\u015bli twoje osady upadn\u0105, ekspedycja mo\u017ce si\u0119 zako\u0144czy\u0107 \u2013 ale gra b\u0119dzie trwa\u0142a nadal. Against the Storm to gra o&nbsp;budowaniu miast w stylu roguelite, co oznacza, \u017ce ka\u017cda kolejna ekspedycja b\u0119dzie bogatsza o&nbsp;zasoby, ulepszenia i&nbsp;do\u015bwiadczenie swojej poprzedniczki.<\/p>\n<p>ZARZ\u0104DZAJ ZR\u00d3\u017bNICOWAN\u0104 POPULACJ\u0104 MIESZKA\u0143C\u00d3W<br \/>\nBobry i&nbsp;jaszczury walcz\u0105 o&nbsp;przetrwanie u boku ludzi i&nbsp;harpii. Wykorzystuj mocne strony ka\u017cdej rasy, aby zaspokaja\u0107 r\u00f3\u017cne potrzeby, takie jak zakwaterowanie, preferencje kulinarne, dobra luksusowe czy rozrywka. Wytwarzaj odzie\u017c przeciwdeszczow\u0105, warz piwo i&nbsp;piecz ciasta, aby zwi\u0119ksza\u0107 morale mieszka\u0144c\u00f3w w trudnych i&nbsp;niebezpiecznych le\u015bnych warunkach.<\/p>\n<p>BUDOWANIE MIASTA ZABARWIONE ROGUELITE<br \/>\nPodstawow\u0105 rozgrywk\u0119 opart\u0105 o&nbsp;budowanie miasta urozmaica mechanika roguelite, dzi\u0119ki kt\u00f3rej gra ca\u0142y czas stawia przed tob\u0105 nowe wyzwania. Buduj kolejne osady i&nbsp;zbieraj zasoby potrzebne do permanentnego ulepszania Gorej\u0105cego Miasta. Powracaj\u0105ce nawa\u0142nice stanowi\u0105 nieuniknione zagro\u017cenie dla twoich grod\u00f3w, ale zmieniaj\u0105 te\u017c kszta\u0142t \u015bwiata, co zapewnia nowe mo\u017cliwo\u015bci rozwoju.<\/p>\n<p>KA\u017bDA ROZGRYWKA JEST INNA<br \/>\nDzi\u0119ki setkom modyfikator\u00f3w rozgrywki i&nbsp;5 zr\u00f3\u017cnicowanym biomom ka\u017cde miasto zapewnia wyj\u0105tkowe wyzwania, kt\u00f3re zaskocz\u0105 nawet najzaradniejszego namiestnika. Dostosowuj swoj\u0105 strategi\u0119 do zmieniaj\u0105cych si\u0119 warunk\u00f3w i&nbsp;eksperymentuj ze schematami budynk\u00f3w oraz&nbsp;atut\u00f3w, kt\u00f3re pomog\u0105 twojemu spo\u0142ecze\u0144stwu rozkwitn\u0105\u0107 \u2013 lub&nbsp;obr\u00f3c\u0105 je w ruin\u0119. Odpowiednio \u0142\u0105cz ze sob\u0105 dost\u0119pne zasoby, aby jak najlepiej je wykorzysta\u0107. Nigdy nie wiadomo, jakie towary przywiezie handlarz w przysz\u0142ym roku. Co wi\u0119cej, las skrywa skarby, zasoby\u2026 i&nbsp;prastare niebezpiecze\u0144stwa.<\/p>\n<p>BUDUJ NIEZLICZONE MIASTA<br \/>\nUk\u0142adanie fundament\u00f3w pod now\u0105 osad\u0119 to jeden z&nbsp;najbardziej ekscytuj\u0105cych moment\u00f3w w grach o&nbsp;budowaniu miast. W Against the Storm b\u0119dziesz tworzy\u0107 kolejne nowe grody, jednocze\u015bnie wchodz\u0105c w interakcje i&nbsp;handluj\u0105c z&nbsp;miastami za\u0142o\u017conymi wcze\u015bniej w stale rozwijaj\u0105cym si\u0119 \u015bwiecie. Jak efektywne b\u0119dzie ka\u017cde z&nbsp;miast, nim nadejdzie burza\u2026 lub&nbsp;wyczerpie si\u0119 cierpliwo\u015b\u0107 kr\u00f3lowej?<\/p>\n<p>Dlaczego wczesny dost\u0119p?<br \/>\nAgainst the Storm to rozbudowana gra o&nbsp;wznoszeniu miast inspirowana wieloma innymi gatunkami. Zesp\u00f3\u0142, kt\u00f3ry j\u0105 tworzy, od dawna wsp\u00f3\u0142pracuje z&nbsp;graczami, bior\u0105c pod uwag\u0119 ich sugestie i&nbsp;dodaj\u0105c je do produkcji. Uwa\u017camy, \u017ce dzi\u0119ki d\u0142ugotrwa\u0142emu wsparciu nasza gra mo\u017ce sta\u0107 si\u0119 tylko lepsza i&nbsp;pe\u0142niejsza, a&nbsp;wczesny dost\u0119p to \u015bwietny spos\u00f3b na zapewnienie graczom mo\u017cliwo\u015bci uczestnictwa w tworzeniu tego tytu\u0142u.<\/p>\n<p>Mniej wi\u0119cej jak d\u0142ugo gra b\u0119dzie w fazie wczesnego dost\u0119pu?<br \/>\nAgainst the Storm b\u0119dzie si\u0119 znajdowa\u0142o we wczesnym dost\u0119pie przez przynajmniej p\u00f3\u0142 roku, cho\u0107 ten czas mo\u017ce si\u0119 wyd\u0142u\u017cy\u0107 zale\u017cnie od sugestii graczy.<\/p>\n<p>Czym r\u00f3\u017cni si\u0119 zaplanowana pe\u0142na wersja od tej z&nbsp;wczesnego dost\u0119pu?<br \/>\nPlanujemy, aby pe\u0142na wersja Against the Storm zawiera\u0142a w funkcje sugerowane przez spo\u0142eczno\u015b\u0107. Obecnie zamierzamy doda\u0107 pi\u0105t\u0105 grywaln\u0105 ras\u0119 oraz&nbsp;nowe wydarzenia, atuty, budynki, modyfikatory i&nbsp;rozkazy.<\/p>\n<p>Jaki jest obecny stan wersji z&nbsp;wczesnego dost\u0119pu?<br \/>\nAgainst the Storm jest obecnie uko\u0144czon\u0105 i&nbsp;w pe\u0142ni grywaln\u0105 produkcj\u0105 zawieraj\u0105c\u0105 wszystko, co jest opisane na stronie Steam. Gracz mo\u017ce budowa\u0107 miasta, zbiera\u0107 zasoby, prowadzi\u0107 r\u00f3\u017cnorodne fantastyczne rasy, napotyka\u0107 potwory i&nbsp;cieszy\u0107 si\u0119 naszym tytu\u0142em w pe\u0142ni. Po prostu chcemy doda\u0107 o&nbsp;wiele wi\u0119cej!<\/p>\n<p>Czy cena gry ulegnie zmianie podczas i&nbsp;po wczesnym dost\u0119pie?<br \/>\nCena prawdopodobnie wzro\u015bnie w trakcie wczesnego dost\u0119pu w miar\u0119 dodawania nowej zawarto\u015bci.<\/p>\n<p>Jak zamierzacie w\u0142\u0105czy\u0107 spo\u0142eczno\u015b\u0107 w wasz proces tworzenia?<br \/>\nUwielbiamy wsp\u00f3\u0142pracowa\u0107 ze spo\u0142eczno\u015bci\u0105! Jeste\u015bmy bardzo aktywni na serwerze Discord i&nbsp;forach Steam, mamy osobne dzia\u0142y po\u015bwi\u0119cone pomys\u0142om na nowe elementy gry i&nbsp;zg\u0142aszanie b\u0142\u0119d\u00f3w. Organizujemy r\u00f3wnie\u017c g\u0142osowania i&nbsp;burze m\u00f3zg\u00f3w, kt\u00f3re pomagaj\u0105 nam podejmowa\u0107 decyzje dotycz\u0105ce rozwoju gry. Nie mo\u017cemy si\u0119 doczeka\u0107, aby us\u0142ysze\u0107 twoj\u0105 opini\u0119 o&nbsp;grze!<\/p>\n<p><\/p>","protected":false},"excerpt":{"rendered":"<p>Jeste\u015b namiestnikiem \u2013 przyw\u00f3dc\u0105, kt\u00f3remu Spopielona Kr\u00f3lowa nakaza\u0142a odbi\u0107 dzicz i&nbsp;odkry\u0107 utracone skarby Gorej\u0105cego Miasta, ostatniego bastionu ludzko\u015bci w starciu z&nbsp;nawa\u0142nic\u0105, kt\u00f3ra zniszczy\u0142a stary \u015bwiat. W przeciwie\u0144stwie do innych gier o&nbsp;podobnej tematyce, kt\u00f3re skupiaj\u0105 si\u0119 na rozwoju jednego miasta, Against the Storm zmusza do budowy ogromnej, dobrze dzia\u0142aj\u0105cej sieci osad zamieszka\u0142ej przez zr\u00f3\u017cnicowane fantastyczne rasy, [&hellip;]<\/p>\n","protected":false},"featured_media":581026,"comment_status":"closed","ping_status":"closed","template":"","meta":{"ub_ctt_via":""},"product_cat":[230,229,231,78,222],"product_tag":[218],"class_list":["post-580922","product","type-product","status-publish","has-post-thumbnail","hentry","product_cat-city-builder","product_cat-early-access","product_cat-roguelite","product_cat-simulation","product_cat-strategy","product_tag-games","platform-steam-works"],"_links":{"self":[{"href":"https:\/\/neuvee.com\/pl\/wp-json\/wp\/v2\/product\/580922","targetHints":{"allow":["GET"]}}],"collection":[{"href":"https:\/\/neuvee.com\/pl\/wp-json\/wp\/v2\/product"}],"about":[{"href":"https:\/\/neuvee.com\/pl\/wp-json\/wp\/v2\/types\/product"}],"replies":[{"embeddable":true,"href":"https:\/\/neuvee.com\/pl\/wp-json\/wp\/v2\/comments?post=580922"}],"wp:featuredmedia":[{"embeddable":true,"href":"https:\/\/neuvee.com\/pl\/wp-json\/wp\/v2\/media\/581026"}],"wp:attachment":[{"href":"https:\/\/neuvee.com\/pl\/wp-json\/wp\/v2\/media?parent=580922"}],"wp:term":[{"taxonomy":"product_cat","embeddable":true,"href":"https:\/\/neuvee.com\/pl\/wp-json\/wp\/v2\/product_cat?post=580922"},{"taxonomy":"product_tag","embeddable":true,"href":"https:\/\/neuvee.com\/pl\/wp-json\/wp\/v2\/product_tag?post=580922"}],"curies":[{"name":"wp","href":"https:\/\/api.w.org\/{rel}","templated":true}]}}