{"id":580755,"date":"2023-04-21T14:21:12","date_gmt":"2023-04-21T14:21:12","guid":{"rendered":"https:\/\/neuvee.com\/?post_type=product&#038;p=580755"},"modified":"2025-05-19T13:41:50","modified_gmt":"2025-05-19T13:41:50","slug":"a-memoir-blue-2","status":"publish","type":"product","link":"https:\/\/neuvee.com\/pl\/product\/a-memoir-blue-2\/","title":{"rendered":"A MEMOIR BLUE"},"content":{"rendered":"<p>Piosenka sprzed lat wywo\u0142uje potok wspomnie\u0144 dla mistrzyni p\u0142ywactwa Miriam. Wyrusz w poruszaj\u0105c\u0105 podr\u00f3\u017c przez jej niespokojne dzieci\u0144stwo i&nbsp;skomplikowane relacje, kt\u00f3re mia\u0142a ze swoj\u0105 oddan\u0105 matk\u0105.<\/p>\n<p>\u201eA Memoir Blue\u201d firmy Cloisters Interactive to interaktywny wiersz o&nbsp;gwie\u017adzie sportu i&nbsp;wszechogarniaj\u0105cej mi\u0142o\u015bci mi\u0119dzy matk\u0105 i&nbsp;c\u00f3rk\u0105. <\/p>\n<p>Wyj\u0105tkowa estetyka \u0142\u0105cz\u0105ca r\u0119cznie rysowane obrazy z&nbsp;grafik\u0105 3D o\u017cywia magiczno-realistyczn\u0105 podr\u00f3\u017c Miriam, kt\u00f3ra nurkuje w g\u0142\u0105b swoich wspomnie\u0144. Seria winiet z&nbsp;rozgrywk\u0105 \u0142\u0105czy po\u015bwi\u0119cenie i&nbsp;cierpienie ze zwyci\u0119stwem i&nbsp;dum\u0105. Miriam odnajduje swoje wewn\u0119trzne dziecko i&nbsp;pog\u0142\u0119bia mi\u0142o\u015b\u0107, kt\u00f3r\u0105 \u0142\u0105czy j\u0105 z&nbsp;matk\u0105.<\/p>\n<p><\/p>","protected":false},"excerpt":{"rendered":"<p>Piosenka sprzed lat wywo\u0142uje potok wspomnie\u0144 dla mistrzyni p\u0142ywactwa Miriam. Wyrusz w poruszaj\u0105c\u0105 podr\u00f3\u017c przez jej niespokojne dzieci\u0144stwo i&nbsp;skomplikowane relacje, kt\u00f3re mia\u0142a ze swoj\u0105 oddan\u0105 matk\u0105. \u201eA Memoir Blue\u201d firmy Cloisters Interactive to interaktywny wiersz o&nbsp;gwie\u017adzie sportu i&nbsp;wszechogarniaj\u0105cej mi\u0142o\u015bci mi\u0119dzy matk\u0105 i&nbsp;c\u00f3rk\u0105. Wyj\u0105tkowa estetyka \u0142\u0105cz\u0105ca r\u0119cznie rysowane obrazy z&nbsp;grafik\u0105 3D o\u017cywia magiczno-realistyczn\u0105 podr\u00f3\u017c Miriam, kt\u00f3ra [&hellip;]<\/p>\n","protected":false},"featured_media":665263,"comment_status":"closed","ping_status":"closed","template":"","meta":{"ub_ctt_via":""},"product_cat":[127,223,221],"product_tag":[218],"class_list":["post-580755","product","type-product","status-publish","has-post-thumbnail","hentry","product_cat-adventure","product_cat-casual","product_cat-indie","product_tag-games","platform-steam-works"],"_links":{"self":[{"href":"https:\/\/neuvee.com\/pl\/wp-json\/wp\/v2\/product\/580755","targetHints":{"allow":["GET"]}}],"collection":[{"href":"https:\/\/neuvee.com\/pl\/wp-json\/wp\/v2\/product"}],"about":[{"href":"https:\/\/neuvee.com\/pl\/wp-json\/wp\/v2\/types\/product"}],"replies":[{"embeddable":true,"href":"https:\/\/neuvee.com\/pl\/wp-json\/wp\/v2\/comments?post=580755"}],"wp:featuredmedia":[{"embeddable":true,"href":"https:\/\/neuvee.com\/pl\/wp-json\/wp\/v2\/media\/665263"}],"wp:attachment":[{"href":"https:\/\/neuvee.com\/pl\/wp-json\/wp\/v2\/media?parent=580755"}],"wp:term":[{"taxonomy":"product_cat","embeddable":true,"href":"https:\/\/neuvee.com\/pl\/wp-json\/wp\/v2\/product_cat?post=580755"},{"taxonomy":"product_tag","embeddable":true,"href":"https:\/\/neuvee.com\/pl\/wp-json\/wp\/v2\/product_tag?post=580755"}],"curies":[{"name":"wp","href":"https:\/\/api.w.org\/{rel}","templated":true}]}}